{"id":976,"date":"2024-04-03T09:37:03","date_gmt":"2024-04-03T09:37:03","guid":{"rendered":"https:\/\/dynarex.de\/?page_id=976"},"modified":"2024-04-03T09:38:23","modified_gmt":"2024-04-03T09:38:23","slug":"zustandsbericht","status":"publish","type":"page","link":"https:\/\/dynarex.de\/de\/zustandsbericht\/","title":{"rendered":"Zustandsbericht und Gutachten bei Leasingr\u00fcckgabe"},"content":{"rendered":"\n<div class=\"wp-block-group alignfull has-custom-4-background-color has-background has-global-padding is-layout-constrained wp-block-group-is-layout-constrained\">\n<h1 class=\"wp-block-heading has-white-color has-text-color has-link-color wp-elements-5886794fc0c4754b8ea3e435911280bc\" id=\"zustandsbericht-und-gutachten-bei-leasingruckgabe\">Zustandsbericht und Gutachten bei Leasingr\u00fcckgabe<\/h1>\n\n\n\n<div class=\"ghostkit-grid ghostkit-grid-gap-md\"><div class=\"ghostkit-grid-inner\">\n<div class=\"ghostkit-col ghostkit-col-lg-12 ghostkit-col-8\"><div class=\"ghostkit-col-content is-layout-flow wp-block-ghostkit-grid-column-is-layout-flow\">\n<p class=\"has-white-color has-text-color has-link-color wp-elements-bf7e98de9d7ed348e3a5a9a481d0d719\">Ein Zustandsbericht ist ein detailliertes Dokument, das den\u00a0<strong>Zustand eines Fahrzeugs zu einem bestimmten Zeitpunkt<\/strong>\u00a0beschreibt. Im Kontext eines Leasingr\u00fcckl\u00e4ufers, also eines Fahrzeugs, das am Ende der Leasingperiode an den Leasinggeber zur\u00fcckgegeben wird, spielt der Zustandsbericht eine entscheidende Rolle.<\/p>\n<\/div><\/div>\n\n\n\n<div class=\"ghostkit-col ghostkit-col-lg-12 ghostkit-col-4 is-layout-flow wp-block-ghostkit-grid-column-is-layout-flow\"><div class=\"ghostkit-col-content\"><\/div><\/div>\n<\/div><\/div>\n<\/div>\n\n\n\n<div class=\"wp-block-group alignfull has-white-background-color has-background has-global-padding is-layout-constrained wp-block-group-is-layout-constrained\">\n<h2 class=\"wp-block-heading\" id=\"was-ist-ein-zustandsbericht\">Was ist ein Zustandsbericht?<\/h2>\n\n\n\n<div class=\"ghostkit-grid ghostkit-grid-gap-md\"><div class=\"ghostkit-grid-inner\">\n<div class=\"ghostkit-col ghostkit-col-lg-12 ghostkit-col-8\"><div class=\"ghostkit-col-content is-layout-flow wp-block-ghostkit-grid-column-is-layout-flow\">\n<h3 class=\"wp-block-heading\" id=\"professionelle-beschreibung-des-fahrzeugzustands\">Professionelle Beschreibung des Fahrzeugzustands<\/h3>\n\n\n\n<p>Der Bericht enth\u00e4lt detaillierte Informationen \u00fcber den \u00e4u\u00dferen und inneren Zustand des Fahrzeugs, einschlie\u00dflich Lack, Karosserie, Innenraum, Motor und alle elektronischen Systeme sowie eventueller Vor- und Altsch\u00e4den. Je nach Erfordernissen wird in der Regel eine Sichtpr\u00fcfung (ohne Demontage von Teilen) durchgef\u00fchrt.<\/p>\n\n\n\n<p><strong>Zustand von:<\/strong><\/p>\n\n\n\n<ul class=\"wp-block-list\">\n<li>Lack (z.B. Kratzer)<\/li>\n\n\n\n<li>Karosserie (z.B. Dellen)<\/li>\n\n\n\n<li>Innenraum<\/li>\n\n\n\n<li>Motor<\/li>\n\n\n\n<li>elektronische Systeme (z.B. technische Defekte)<\/li>\n\n\n\n<li>eventuelle Vor- und Altsch\u00e4den<\/li>\n<\/ul>\n\n\n\n<h3 class=\"wp-block-heading\" id=\"erfassung-von-schaden-und-mangeln\">Erfassung von Sch\u00e4den und M\u00e4ngeln<\/h3>\n\n\n\n<p>Alle Sch\u00e4den oder M\u00e4ngel am Fahrzeug, wie Gebrauchsspuren, Dellen, Kratzer, Risse oder technische Defekte, werden aufgelistet.<\/p>\n\n\n\n<h3 class=\"wp-block-heading\" id=\"bewertung-des-verschlei\u00dfes\">Bewertung des Verschlei\u00dfes<\/h3>\n\n\n\n<p>Der Bericht bewertet den normalen Verschlei\u00df gegen\u00fcber Sch\u00e4den, die \u00fcber das normale Ma\u00df hinausgehen.<\/p>\n\n\n\n<h3 class=\"wp-block-heading\" id=\"fotodokumentation\">Fotodokumentation<\/h3>\n\n\n\n<p>Mit der\u00a0<a href=\"https:\/\/dynarex.de\/de\/\">DYNAREX Gutachter Software<\/a>\u00a0k\u00f6nnen dem Zustandsbericht Fotos beigef\u00fcgt werden. Diese dienen der Dokumentation zum Fahrzeug allgemein, des Zubeh\u00f6rs, der Dokumente, des Kilometerstandes, eventueller Fehleranzeigen, Gebrauchsspuren und Besch\u00e4digungen.<\/p>\n<\/div><\/div>\n\n\n\n<div class=\"ghostkit-col ghostkit-col-lg-12 ghostkit-col-4 is-layout-flow wp-block-ghostkit-grid-column-is-layout-flow\"><div class=\"ghostkit-col-content\"><\/div><\/div>\n<\/div><\/div>\n<\/div>\n\n\n\n<div class=\"wp-block-group alignfull has-custom-5-background-color has-background has-global-padding is-layout-constrained wp-block-group-is-layout-constrained\">\n<h2 class=\"wp-block-heading\" id=\"wichtig-bei-leasing-ruckgabe-gutachten\">Wichtig bei Leasing-R\u00fcckgabe Gutachten<\/h2>\n\n\n\n<div class=\"ghostkit-grid ghostkit-grid-gap-md\"><div class=\"ghostkit-grid-inner\">\n<div class=\"ghostkit-col ghostkit-col-lg-12 ghostkit-col-8\"><div class=\"ghostkit-col-content is-layout-flow wp-block-ghostkit-grid-column-is-layout-flow\">\n<h3 class=\"wp-block-heading\" id=\"vorbereitung-der-ruckgabe-und-vermeidung-von-kosten\">Vorbereitung der R\u00fcckgabe und Vermeidung von Kosten<\/h3>\n\n\n\n<p>Vor der R\u00fcckgabe des Leasingfahrzeugs sollte eine gr\u00fcndliche Inspektion durchgef\u00fchrt werden, um festzustellen, ob Reparaturen erforderlich sind. Sie vermeiden zus\u00e4tzliche Kosten, wenn Sch\u00e4den, die \u00fcber den normalen Verschlei\u00df hinausgehen, vor der R\u00fcckgabe behoben werden.<\/p>\n\n\n\n<h3 class=\"wp-block-heading\" id=\"kenntnis-der-leasingbedingungen\">Kenntnis der Leasingbedingungen<\/h3>\n\n\n\n<p>Es ist wichtig, die spezifischen Bedingungen des Leasingvertrags zu kennen, insbesondere in Bezug auf zul\u00e4ssige Verschlei\u00dfgrenzen und m\u00f6gliche Zusatzkosten.<\/p>\n\n\n\n<h3 class=\"wp-block-heading\" id=\"professionelles-leasing-ruckgabe-gutachten\">Professionelles Leasing-R\u00fcckgabe Gutachten<\/h3>\n\n\n\n<p>Die professionelle Begutachtung des Fahrzeugs von einem unabh\u00e4ngigen KFZ Sachverst\u00e4ndigen vor der R\u00fcckgabe, kann insbesondere aber nicht nur bei Leasing- und Flottenfahrzeugen zur Kostenvermeidung sinnvoll sein.<\/p>\n\n\n\n<p>Es ist ratsam, bei der R\u00fcckgabe des Fahrzeugs pers\u00f6nlich anwesend zu sein, um den Zustandsbericht gemeinsam mit dem KFZ-Sachverst\u00e4ndigen durchzugehen.<\/p>\n\n\n\n<p>Durch einen sorgf\u00e4ltigen Umgang mit dem Fahrzeug w\u00e4hrend der Leasingzeit einschlie\u00dflich aller durchgef\u00fchrten Inspektionen und eine gr\u00fcndliche Vorbereitung auf die R\u00fcckgabe kann man zus\u00e4tzliche Kosten vermeiden und den Prozess reibungslos gestalten.<\/p>\n<\/div><\/div>\n\n\n\n<div class=\"ghostkit-col ghostkit-col-lg-12 ghostkit-col-4 is-layout-flow wp-block-ghostkit-grid-column-is-layout-flow\"><div class=\"ghostkit-col-content\"><\/div><\/div>\n<\/div><\/div>\n<\/div>\n","protected":false},"excerpt":{"rendered":"<p>Zustandsbericht und Gutachten bei Leasingr\u00fcckgabe Ein Zustandsbericht ist ein detailliertes Dokument, das den\u00a0Zustand eines Fahrzeugs zu einem bestimmten Zeitpunkt\u00a0beschreibt. Im Kontext eines Leasingr\u00fcckl\u00e4ufers, also eines Fahrzeugs, das am Ende der Leasingperiode an den Leasinggeber zur\u00fcckgegeben wird, spielt der Zustandsbericht eine entscheidende Rolle. Was ist ein Zustandsbericht? Professionelle Beschreibung des Fahrzeugzustands Der Bericht enth\u00e4lt detaillierte Informationen [&hellip;]<\/p>\n","protected":false},"author":7,"featured_media":0,"parent":0,"menu_order":0,"comment_status":"closed","ping_status":"closed","template":"","meta":{"ghostkit_customizer_options":"","ghostkit_custom_css":"","ghostkit_custom_js_head":"","ghostkit_custom_js_foot":"","ghostkit_typography":"","footnotes":""},"class_list":["post-976","page","type-page","status-publish","hentry"],"_links":{"self":[{"href":"https:\/\/dynarex.de\/de\/wp-json\/wp\/v2\/pages\/976","targetHints":{"allow":["GET"]}}],"collection":[{"href":"https:\/\/dynarex.de\/de\/wp-json\/wp\/v2\/pages"}],"about":[{"href":"https:\/\/dynarex.de\/de\/wp-json\/wp\/v2\/types\/page"}],"author":[{"embeddable":true,"href":"https:\/\/dynarex.de\/de\/wp-json\/wp\/v2\/users\/7"}],"replies":[{"embeddable":true,"href":"https:\/\/dynarex.de\/de\/wp-json\/wp\/v2\/comments?post=976"}],"version-history":[{"count":4,"href":"https:\/\/dynarex.de\/de\/wp-json\/wp\/v2\/pages\/976\/revisions"}],"predecessor-version":[{"id":981,"href":"https:\/\/dynarex.de\/de\/wp-json\/wp\/v2\/pages\/976\/revisions\/981"}],"wp:attachment":[{"href":"https:\/\/dynarex.de\/de\/wp-json\/wp\/v2\/media?parent=976"}],"curies":[{"name":"wp","href":"https:\/\/api.w.org\/{rel}","templated":true}]}}