{"id":968,"date":"2024-04-03T09:31:27","date_gmt":"2024-04-03T09:31:27","guid":{"rendered":"https:\/\/dynarex.de\/?page_id=968"},"modified":"2025-06-26T08:29:30","modified_gmt":"2025-06-26T08:29:30","slug":"schadenskalkulation","status":"publish","type":"page","link":"https:\/\/dynarex.de\/de\/schadenskalkulation\/","title":{"rendered":"Schadenskalkulation im KFZ Bereich: Reparaturkosten richtig ermitteln"},"content":{"rendered":"\n<div class=\"wp-block-group alignfull has-white-color has-custom-4-background-color has-text-color has-background has-link-color wp-elements-7929c229c7637c0181b185ba8f443860 has-global-padding is-layout-constrained wp-block-group-is-layout-constrained\">\n<h1 class=\"wp-block-heading\" id=\"schadenskalkulation-im-kfz-bereich-reparaturkosten-richtig-ermitteln\">Schadenskalkulation im KFZ Bereich: Reparaturkosten richtig ermitteln<\/h1>\n\n\n\n<div class=\"ghostkit-grid ghostkit-grid-gap-md\"><div class=\"ghostkit-grid-inner\">\n<div class=\"ghostkit-col ghostkit-col-lg-12 ghostkit-col-8\"><div class=\"ghostkit-col-content is-layout-flow wp-block-ghostkit-grid-column-is-layout-flow\">\n<p>Die Schadenskalkulation ist ein essenzieller Bestandteil der Arbeit von KFZ Sachverst\u00e4ndigen und Gutachtern. Nach einem Fahrzeugschaden dient Sie der Ermittlung des&nbsp;<strong>finanziellen Aufwands f\u00fcr Reparaturen<\/strong>&nbsp;oder der&nbsp;<strong>Bestimmung des aktuellen Werts<\/strong>&nbsp;eines Fahrzeugs. Die Kalkulation der Reparaturkosten ist besonders relevant f\u00fcr Versicherungen, Werkst\u00e4tten und Fahrzeughalter.<\/p>\n<\/div><\/div>\n\n\n\n<div class=\"ghostkit-col ghostkit-col-lg-12 ghostkit-col-4 is-layout-flow wp-block-ghostkit-grid-column-is-layout-flow\"><div class=\"ghostkit-col-content\"><\/div><\/div>\n<\/div><\/div>\n<\/div>\n\n\n\n<div class=\"wp-block-group alignfull has-white-background-color has-background has-global-padding is-layout-constrained wp-block-group-is-layout-constrained\">\n<h2 class=\"wp-block-heading\" id=\"die-rolle-des-gutachters\">Die Rolle des Gutachters<\/h2>\n\n\n\n<div class=\"ghostkit-grid ghostkit-grid-gap-md\"><div class=\"ghostkit-grid-inner\">\n<div class=\"ghostkit-col ghostkit-col-lg-12 ghostkit-col-8\"><div class=\"ghostkit-col-content is-layout-flow wp-block-ghostkit-grid-column-is-layout-flow\">\n<p>KFZ-Gutachter oder KFZ-Sachverst\u00e4ndige sind Experten mit spezialisiertem Wissen \u00fcber Fahrzeuge und Schadensbewertung. Ihre Aufgabe ist es, den&nbsp;<strong>Schaden objektiv zu bewerten<\/strong>&nbsp;und in einem Gutachten festzuhalten. Dieses Gutachten bildet die Grundlage f\u00fcr die Schadenregulierung.<\/p>\n<\/div><\/div>\n\n\n\n<div class=\"ghostkit-col ghostkit-col-lg-12 ghostkit-col-4 is-layout-flow wp-block-ghostkit-grid-column-is-layout-flow\"><div class=\"ghostkit-col-content\"><\/div><\/div>\n<\/div><\/div>\n<\/div>\n\n\n\n<div class=\"wp-block-group alignfull has-custom-5-background-color has-background has-global-padding is-layout-constrained wp-block-group-is-layout-constrained\">\n<h2 class=\"wp-block-heading\" id=\"das-kfz-gutachten\">Das KfZ-Gutachten<\/h2>\n\n\n\n<div class=\"ghostkit-grid ghostkit-grid-gap-md\"><div class=\"ghostkit-grid-inner\">\n<div class=\"ghostkit-col ghostkit-col-lg-12 ghostkit-col-8\"><div class=\"ghostkit-col-content is-layout-flow wp-block-ghostkit-grid-column-is-layout-flow\">\n<p>Ein KFZ Gutachten wird mit einem speziellen Gutachter Programm erstellt und enth\u00e4lt detaillierte Informationen \u00fcber den Schaden, den Zustand des Fahrzeugs sowie eine Einsch\u00e4tzung der Reparaturkosten. Es ber\u00fccksichtigt dabei Faktoren wie den Fahrzeugtyp bzw. die Marke, Serien- und Sonderausstattungen, das Alter, den Zustand vor dem Unfall sowie Art (z.B. <a href=\"https:\/\/dynarex.de\/de\/hagelschaden\/\" data-type=\"page\" data-id=\"1621\">Hagelschaden<\/a>) und die Schwere des Schadens.<\/p>\n<\/div><\/div>\n\n\n\n<div class=\"ghostkit-col ghostkit-col-lg-12 ghostkit-col-4 is-layout-flow wp-block-ghostkit-grid-column-is-layout-flow\"><div class=\"ghostkit-col-content\"><\/div><\/div>\n<\/div><\/div>\n<\/div>\n\n\n\n<div class=\"wp-block-group alignfull has-white-background-color has-background has-global-padding is-layout-constrained wp-block-group-is-layout-constrained\">\n<h2 class=\"wp-block-heading\" id=\"fahrzeugschaden-bewerten\">Fahrzeugschaden bewerten<\/h2>\n\n\n\n<div class=\"ghostkit-grid ghostkit-grid-gap-md\"><div class=\"ghostkit-grid-inner\">\n<div class=\"ghostkit-col ghostkit-col-lg-12 ghostkit-col-8\"><div class=\"ghostkit-col-content is-layout-flow wp-block-ghostkit-grid-column-is-layout-flow\">\n<p>Bei der Analyse des Fahrzeugs werden sowohl&nbsp;<strong>sichtbare als auch potenziell versteckte Sch\u00e4den<\/strong>&nbsp;erfasst. Die Schadensbewertung schlie\u00dft auch die \u00dcberpr\u00fcfung auf eventuelle Sicherheitsrisiken ein. Im Ergebnis der Analyse, wird ermittelt, wie sich der Fahrzeugschaden auf den&nbsp;<a href=\"https:\/\/dynarex.de\/de\/restwert-auto\/\">Restwert des Fahrzeuges<\/a>&nbsp;auswirkt.<\/p>\n<\/div><\/div>\n\n\n\n<div class=\"ghostkit-col ghostkit-col-lg-12 ghostkit-col-4 is-layout-flow wp-block-ghostkit-grid-column-is-layout-flow\"><div class=\"ghostkit-col-content\"><\/div><\/div>\n<\/div><\/div>\n<\/div>\n\n\n\n<div class=\"wp-block-group alignfull has-custom-5-background-color has-background has-global-padding is-layout-constrained wp-block-group-is-layout-constrained\">\n<h2 class=\"wp-block-heading\" id=\"reparaturkosten-und-software\">Reparaturkosten und Software<\/h2>\n\n\n\n<div class=\"ghostkit-grid ghostkit-grid-gap-md\"><div class=\"ghostkit-grid-inner\">\n<div class=\"ghostkit-col ghostkit-col-lg-12 ghostkit-col-8\"><div class=\"ghostkit-col-content is-layout-flow wp-block-ghostkit-grid-column-is-layout-flow\">\n<p>KFZ Sachverst\u00e4ndige nutzen spezialisierte Software, in der auch die Reparaturkosten kalkuliert werden. Diese Gutachter Programme nutzen dazu&nbsp;<strong>Schnittstellen zu etablierten Fahrzeugdatenanbieter<\/strong>, wie die Deutsche Automobil Treuhand GmbH (DAT). So k\u00f6nnen auf Basis der grafischen Schadenserfassung \u201eSilverDAT 3\u201c am Fahrzeug, die f\u00fcr die Instandsetzung erforderlichen Kosten f\u00fcr Ersatzteile, Instandsetzung und Lackierung detailliert ermittelt werden.<\/p>\n<\/div><\/div>\n\n\n\n<div class=\"ghostkit-col ghostkit-col-lg-12 ghostkit-col-4 is-layout-flow wp-block-ghostkit-grid-column-is-layout-flow\"><div class=\"ghostkit-col-content\"><\/div><\/div>\n<\/div><\/div>\n\n\n\n<div class=\"ghostkit-button-wrapper ghostkit-button-wrapper-gap-md\"><div class=\"ghostkit-button-wrapper-inner\">\n<a class=\"ghostkit-button ghostkit-button-md outline\" href=\"https:\/\/dynarex.de\/de\/preise\/\"><span class=\"ghostkit-button-icon ghostkit-button-icon-right\"><svg class=\"ghostkit-svg-icon ghostkit-svg-icon-fa\" aria-hidden=\"true\" role=\"img\" xmlns=\"http:\/\/www.w3.org\/2000\/svg\" viewBox=\"0 0 320 512\"><path fill=\"currentColor\" d=\"M278.6 233.4c12.5 12.5 12.5 32.8 0 45.3l-160 160c-12.5 12.5-32.8 12.5-45.3 0s-12.5-32.8 0-45.3L210.7 256 73.4 118.6c-12.5-12.5-12.5-32.8 0-45.3s32.8-12.5 45.3 0l160 160z\"><\/path><\/svg><\/span><span class=\"ghostkit-button-text\">Kosten f\u00fcr SilverDAT Abrufe inkl. Gutachter Software<\/span><\/a>\n<\/div><\/div>\n<\/div>\n\n\n\n<div class=\"wp-block-group alignfull has-white-background-color has-background has-global-padding is-layout-constrained wp-block-group-is-layout-constrained\">\n<h2 class=\"wp-block-heading\" id=\"restwert-des-autos-und-wiederbeschaffungswert\">Restwert des Autos und Wiederbeschaffungswert<\/h2>\n\n\n\n<div class=\"ghostkit-grid ghostkit-grid-gap-md\"><div class=\"ghostkit-grid-inner\">\n<div class=\"ghostkit-col ghostkit-col-lg-12 ghostkit-col-8\"><div class=\"ghostkit-col-content is-layout-flow wp-block-ghostkit-grid-column-is-layout-flow\">\n<p>Der Restwert ist der gesch\u00e4tzte Wert des Fahrzeugs in seinem besch\u00e4digten Zustand. Der Wiederbeschaffungswert hingegen ist der Betrag, der notwendig w\u00e4re, um&nbsp;<strong>ein gleichwertiges Fahrzeug am Markt zu erwerben<\/strong>.<\/p>\n\n\n\n<p><a href=\"https:\/\/dynarex.de\/de\/wiederbeschaffungswert\/\">Details zum Wiederbeschaffungswert<\/a><\/p>\n<\/div><\/div>\n\n\n\n<div class=\"ghostkit-col ghostkit-col-lg-12 ghostkit-col-4 is-layout-flow wp-block-ghostkit-grid-column-is-layout-flow\"><div class=\"ghostkit-col-content\"><\/div><\/div>\n<\/div><\/div>\n<\/div>\n\n\n\n<div class=\"wp-block-group alignfull has-custom-5-background-color has-background has-global-padding is-layout-constrained wp-block-group-is-layout-constrained\">\n<h2 class=\"wp-block-heading\" id=\"fazit-und-vorteile-einer-professionellen-kalkulation\">Fazit und Vorteile einer professionellen Kalkulation<\/h2>\n\n\n\n<div class=\"ghostkit-grid ghostkit-grid-gap-md\"><div class=\"ghostkit-grid-inner\">\n<div class=\"ghostkit-col ghostkit-col-lg-12 ghostkit-col-8\"><div class=\"ghostkit-col-content is-layout-flow wp-block-ghostkit-grid-column-is-layout-flow\">\n<p>Die Schadenskalkulation ist ein komplexer Vorgang, welcher fundiertes Fachwissen sowie Zugang zu entsprechenden Kraftfahrzeug-Daten erfordert. Ein pr\u00e4zises und fachgerechtes Gutachten kann mit einer&nbsp;<a href=\"https:\/\/dynarex.de\/de\/\">Sachverst\u00e4ndigen Software<\/a>&nbsp;wie DYNAREX erstellt werden. Die professionelle Schadenskalkulation sch\u00fctzt die&nbsp;<strong>Interessen aller Beteiligten<\/strong>: Vom Fahrzeughalter \u00fcber die Werkstatt bis hin zur Versicherung.<\/p>\n<\/div><\/div>\n\n\n\n<div class=\"ghostkit-col ghostkit-col-lg-12 ghostkit-col-4 is-layout-flow wp-block-ghostkit-grid-column-is-layout-flow\"><div class=\"ghostkit-col-content\"><\/div><\/div>\n<\/div><\/div>\n<\/div>\n","protected":false},"excerpt":{"rendered":"<p>Schadenskalkulation im KFZ Bereich: Reparaturkosten richtig ermitteln Die Schadenskalkulation ist ein essenzieller Bestandteil der Arbeit von KFZ Sachverst\u00e4ndigen und Gutachtern. Nach einem Fahrzeugschaden dient Sie der Ermittlung des&nbsp;finanziellen Aufwands f\u00fcr Reparaturen&nbsp;oder der&nbsp;Bestimmung des aktuellen Werts&nbsp;eines Fahrzeugs. Die Kalkulation der Reparaturkosten ist besonders relevant f\u00fcr Versicherungen, Werkst\u00e4tten und Fahrzeughalter. Die Rolle des Gutachters KFZ-Gutachter oder KFZ-Sachverst\u00e4ndige [&hellip;]<\/p>\n","protected":false},"author":7,"featured_media":0,"parent":0,"menu_order":0,"comment_status":"closed","ping_status":"closed","template":"","meta":{"ghostkit_customizer_options":"","ghostkit_custom_css":"","ghostkit_custom_js_head":"","ghostkit_custom_js_foot":"","ghostkit_typography":"","footnotes":""},"class_list":["post-968","page","type-page","status-publish","hentry"],"_links":{"self":[{"href":"https:\/\/dynarex.de\/de\/wp-json\/wp\/v2\/pages\/968","targetHints":{"allow":["GET"]}}],"collection":[{"href":"https:\/\/dynarex.de\/de\/wp-json\/wp\/v2\/pages"}],"about":[{"href":"https:\/\/dynarex.de\/de\/wp-json\/wp\/v2\/types\/page"}],"author":[{"embeddable":true,"href":"https:\/\/dynarex.de\/de\/wp-json\/wp\/v2\/users\/7"}],"replies":[{"embeddable":true,"href":"https:\/\/dynarex.de\/de\/wp-json\/wp\/v2\/comments?post=968"}],"version-history":[{"count":10,"href":"https:\/\/dynarex.de\/de\/wp-json\/wp\/v2\/pages\/968\/revisions"}],"predecessor-version":[{"id":1932,"href":"https:\/\/dynarex.de\/de\/wp-json\/wp\/v2\/pages\/968\/revisions\/1932"}],"wp:attachment":[{"href":"https:\/\/dynarex.de\/de\/wp-json\/wp\/v2\/media?parent=968"}],"curies":[{"name":"wp","href":"https:\/\/api.w.org\/{rel}","templated":true}]}}