{"id":950,"date":"2024-04-03T09:20:14","date_gmt":"2024-04-03T09:20:14","guid":{"rendered":"https:\/\/dynarex.de\/?page_id=950"},"modified":"2025-06-26T08:28:04","modified_gmt":"2025-06-26T08:28:04","slug":"restwert-auto","status":"publish","type":"page","link":"https:\/\/dynarex.de\/de\/restwert-auto\/","title":{"rendered":"Wie kann man den Auto Restwert ermitteln?"},"content":{"rendered":"\n<div class=\"wp-block-group alignfull has-custom-4-background-color has-background has-global-padding is-layout-constrained wp-block-group-is-layout-constrained\">\n<h1 class=\"wp-block-heading has-white-color has-text-color has-link-color wp-elements-e3b2b17ed89c1e6fe9dbeb760e247ecf\" id=\"wie-kann-man-den-auto-restwert-ermitteln\">Wie kann man den Auto Restwert ermitteln?<\/h1>\n\n\n\n<div class=\"ghostkit-grid ghostkit-grid-gap-md\"><div class=\"ghostkit-grid-inner\">\n<div class=\"ghostkit-col ghostkit-col-md-12 ghostkit-col-7\"><div class=\"ghostkit-col-content is-layout-flow wp-block-ghostkit-grid-column-is-layout-flow\">\n<h2 class=\"wp-block-heading has-white-color has-text-color has-link-color wp-elements-784d07516db6d363e162db65d08bfe26\" id=\"was-ist-der-restwert-eines-fahrzeugs\">Was ist der Restwert eines Fahrzeugs?<\/h2>\n\n\n\n<p class=\"has-white-color has-text-color has-link-color wp-elements-5280f06ae19d129ffb084e1041d7d945\">Der Restwert eines Autos bezieht sich auf den ermittelten Geldbetrag, den das Fahrzeug noch hat, wenn es verkauft wird oder auch bei einem Totalschaden gesch\u00e4tzt wird. Es ist der Wert, der&nbsp;<strong>nach Abzug des normalen Verschlei\u00dfes<\/strong>&nbsp;und der Nutzung \u00fcber einen bestimmten Zeitraum \u00fcbrig bleibt. Der Restwert wird oft als Prozentsatz des urspr\u00fcnglichen Neupreises angegeben und kann nach verschiedenen Faktoren wie Fahrzeugszustand variieren.<\/p>\n<\/div><\/div>\n\n\n\n<div class=\"ghostkit-col ghostkit-col-md-12 ghostkit-col-5 is-layout-flow wp-block-ghostkit-grid-column-is-layout-flow\"><div class=\"ghostkit-col-content\"><\/div><\/div>\n<\/div><\/div>\n<\/div>\n\n\n\n<div class=\"wp-block-group alignfull has-white-background-color has-background has-global-padding is-layout-constrained wp-block-group-is-layout-constrained\">\n<h2 class=\"wp-block-heading\" id=\"wann-ist-es-erforderlich-den-restwert-zu-berechnen\">Wann ist es erforderlich, den Restwert zu berechnen?<\/h2>\n\n\n\n<div class=\"ghostkit-grid ghostkit-grid-gap-md\"><div class=\"ghostkit-grid-inner\">\n<div class=\"ghostkit-col ghostkit-col-md-12 ghostkit-col-7\"><div class=\"ghostkit-col-content is-layout-flow wp-block-ghostkit-grid-column-is-layout-flow\">\n<p>Die Berechnung des Restwerts Ihres Autos ist von gro\u00dfer Bedeutung, da er Ihnen einen Einblick in den&nbsp;<strong>aktuellen Marktwert des Fahrzeugs<\/strong>&nbsp;gibt. Ob Sie Ihr Auto verkaufen, eintauschen oder als Sicherheit f\u00fcr einen Kredit verwenden m\u00f6chten, die Kenntnis des Restwerts erm\u00f6glicht Ihnen eine fundierte Entscheidung.<\/p>\n\n\n\n<p>Lassen Sie ihren PKW von einem KFZ Gutachter oder Sachverst\u00e4ndigen mit einem entsprechendem Bewertungsverfahren bewerten. Der Gutachter verwendet eine&nbsp;<a href=\"https:\/\/dynarex.de\/de\/\">Software f\u00fcr KFZ Sachverst\u00e4ndige<\/a>, um den aktuellen Marktwert zu ermitteln.<\/p>\n\n\n\n<p>Der Begriff Restwert wird auch von KFZ-Versicherungen f\u00fcr die Ermittlung der\u00a0<strong>Auszahlung nach einem Totalschaden<\/strong>\u00a0verwendet. Der von der Versicherung ausgezahlte Betrag ergibt sich dann aus dem <a href=\"https:\/\/dynarex.de\/de\/wiederbeschaffungswert\/\">Wiederbeschaffungswert<\/a>, der f\u00fcr die Beschaffung eines gleichwertigen Fahrzeuges erforderlich ist, abz\u00fcglich dem Restwert, den das besch\u00e4digte Fahrzeug noch hat.<\/p>\n<\/div><\/div>\n\n\n\n<div class=\"ghostkit-col ghostkit-col-md-12 ghostkit-col-5 is-layout-flow wp-block-ghostkit-grid-column-is-layout-flow\"><div class=\"ghostkit-col-content\"><\/div><\/div>\n<\/div><\/div>\n<\/div>\n\n\n\n<div class=\"wp-block-group alignfull has-custom-5-background-color has-background has-global-padding is-layout-constrained wp-block-group-is-layout-constrained\">\n<h2 class=\"wp-block-heading\" id=\"faktoren-die-den-restwert-beeinflussen\">Faktoren, die den Restwert beeinflussen<\/h2>\n\n\n\n<div class=\"ghostkit-grid ghostkit-grid-gap-md\"><div class=\"ghostkit-grid-inner\">\n<div class=\"ghostkit-col ghostkit-col-md-12 ghostkit-col-7\"><div class=\"ghostkit-col-content is-layout-flow wp-block-ghostkit-grid-column-is-layout-flow\">\n<ul class=\"wp-block-list\">\n<li><strong>Marke und Modell:<\/strong><br>Beliebte Automarken und Modelle haben in der Regel einen h\u00f6heren Restwert.<\/li>\n\n\n\n<li><strong>Alter und Kilometerstand:<\/strong><br>Je \u00e4lter ein Fahrzeug (Erstzulassung) ist und je mehr Kilometer es gefahren wurde, desto niedriger ist in der Regel sein Restwert.<\/li>\n\n\n\n<li><strong>Wartung und Reparatur:<\/strong><br>Ein regelm\u00e4\u00dfig gewartetes Fahrzeug mit einer guten Reparaturhistorie beh\u00e4lt in der Regel einen h\u00f6heren Restwert.<\/li>\n\n\n\n<li><strong>Fahrzeugzustand:<\/strong><br>Der Zustand des Fahrzeugs, einschlie\u00dflich des \u00e4u\u00dferen Erscheinungsbilds und des Innenraums. (siehe auch&nbsp;<a href=\"https:\/\/dynarex.de\/de\/zustandsbericht\/\">Zustandsbericht<\/a>)<\/li>\n\n\n\n<li><strong>Markttrends:<\/strong><br>Allgemeine Markttrends und Nachfrage nach bestimmten Fahrzeugtypen<\/li>\n\n\n\n<li><strong>Optionen und Ausstattung:<\/strong><br>Fahrzeuge mit zus\u00e4tzlichen Optionen und hochwertiger Ausstattung haben oft einen h\u00f6heren Restwert.<\/li>\n<\/ul>\n<\/div><\/div>\n\n\n\n<div class=\"ghostkit-col ghostkit-col-md-12 ghostkit-col-5 is-layout-flow wp-block-ghostkit-grid-column-is-layout-flow\"><div class=\"ghostkit-col-content\"><\/div><\/div>\n<\/div><\/div>\n<\/div>\n\n\n\n<div class=\"wp-block-group alignfull has-white-background-color has-background has-global-padding is-layout-constrained wp-block-group-is-layout-constrained\">\n<h2 class=\"wp-block-heading\" id=\"was-ist-der-unterschied-zwischen-restwert-und-wiederbeschaffungswert\">Was ist der Unterschied zwischen Restwert und Wiederbeschaffungswert?<\/h2>\n\n\n\n<div class=\"ghostkit-grid ghostkit-grid-gap-md\"><div class=\"ghostkit-grid-inner\">\n<div class=\"ghostkit-col ghostkit-col-md-12 ghostkit-col-7\"><div class=\"ghostkit-col-content is-layout-flow wp-block-ghostkit-grid-column-is-layout-flow\">\n<p>Der Restwert eines Autos bezieht sich auf den&nbsp;<strong>ermittelten Geldbetrag<\/strong>, den das Fahrzeug entsprechend der Nutzungsdauer und dem Zustand bei Verkauf, R\u00fcckgabe (Leasing) oder Totalschaden (Versicherung) noch hat. Der Wiederbeschaffungswert hingegen ist der Betrag, den es kosten w\u00fcrde, ein gleichwertiges Fahrzeug zu kaufen.<\/p>\n<\/div><\/div>\n\n\n\n<div class=\"ghostkit-col ghostkit-col-md-12 ghostkit-col-5 is-layout-flow wp-block-ghostkit-grid-column-is-layout-flow\"><div class=\"ghostkit-col-content\"><\/div><\/div>\n<\/div><\/div>\n<\/div>\n\n\n\n<div class=\"wp-block-group alignfull has-custom-5-background-color has-background has-global-padding is-layout-constrained wp-block-group-is-layout-constrained\">\n<h2 class=\"wp-block-heading\" id=\"kann-ich-den-restwert-meines-autos-verbessern\">Kann ich den Restwert meines Autos verbessern?<\/h2>\n\n\n\n<div class=\"ghostkit-grid ghostkit-grid-gap-md\"><div class=\"ghostkit-grid-inner\">\n<div class=\"ghostkit-col ghostkit-col-md-12 ghostkit-col-7\"><div class=\"ghostkit-col-content is-layout-flow wp-block-ghostkit-grid-column-is-layout-flow\">\n<p>Sie k\u00f6nnen den Restwert Ihres Autos verbessern, indem Sie es gut pflegen,&nbsp;<strong>regelm\u00e4\u00dfig warten<\/strong>&nbsp;und&nbsp;<strong>potenzielle Probleme rechtzeitig beheben<\/strong>&nbsp;lassen. Behalten Sie alle Wartungsunterlagen und stellen Sie sicher, dass das Fahrzeug bei einem Wiederverkauf oder Austausch in bestm\u00f6glichem Zustand ist.<\/p>\n<\/div><\/div>\n\n\n\n<div class=\"ghostkit-col ghostkit-col-md-12 ghostkit-col-5 is-layout-flow wp-block-ghostkit-grid-column-is-layout-flow\"><div class=\"ghostkit-col-content\"><\/div><\/div>\n<\/div><\/div>\n<\/div>\n","protected":false},"excerpt":{"rendered":"<p>Wie kann man den Auto Restwert ermitteln? Was ist der Restwert eines Fahrzeugs? Der Restwert eines Autos bezieht sich auf den ermittelten Geldbetrag, den das Fahrzeug noch hat, wenn es verkauft wird oder auch bei einem Totalschaden gesch\u00e4tzt wird. Es ist der Wert, der&nbsp;nach Abzug des normalen Verschlei\u00dfes&nbsp;und der Nutzung \u00fcber einen bestimmten Zeitraum \u00fcbrig [&hellip;]<\/p>\n","protected":false},"author":7,"featured_media":0,"parent":0,"menu_order":0,"comment_status":"closed","ping_status":"closed","template":"","meta":{"ghostkit_customizer_options":"","ghostkit_custom_css":"","ghostkit_custom_js_head":"","ghostkit_custom_js_foot":"","ghostkit_typography":"","footnotes":""},"class_list":["post-950","page","type-page","status-publish","hentry"],"_links":{"self":[{"href":"https:\/\/dynarex.de\/de\/wp-json\/wp\/v2\/pages\/950","targetHints":{"allow":["GET"]}}],"collection":[{"href":"https:\/\/dynarex.de\/de\/wp-json\/wp\/v2\/pages"}],"about":[{"href":"https:\/\/dynarex.de\/de\/wp-json\/wp\/v2\/types\/page"}],"author":[{"embeddable":true,"href":"https:\/\/dynarex.de\/de\/wp-json\/wp\/v2\/users\/7"}],"replies":[{"embeddable":true,"href":"https:\/\/dynarex.de\/de\/wp-json\/wp\/v2\/comments?post=950"}],"version-history":[{"count":5,"href":"https:\/\/dynarex.de\/de\/wp-json\/wp\/v2\/pages\/950\/revisions"}],"predecessor-version":[{"id":1931,"href":"https:\/\/dynarex.de\/de\/wp-json\/wp\/v2\/pages\/950\/revisions\/1931"}],"wp:attachment":[{"href":"https:\/\/dynarex.de\/de\/wp-json\/wp\/v2\/media?parent=950"}],"curies":[{"name":"wp","href":"https:\/\/api.w.org\/{rel}","templated":true}]}}