{"id":882,"date":"2024-03-25T15:22:21","date_gmt":"2024-03-25T15:22:21","guid":{"rendered":"https:\/\/dynarex.de\/?page_id=882"},"modified":"2024-04-09T14:29:13","modified_gmt":"2024-04-09T14:29:13","slug":"dynarex-on-demand","status":"publish","type":"page","link":"https:\/\/dynarex.de\/de\/dynarex-on-demand\/","title":{"rendered":"DYNAREX on Demand"},"content":{"rendered":"\n<div class=\"wp-block-group alignfull has-custom-4-background-color has-background has-global-padding is-layout-constrained wp-container-core-group-is-layout-a151063b wp-block-group-is-layout-constrained\" style=\"padding-top:var(--wp--preset--spacing--50);padding-right:var(--wp--preset--spacing--40);padding-bottom:var(--wp--preset--spacing--50);padding-left:var(--wp--preset--spacing--40)\">\n<h1 class=\"wp-block-heading has-white-color has-text-color has-link-color wp-elements-0b9185c2a451bb67572a9864943d059e\" id=\"dynarex-on-demand\">DYNAREX on Demand<\/h1>\n\n\n\n<p class=\"has-white-color has-text-color has-link-color wp-elements-39d2c66f6e3759da66cd35bccf4393ea\">Optimal f\u00fcr 1 bis 5 Auftr\u00e4ge im Monat<\/p>\n\n\n\n<div class=\"ghostkit-grid ghostkit-grid-gap-lg ghostkit-grid-align-items-center\"><div class=\"ghostkit-grid-inner\">\n<div class=\"ghostkit-col ghostkit-col-md-12 ghostkit-col-lg-12 ghostkit-col-8\"><div class=\"ghostkit-col-content is-layout-flow wp-block-ghostkit-grid-column-is-layout-flow\">\n<h2 class=\"wp-block-heading has-white-color has-text-color has-link-color wp-elements-86c3235ff5986d2a46ffa67f3c2c8b17\" id=\"was-ist-dynarex-on-demand\">Was ist DYNAREX on Demand?<\/h2>\n\n\n\n<h3 class=\"wp-block-heading is-style-default has-white-color has-text-color has-link-color has-x-large-font-size wp-elements-ee085e4a099b6de57dcfccd7afc06cac\" id=\"welche-vorteile-bietet-die-anwendung-und-fur-wen-lohnt-sich-der-einsatz\">Welche Vorteile bietet die Anwendung und f\u00fcr wen lohnt sich der Einsatz?<\/h3>\n\n\n\n<p class=\"has-white-color has-text-color has-link-color wp-elements-6db2adb702b2ff880c75f37d1c8b346a\">Entdecken Sie die innovative Softwarel\u00f6sung DYNAREX on Demand! Die Komplettl\u00f6sung verbindet Managementsystem und DAT SilverDAT 3-Abrufe und bietet zahlreiche Vorteile f\u00fcr Sachverst\u00e4ndige.<\/p>\n<\/div><\/div>\n\n\n\n<div class=\"ghostkit-col ghostkit-col-lg-12 ghostkit-col-4\"><div class=\"ghostkit-col-content is-layout-flow wp-block-ghostkit-grid-column-is-layout-flow\">\n<figure class=\"wp-block-image size-full\"><img loading=\"lazy\" decoding=\"async\" width=\"815\" height=\"168\" src=\"https:\/\/dynarex.de\/wp-content\/uploads\/DYNAREX-weiss-on-Demand.png\" alt=\"\" class=\"wp-image-1220\" srcset=\"https:\/\/dynarex.de\/wp-content\/uploads\/DYNAREX-weiss-on-Demand.png 815w, https:\/\/dynarex.de\/wp-content\/uploads\/DYNAREX-weiss-on-Demand-600x124.png 600w, https:\/\/dynarex.de\/wp-content\/uploads\/DYNAREX-weiss-on-Demand-300x62.png 300w, https:\/\/dynarex.de\/wp-content\/uploads\/DYNAREX-weiss-on-Demand-768x158.png 768w\" sizes=\"auto, (max-width: 815px) 100vw, 815px\" \/><\/figure>\n<\/div><\/div>\n<\/div><\/div>\n\n\n\n<div class=\"ghostkit-button-wrapper ghostkit-button-wrapper-gap-md\"><div class=\"ghostkit-button-wrapper-inner\">\n<a class=\"ghostkit-button ghostkit-button-md\" href=\"https:\/\/dynarex.de\/de\/bestellformular-dynarex-on-demand\/\"><span class=\"ghostkit-button-icon ghostkit-button-icon-right\"><svg class=\"ghostkit-svg-icon ghostkit-svg-icon-fa\" aria-hidden=\"true\" role=\"img\" xmlns=\"http:\/\/www.w3.org\/2000\/svg\" viewBox=\"0 0 320 512\"><path fill=\"currentColor\" d=\"M278.6 233.4c12.5 12.5 12.5 32.8 0 45.3l-160 160c-12.5 12.5-32.8 12.5-45.3 0s-12.5-32.8 0-45.3L210.7 256 73.4 118.6c-12.5-12.5-12.5-32.8 0-45.3s32.8-12.5 45.3 0l160 160z\"><\/path><\/svg><\/span><span class=\"ghostkit-button-text\">DYNAREX on Demand direkt buchen<\/span><\/a>\n<\/div><\/div>\n\n\n\n<div class=\"ghostkit-button-wrapper ghostkit-button-wrapper-gap-md\"><div class=\"ghostkit-button-wrapper-inner\">\n<a class=\"ghostkit-button ghostkit-button-md outline\" href=\"https:\/\/dynarex.de\/de\/demo\/\"><span class=\"ghostkit-button-icon ghostkit-button-icon-right\"><svg class=\"ghostkit-svg-icon ghostkit-svg-icon-fa\" aria-hidden=\"true\" role=\"img\" xmlns=\"http:\/\/www.w3.org\/2000\/svg\" viewBox=\"0 0 512 512\"><path fill=\"currentColor\" d=\"M135.2 117.4L109.1 192H402.9l-26.1-74.6C372.3 104.6 360.2 96 346.6 96H165.4c-13.6 0-25.7 8.6-30.2 21.4zM39.6 196.8L74.8 96.3C88.3 57.8 124.6 32 165.4 32H346.6c40.8 0 77.1 25.8 90.6 64.3l35.2 100.5c23.2 9.6 39.6 32.5 39.6 59.2V400v48c0 17.7-14.3 32-32 32H448c-17.7 0-32-14.3-32-32V400H96v48c0 17.7-14.3 32-32 32H32c-17.7 0-32-14.3-32-32V400 256c0-26.7 16.4-49.6 39.6-59.2zM128 288a32 32 0 1 0 -64 0 32 32 0 1 0 64 0zm288 32a32 32 0 1 0 0-64 32 32 0 1 0 0 64z\"><\/path><\/svg><\/span><span class=\"ghostkit-button-text\">Software kostenlos testen<\/span><\/a>\n<\/div><\/div>\n<\/div>\n\n\n\n<div class=\"wp-block-group alignfull has-global-padding is-layout-constrained wp-container-core-group-is-layout-a151063b wp-block-group-is-layout-constrained\" style=\"padding-top:var(--wp--preset--spacing--50);padding-right:var(--wp--preset--spacing--40);padding-bottom:var(--wp--preset--spacing--50);padding-left:var(--wp--preset--spacing--40)\">\n<div class=\"ghostkit-grid ghostkit-grid-gap-md\"><div class=\"ghostkit-grid-inner\">\n<div class=\"ghostkit-col ghostkit-col-md-12 ghostkit-col-7\"><div class=\"ghostkit-col-content is-layout-flow wp-block-ghostkit-grid-column-is-layout-flow\">\n<h3 class=\"wp-block-heading\" id=\"hohe-flexibilitat-und-kalkulierbare-kosten\">hohe Flexibilit\u00e4t und kalkulierbare Kosten<\/h3>\n\n\n\n<p>Im Gegensatz zu anderen Softwarel\u00f6sungen wird bei DYNAREX on Demand kein pauschaler Preis pro Monat berechnet. Stattdessen wird der&nbsp;<strong>Preis entsprechend der Anzahl der tats\u00e4chlich genutzten Auftr\u00e4ge abgerechnet<\/strong>. Das bedeutet f\u00fcr Sie als Sachverst\u00e4ndigen eine hohe Flexibilit\u00e4t und kalkulierbare Softwarekosten pro Auftrag.<\/p>\n\n\n\n<p>DYNAREX on Demand eignet sich besonders f\u00fcr Sachverst\u00e4ndige, die nicht auf eine professionelle Anwendung verzichten m\u00f6chten, aber dennoch mit&nbsp;<strong>kalkulierbaren Softwarekosten pro Auftrag<\/strong>&nbsp;arbeiten m\u00f6chten. Auch f\u00fcr Sachverst\u00e4ndige, die sich selbst\u00e4ndig machen wollen und noch nicht das zuk\u00fcnftige Auftragsvolumen absch\u00e4tzen k\u00f6nnen oder f\u00fcr Sachverst\u00e4ndige, die neben ihrer Hauptbesch\u00e4ftigung als Pr\u00fcfingenieur oder Gerichtsgutachter bei Bedarf auch Schadengutachten erstellen, ist DYNAREX on Demand die perfekte L\u00f6sung.<\/p>\n\n\n\n<div class=\"ghostkit-button-wrapper ghostkit-button-wrapper-gap-md\"><div class=\"ghostkit-button-wrapper-inner\">\n<a class=\"ghostkit-button ghostkit-button-md\" href=\"https:\/\/dynarex.de\/de\/bestellformular-dynarex-on-demand\/\"><span class=\"ghostkit-button-icon ghostkit-button-icon-right\"><svg class=\"ghostkit-svg-icon ghostkit-svg-icon-fa\" aria-hidden=\"true\" role=\"img\" xmlns=\"http:\/\/www.w3.org\/2000\/svg\" viewBox=\"0 0 320 512\"><path fill=\"currentColor\" d=\"M278.6 233.4c12.5 12.5 12.5 32.8 0 45.3l-160 160c-12.5 12.5-32.8 12.5-45.3 0s-12.5-32.8 0-45.3L210.7 256 73.4 118.6c-12.5-12.5-12.5-32.8 0-45.3s32.8-12.5 45.3 0l160 160z\"><\/path><\/svg><\/span><span class=\"ghostkit-button-text\">DYNAREX on Demand direkt buchen<\/span><\/a>\n<\/div><\/div>\n\n\n\n<div class=\"ghostkit-button-wrapper ghostkit-button-wrapper-gap-md\"><div class=\"ghostkit-button-wrapper-inner\">\n<a class=\"ghostkit-button ghostkit-button-md outline\" href=\"https:\/\/dynarex.de\/de\/demo\/\"><span class=\"ghostkit-button-icon ghostkit-button-icon-right\"><svg class=\"ghostkit-svg-icon ghostkit-svg-icon-fa\" aria-hidden=\"true\" role=\"img\" xmlns=\"http:\/\/www.w3.org\/2000\/svg\" viewBox=\"0 0 512 512\"><path fill=\"currentColor\" d=\"M135.2 117.4L109.1 192H402.9l-26.1-74.6C372.3 104.6 360.2 96 346.6 96H165.4c-13.6 0-25.7 8.6-30.2 21.4zM39.6 196.8L74.8 96.3C88.3 57.8 124.6 32 165.4 32H346.6c40.8 0 77.1 25.8 90.6 64.3l35.2 100.5c23.2 9.6 39.6 32.5 39.6 59.2V400v48c0 17.7-14.3 32-32 32H448c-17.7 0-32-14.3-32-32V400H96v48c0 17.7-14.3 32-32 32H32c-17.7 0-32-14.3-32-32V400 256c0-26.7 16.4-49.6 39.6-59.2zM128 288a32 32 0 1 0 -64 0 32 32 0 1 0 64 0zm288 32a32 32 0 1 0 0-64 32 32 0 1 0 0 64z\"><\/path><\/svg><\/span><span class=\"ghostkit-button-text\">Software kostenlos testen<\/span><\/a>\n<\/div><\/div>\n<\/div><\/div>\n\n\n\n<div class=\"ghostkit-col ghostkit-col-md-12 ghostkit-col-5 is-layout-flow wp-block-ghostkit-grid-column-is-layout-flow\"><div class=\"ghostkit-col-content\"><\/div><\/div>\n<\/div><\/div>\n<\/div>\n\n\n\n<div class=\"wp-block-group alignfull has-white-background-color has-background has-global-padding is-layout-constrained wp-container-core-group-is-layout-a151063b wp-block-group-is-layout-constrained\" style=\"padding-top:var(--wp--preset--spacing--50);padding-right:var(--wp--preset--spacing--40);padding-bottom:var(--wp--preset--spacing--50);padding-left:var(--wp--preset--spacing--40)\">\n<div class=\"ghostkit-grid ghostkit-grid-gap-lg\"><div class=\"ghostkit-grid-inner\">\n<div class=\"ghostkit-col ghostkit-col-lg-12 ghostkit-col-6\"><div class=\"ghostkit-col-content is-layout-flow wp-block-ghostkit-grid-column-is-layout-flow\">\n<h2 class=\"wp-block-heading\" id=\"was-kann-dynarex-on-demand\">Was kann DYNAREX on Demand?<\/h2>\n\n\n\n<p>Unser Komplettsystem zur&nbsp;<a href=\"https:\/\/dynarex.de\/de\/\">Erstellung von KFZ Gutachten<\/a>&nbsp;und Rechnungen inklusive DAT-Abrufen f\u00fcr 2 Benutzer pro Betriebsst\u00e4tte bietet Ihnen zahlreiche Funktionen:<\/p>\n\n\n\n<ul class=\"wp-block-list\">\n<li><strong>DAT-Transaktionen f\u00fcr Fahrzeugidentifikation,&nbsp;<a href=\"https:\/\/dynarex.de\/de\/restwert-auto\/\">Fahrzeugbewertung<\/a>, Fahrzeugkalkulation, Mietwagenkosten und Nutzungsausfall<\/strong><\/li>\n\n\n\n<li>Umfangreiche Auftragsverwaltung, Fahrzeugerfassung, Fotointegration, Adressverwaltung und E-Mail-Versand<\/li>\n\n\n\n<li><strong>Fahrzeugschein-Scan: Daten\u00fcbernahme aus dem Foto vom Fahrzeugschein, Typenschild, oder der VIN von der Frontscheibe<\/strong><\/li>\n\n\n\n<li>Anbindung an Restwertb\u00f6rsen und Marktwertermittlungen<\/li>\n\n\n\n<li><strong>Einsatzbereite Layouts f\u00fcr Gutachten, Textbausteine, Anschreiben und weitere Dokumentvorlagen<\/strong><\/li>\n\n\n\n<li>Erfassung von Gutachtenrechnungen und Verwaltung von Geb\u00fchrentabellen zur automatischen Honorarberechnung<\/li>\n\n\n\n<li>Mobile Schadenaufnahme mit unserer Tablet\/Smartphone-App (iOS\/Android), inklusive rechtssicherer elektronischer Unterschrift f\u00fcr Abtretungserkl\u00e4rungen vor Ort<\/li>\n\n\n\n<li><strong>Elektronischer Versand der Kalkulation direkt an Werkstatt-Systeme der SilverDAT 3<\/strong><\/li>\n<\/ul>\n<\/div><\/div>\n\n\n\n<div class=\"ghostkit-col ghostkit-col-lg-12 ghostkit-col-6\"><div class=\"ghostkit-col-content is-layout-flow wp-block-ghostkit-grid-column-is-layout-flow\">\n<h2 class=\"wp-block-heading\" id=\"was-kostet-dynarex-on-demand\">Was kostet DYNAREX on Demand?<\/h2>\n\n\n\n<p>Mit DYNAREX on Demand zahlen Sie lediglich&nbsp;<strong>49,90 \u20ac pro produktiv genutztem Auftrag<\/strong>, sofern dieser ein Fahrzeug enth\u00e4lt, das manuell oder mithilfe von \u201eSilverDAT 3\u201c identifiziert wurde.<\/p>\n\n\n\n<p><strong>F\u00fcr GT\u00dc-Partner nur 39 \u20ac pro Auftrag. &nbsp;&nbsp;<a href=\"https:\/\/dynarex.de\/de\/dynarex-gtue-on-demand\/\" target=\"_blank\" rel=\"noreferrer noopener\">&gt;&gt;weitere Infos und Bestellung hier&lt;&lt;<\/a><\/strong><\/p>\n\n\n\n<p><strong>Die Mindestabnahme betr\u00e4gt einen Auftrag pro Monat. Nicht genutzte Auftr\u00e4ge verfallen am Monatsende.<\/strong><\/p>\n\n\n\n<p>Falls Sie innerhalb von 24 Stunden eine \u00c4nderung oder Korrektur am identifizierten Fahrzeug vornehmen m\u00fcssen, k\u00f6nnen Sie dies einmalig kostenlos \u00fcber den Button \u201eFahrzeug zur\u00fccksetzen\u201c tun. Bitte beachten Sie, dass bei weiteren \u00c4nderungen nach der ersten ein zus\u00e4tzlicher Auftrag fakturiert wird.<\/p>\n\n\n\n<p>Am Ende jeden Monats stellen wir Ihnen die produktiv genutzten Auftr\u00e4ge, zuz\u00fcglich der gesetzlichen Mehrwertsteuer,&nbsp;in Rechnung und ziehen den Betrag bequem per SEPA-Lastschriftverfahren ein.<\/p>\n\n\n\n<p>Wir haben Ihnen hier einige Preisbeispiele f\u00fcr die&nbsp;<a href=\"https:\/\/dynarex.de\/de\/preise\/\">Kosten von DYNAREX<\/a>&nbsp;zusammengestellt.<\/p>\n\n\n\n<p><strong>Die Mindestabnahme pro Monat betr\u00e4gt einen Auftrag. Nicht genutzte Auftr\u00e4ge verfallen am Monatsende.<\/strong><\/p>\n\n\n\n<p>Bitte beachten Sie, dass bei der Nutzung von Restwertb\u00f6rsen oder Services zur Marktwertermittlung zus\u00e4tzliche Kosten durch die jeweiligen Anbieter anfallen k\u00f6nnen.<\/p>\n\n\n\n<p>Alle Preisangaben verstehen sich zzgl. gesetzt. MwSt..<\/p>\n<\/div><\/div>\n\n\n\n<div class=\"ghostkit-col ghostkit-col-lg-12 ghostkit-col-6\"><div class=\"ghostkit-col-content is-layout-flow wp-block-ghostkit-grid-column-is-layout-flow\">\n<h2 class=\"wp-block-heading\" id=\"welche-vertragslaufzeiten-gelten\">Welche Vertragslaufzeiten gelten?<\/h2>\n\n\n\n<p>Die Vertragslaufzeit betr\u00e4gt 12 Monate und verl\u00e4ngert sich danach auf unbefristete Zeit. Eine K\u00fcndigung in der unbefristeten Laufzeit ist in schriftlicher Form mit einer Frist von 3 Monaten vor Ablauf des jeweiligen Kalenderjahres m\u00f6glich.<\/p>\n\n\n\n<h3 class=\"wp-block-heading\" id=\"kann-ich-mit-meinen-daten-von-dynarex-zu-dynarex-on-demand-und-umgekehrt-wechseln\">Kann ich mit meinen Daten von DYNAREX zu DYNAREX on Demand und umgekehrt wechseln?<\/h3>\n\n\n\n<p>Der Wechsel zwischen den Anwendungen ist jederzeit ohne Einhaltung einer Frist mit Abschluss eines neuen Vertrages und neuer Laufzeit m\u00f6glich. Alle Auftr\u00e4ge stehen nach der Umstellung automatisch auch im Zielsystem zur Verf\u00fcgung.<\/p>\n\n\n\n<p>Zu beachten ist, dass beim Wechsel die DAT-Zugangsdaten ge\u00e4ndert werden. Alle Kalkulationen und Bewertungen sollten zum Umstellungstermin abgeschlossen sein. Eine sp\u00e4tere \u00c4nderung oder Korrektur f\u00fchrt automatisch zur Neuanlage eines entsprechenden DAT-Dossiers und damit zur Neuberechnung.<\/p>\n<\/div><\/div>\n\n\n\n<div class=\"ghostkit-col ghostkit-col-lg-12 ghostkit-col-6\"><div class=\"ghostkit-col-content is-layout-flow wp-block-ghostkit-grid-column-is-layout-flow\">\n<h2 class=\"wp-block-heading\" id=\"wie-kann-man-dynarex-on-demand-bestellen\">Wie kann man DYNAREX on Demand bestellen?<\/h2>\n\n\n\n<p>Das Bestellvorgang f\u00fcr DYNAREX on Demand kann direkt auf dieser Seite (siehe unten) ausgel\u00f6st&nbsp;werden.<\/p>\n\n\n\n<p>Alternativ steht das Bestellformular (PDF) auf der Bestellseite zur Verf\u00fcgung. Das unterschriebene Bestellformular kann per E-Mail an info@onrex.de gesendet werden. Die Auftragsbest\u00e4tigung und Zugangsdaten f\u00fcr DYNAREX on Demand werden danach per E-Mail \u00fcbermittelt.<\/p>\n\n\n\n<p>Noch einfacher geht die Bestellung per Telefon beim:<\/p>\n\n\n\n<ul class=\"wp-block-list\">\n<li><strong>DYNAREX-Support unter&nbsp;<a>03431 6286299<\/a><\/strong><\/li>\n<\/ul>\n\n\n\n<p>oder \u00fcber einen<\/p>\n\n\n\n<ul class=\"wp-block-list\">\n<li><strong><a href=\"https:\/\/dynarex.de\/de\/unternehmen\/\" target=\"_blank\" rel=\"noreferrer noopener\">DAT Sales Repr\u00e4sentatives in Ihrer Region &lt;&lt;<\/a><\/strong><\/li>\n<\/ul>\n<\/div><\/div>\n\n\n\n<div class=\"ghostkit-col ghostkit-col-lg-12 ghostkit-col-6\"><div class=\"ghostkit-col-content is-layout-flow wp-block-ghostkit-grid-column-is-layout-flow\">\n<h2 class=\"wp-block-heading\" id=\"gibt-es-eine-anwenderschulung-weiterfuhrende-online-anleitungen-und-einen-telefonischen-support\">Gibt es eine Anwenderschulung, weiterf\u00fchrende Online-Anleitungen und einen telefonischen Support?<\/h2>\n\n\n\n<p>Nach \u00dcbermittlung der Zugangsdaten f\u00fcr DYNAREX on Demand, wird telefonisch der Termin f\u00fcr die Ersteinweisung (Online\/Telefon) abgestimmt. Die Ersteinweisung erfolgt ohne Berechnung.<\/p>\n\n\n\n<p>Weiterf\u00fchrende Anleitung &nbsp;stehen zur verf\u00fcgung auf:<\/p>\n\n\n\n<ul class=\"wp-block-list\">\n<li>der&nbsp;<a href=\"https:\/\/support.dynarex.de\/\" target=\"_blank\" rel=\"noreferrer noopener\"><strong>Supportseite von DYNAREX<\/strong><\/a>&nbsp; und<\/li>\n\n\n\n<li>auf &nbsp;<strong><a href=\"https:\/\/www.youtube.com\/c\/DYNAREXtutorials\/videos\" target=\"_blank\" rel=\"noreferrer noopener\">YouTube-Channel \u201eDYNAREX\u201c<\/a>&nbsp;<\/strong><\/li>\n<\/ul>\n\n\n\n<p>Dar\u00fcber hinaus unterst\u00fctzt das Service und Support-Team gern auch telefonisch, wochentags in der Zeit von 8.00 Uhr bis 17.00 Uhr unter&nbsp;<a>03431 6286299<\/a><\/p>\n<\/div><\/div>\n\n\n\n<div class=\"ghostkit-col ghostkit-col-lg-12 ghostkit-col-6\"><div class=\"ghostkit-col-content is-layout-flow wp-block-ghostkit-grid-column-is-layout-flow\">\n<h2 class=\"wp-block-heading\" id=\"weitere-informationen\">Weitere Informationen<\/h2>\n\n\n\n<ul class=\"wp-block-list\">\n<li><a href=\"https:\/\/dynarex.de\/de\/kfz-gutachter-software\/\">Leistungsbeschreibung DYNAREX &gt;&gt;&gt;<\/a><\/li>\n\n\n\n<li><a href=\"https:\/\/www.dat.de\/webinare\/info-webinare\/\" target=\"_blank\" rel=\"noopener\">Info-Webinare zu DYNAREX &gt;&gt;&gt;<\/a><\/li>\n\n\n\n<li><a href=\"https:\/\/www.youtube.com\/@DYNAREXtutorials\/videos\" target=\"_blank\" rel=\"noopener\">YouTube (Video-Tutorials) &gt;&gt;&gt;<\/a><\/li>\n\n\n\n<li><a href=\"https:\/\/support.dynarex.de\/\">Support-Blog &gt;&gt;&gt;<\/a><\/li>\n\n\n\n<li>Telefon-Support unter&nbsp;<a>03431 6286299<\/a><\/li>\n<\/ul>\n<\/div><\/div>\n<\/div><\/div>\n<\/div>\n\n\n\n<div class=\"wp-block-group alignfull has-custom-4-background-color has-background has-global-padding is-layout-constrained wp-container-core-group-is-layout-a151063b wp-block-group-is-layout-constrained\" style=\"padding-top:var(--wp--preset--spacing--50);padding-right:var(--wp--preset--spacing--40);padding-bottom:var(--wp--preset--spacing--50);padding-left:var(--wp--preset--spacing--40)\">\n<h2 class=\"wp-block-heading has-text-align-center has-white-color has-text-color has-link-color wp-elements-659d6c5d806cebec046dd1d304b5a4d3\" id=\"dynarex-online-schulungen\">DYNAREX on Demand bestellen<\/h2>\n\n\n\n<div class=\"wp-block-group is-content-justification-center is-layout-flex wp-container-core-group-is-layout-b02886af wp-block-group-is-layout-flex\">\n<div class=\"ghostkit-button-wrapper ghostkit-button-wrapper-gap-md\"><div class=\"ghostkit-button-wrapper-inner\">\n<a class=\"ghostkit-button ghostkit-button-md\" href=\"https:\/\/dynarex.de\/de\/bestellformular-dynarex-on-demand\/\"><span class=\"ghostkit-button-icon ghostkit-button-icon-right\"><svg class=\"ghostkit-svg-icon ghostkit-svg-icon-fa\" aria-hidden=\"true\" role=\"img\" xmlns=\"http:\/\/www.w3.org\/2000\/svg\" viewBox=\"0 0 320 512\"><path fill=\"currentColor\" d=\"M278.6 233.4c12.5 12.5 12.5 32.8 0 45.3l-160 160c-12.5 12.5-32.8 12.5-45.3 0s-12.5-32.8 0-45.3L210.7 256 73.4 118.6c-12.5-12.5-12.5-32.8 0-45.3s32.8-12.5 45.3 0l160 160z\"><\/path><\/svg><\/span><span class=\"ghostkit-button-text\">DYNAREX on Demand direkt buchen<\/span><\/a>\n<\/div><\/div>\n\n\n\n<div class=\"ghostkit-button-wrapper ghostkit-button-wrapper-gap-md\"><div class=\"ghostkit-button-wrapper-inner\">\n<a class=\"ghostkit-button ghostkit-button-md outline\" href=\"https:\/\/dynarex.de\/de\/demo\/\"><span class=\"ghostkit-button-icon ghostkit-button-icon-right\"><svg class=\"ghostkit-svg-icon ghostkit-svg-icon-fa\" aria-hidden=\"true\" role=\"img\" xmlns=\"http:\/\/www.w3.org\/2000\/svg\" viewBox=\"0 0 512 512\"><path fill=\"currentColor\" d=\"M135.2 117.4L109.1 192H402.9l-26.1-74.6C372.3 104.6 360.2 96 346.6 96H165.4c-13.6 0-25.7 8.6-30.2 21.4zM39.6 196.8L74.8 96.3C88.3 57.8 124.6 32 165.4 32H346.6c40.8 0 77.1 25.8 90.6 64.3l35.2 100.5c23.2 9.6 39.6 32.5 39.6 59.2V400v48c0 17.7-14.3 32-32 32H448c-17.7 0-32-14.3-32-32V400H96v48c0 17.7-14.3 32-32 32H32c-17.7 0-32-14.3-32-32V400 256c0-26.7 16.4-49.6 39.6-59.2zM128 288a32 32 0 1 0 -64 0 32 32 0 1 0 64 0zm288 32a32 32 0 1 0 0-64 32 32 0 1 0 0 64z\"><\/path><\/svg><\/span><span class=\"ghostkit-button-text\">Software kostenlos testen<\/span><\/a>\n<\/div><\/div>\n<\/div>\n<\/div>\n","protected":false},"excerpt":{"rendered":"<p>DYNAREX on Demand Optimal f\u00fcr 1 bis 5 Auftr\u00e4ge im Monat Was ist DYNAREX on Demand? Welche Vorteile bietet die Anwendung und f\u00fcr wen lohnt sich der Einsatz? Entdecken Sie die innovative Softwarel\u00f6sung DYNAREX on Demand! Die Komplettl\u00f6sung verbindet Managementsystem und DAT SilverDAT 3-Abrufe und bietet zahlreiche Vorteile f\u00fcr Sachverst\u00e4ndige. hohe Flexibilit\u00e4t und kalkulierbare Kosten [&hellip;]<\/p>\n","protected":false},"author":7,"featured_media":0,"parent":0,"menu_order":0,"comment_status":"closed","ping_status":"closed","template":"","meta":{"ghostkit_customizer_options":"","ghostkit_custom_css":"","ghostkit_custom_js_head":"","ghostkit_custom_js_foot":"","ghostkit_typography":"","footnotes":""},"class_list":["post-882","page","type-page","status-publish","hentry"],"_links":{"self":[{"href":"https:\/\/dynarex.de\/de\/wp-json\/wp\/v2\/pages\/882","targetHints":{"allow":["GET"]}}],"collection":[{"href":"https:\/\/dynarex.de\/de\/wp-json\/wp\/v2\/pages"}],"about":[{"href":"https:\/\/dynarex.de\/de\/wp-json\/wp\/v2\/types\/page"}],"author":[{"embeddable":true,"href":"https:\/\/dynarex.de\/de\/wp-json\/wp\/v2\/users\/7"}],"replies":[{"embeddable":true,"href":"https:\/\/dynarex.de\/de\/wp-json\/wp\/v2\/comments?post=882"}],"version-history":[{"count":8,"href":"https:\/\/dynarex.de\/de\/wp-json\/wp\/v2\/pages\/882\/revisions"}],"predecessor-version":[{"id":1428,"href":"https:\/\/dynarex.de\/de\/wp-json\/wp\/v2\/pages\/882\/revisions\/1428"}],"wp:attachment":[{"href":"https:\/\/dynarex.de\/de\/wp-json\/wp\/v2\/media?parent=882"}],"curies":[{"name":"wp","href":"https:\/\/api.w.org\/{rel}","templated":true}]}}