{"id":871,"date":"2024-03-25T15:13:45","date_gmt":"2024-03-25T15:13:45","guid":{"rendered":"https:\/\/dynarex.de\/?page_id=871"},"modified":"2024-04-08T14:20:19","modified_gmt":"2024-04-08T14:20:19","slug":"dynarex-on-demand-plus","status":"publish","type":"page","link":"https:\/\/dynarex.de\/de\/dynarex-on-demand-plus\/","title":{"rendered":"DYNAREX on Demand plus"},"content":{"rendered":"\n<div class=\"wp-block-group alignfull has-custom-4-background-color has-background has-global-padding is-layout-constrained wp-container-core-group-is-layout-a151063b wp-block-group-is-layout-constrained\" style=\"padding-top:var(--wp--preset--spacing--50);padding-right:var(--wp--preset--spacing--40);padding-bottom:var(--wp--preset--spacing--50);padding-left:var(--wp--preset--spacing--40)\">\n<div class=\"ghostkit-grid ghostkit-grid-gap-md ghostkit-grid-align-items-center\"><div class=\"ghostkit-grid-inner\">\n<div class=\"ghostkit-col ghostkit-col-lg-12 ghostkit-col-9\"><div class=\"ghostkit-col-content is-layout-flow wp-block-ghostkit-grid-column-is-layout-flow\">\n<h1 class=\"wp-block-heading has-white-color has-text-color has-link-color wp-elements-39bd75dfaca24dd222c8facc1aebca81\" id=\"dynarex-online-schulungen\">DYNAREX on Demand plus<\/h1>\n\n\n\n<p class=\"has-white-color has-text-color has-link-color wp-elements-6652cbeed1fe79970076eaeaaa4cffaa\">F\u00fcr B\u00fcros mit 5 bis 20 Auftr\u00e4ge im Monat<\/p>\n\n\n\n<h2 class=\"wp-block-heading has-white-color has-text-color has-link-color has-x-large-font-size wp-elements-6221bf928fff84b934c44ae413f4877e\" id=\"was-ist-dynarex-on-demand-plus\">Was ist DYNAREX on Demand plus?<\/h2>\n\n\n\n<p class=\"has-white-color has-text-color has-link-color wp-elements-bd8255bd09fcac6b08a7179a61208df3\">Im Gegensatz zu anderen Softwarel\u00f6sungen wird bei DYNAREX on Demand kein pauschaler Preis pro Monat berechnet.&nbsp;<strong>Stattdessen wird der Preis entsprechend der Anzahl der tats\u00e4chlich genutzten Auftr\u00e4ge abgerechnet<\/strong>.<\/p>\n<\/div><\/div>\n<\/div><\/div>\n\n\n\n<div class=\"ghostkit-button-wrapper ghostkit-button-wrapper-gap-md\"><div class=\"ghostkit-button-wrapper-inner\">\n<a class=\"ghostkit-button ghostkit-button-md\" href=\"https:\/\/dynarex.de\/de\/bestellformular-dynarex-on-demand-plus\/\"><span class=\"ghostkit-button-icon ghostkit-button-icon-right\"><svg class=\"ghostkit-svg-icon ghostkit-svg-icon-fa\" aria-hidden=\"true\" role=\"img\" xmlns=\"http:\/\/www.w3.org\/2000\/svg\" viewBox=\"0 0 320 512\"><path fill=\"currentColor\" d=\"M278.6 233.4c12.5 12.5 12.5 32.8 0 45.3l-160 160c-12.5 12.5-32.8 12.5-45.3 0s-12.5-32.8 0-45.3L210.7 256 73.4 118.6c-12.5-12.5-12.5-32.8 0-45.3s32.8-12.5 45.3 0l160 160z\"><\/path><\/svg><\/span><span class=\"ghostkit-button-text\">DYNAREX on Demand plus buchen<\/span><\/a>\n<\/div><\/div>\n\n\n\n<div class=\"ghostkit-button-wrapper ghostkit-button-wrapper-gap-md\"><div class=\"ghostkit-button-wrapper-inner\">\n<a class=\"ghostkit-button ghostkit-button-md outline\" href=\"https:\/\/dynarex.de\/de\/demo\/\"><span class=\"ghostkit-button-icon ghostkit-button-icon-right\"><svg class=\"ghostkit-svg-icon ghostkit-svg-icon-fa\" aria-hidden=\"true\" role=\"img\" xmlns=\"http:\/\/www.w3.org\/2000\/svg\" viewBox=\"0 0 512 512\"><path fill=\"currentColor\" d=\"M135.2 117.4L109.1 192H402.9l-26.1-74.6C372.3 104.6 360.2 96 346.6 96H165.4c-13.6 0-25.7 8.6-30.2 21.4zM39.6 196.8L74.8 96.3C88.3 57.8 124.6 32 165.4 32H346.6c40.8 0 77.1 25.8 90.6 64.3l35.2 100.5c23.2 9.6 39.6 32.5 39.6 59.2V400v48c0 17.7-14.3 32-32 32H448c-17.7 0-32-14.3-32-32V400H96v48c0 17.7-14.3 32-32 32H32c-17.7 0-32-14.3-32-32V400 256c0-26.7 16.4-49.6 39.6-59.2zM128 288a32 32 0 1 0 -64 0 32 32 0 1 0 64 0zm288 32a32 32 0 1 0 0-64 32 32 0 1 0 0 64z\"><\/path><\/svg><\/span><span class=\"ghostkit-button-text\">Software kostenlos testen<\/span><\/a>\n<\/div><\/div>\n<\/div>\n\n\n\n<div class=\"wp-block-group alignfull has-global-padding is-layout-constrained wp-container-core-group-is-layout-a151063b wp-block-group-is-layout-constrained\" style=\"padding-top:var(--wp--preset--spacing--50);padding-right:var(--wp--preset--spacing--40);padding-bottom:var(--wp--preset--spacing--50);padding-left:var(--wp--preset--spacing--40)\">\n<div class=\"ghostkit-grid ghostkit-grid-gap-md\"><div class=\"ghostkit-grid-inner\">\n<div class=\"ghostkit-col ghostkit-col-md-12 ghostkit-col-7\"><div class=\"ghostkit-col-content is-layout-flow wp-block-ghostkit-grid-column-is-layout-flow\">\n<h3 class=\"wp-block-heading\" id=\"welche-vorteile-bietet-dynarex-on-demand-plus\">Welche Vorteile bietet \u201eDYNAREX on Demand plus\u201c?<\/h3>\n\n\n\n<p>Die Komplettl\u00f6sung verbindet die KFZ-Sachverst\u00e4ndigenl\u00f6sung DYNAREX mit &nbsp;DAT \u201eSilverDAT 3\u201c Abrufen zu einem vollumf\u00e4nglichen Komplettsystem.<br>Gegen\u00fcber \u201eDYNAREX on Demand\u201c bietet die \u201eplus\u201c-Version&nbsp;<strong>mehr Funktionen, &nbsp;5 Benutzer und eine Staffelung des Preises pro Vorgang.<\/strong><\/p>\n\n\n\n<p>DYNAREX on Demand plus eignet sich besonders f\u00fcr KFZ-Sachverst\u00e4ndigenb\u00fcros die 5 bis 20 Auftr\u00e4ge im Monat erstellen und Sachverst\u00e4ndige, die nicht auf eine professionelle Anwendung verzichten m\u00f6chten aber dennoch mit kalkulierbaren Softwarekosten pro Auftrag arbeiten m\u00f6chten.<\/p>\n\n\n\n<div class=\"ghostkit-button-wrapper ghostkit-button-wrapper-gap-md\"><div class=\"ghostkit-button-wrapper-inner\">\n<a class=\"ghostkit-button ghostkit-button-md\" href=\"https:\/\/dynarex.de\/de\/bestellformular-dynarex-on-demand-plus\/\"><span class=\"ghostkit-button-icon ghostkit-button-icon-right\"><svg class=\"ghostkit-svg-icon ghostkit-svg-icon-fa\" aria-hidden=\"true\" role=\"img\" xmlns=\"http:\/\/www.w3.org\/2000\/svg\" viewBox=\"0 0 320 512\"><path fill=\"currentColor\" d=\"M278.6 233.4c12.5 12.5 12.5 32.8 0 45.3l-160 160c-12.5 12.5-32.8 12.5-45.3 0s-12.5-32.8 0-45.3L210.7 256 73.4 118.6c-12.5-12.5-12.5-32.8 0-45.3s32.8-12.5 45.3 0l160 160z\"><\/path><\/svg><\/span><span class=\"ghostkit-button-text\">DYNAREX on Demand plus buchen<\/span><\/a>\n<\/div><\/div>\n\n\n\n<div class=\"ghostkit-button-wrapper ghostkit-button-wrapper-gap-md\"><div class=\"ghostkit-button-wrapper-inner\">\n<a class=\"ghostkit-button ghostkit-button-md outline\" href=\"https:\/\/dynarex.de\/de\/demo\/\"><span class=\"ghostkit-button-icon ghostkit-button-icon-right\"><svg class=\"ghostkit-svg-icon ghostkit-svg-icon-fa\" aria-hidden=\"true\" role=\"img\" xmlns=\"http:\/\/www.w3.org\/2000\/svg\" viewBox=\"0 0 512 512\"><path fill=\"currentColor\" d=\"M135.2 117.4L109.1 192H402.9l-26.1-74.6C372.3 104.6 360.2 96 346.6 96H165.4c-13.6 0-25.7 8.6-30.2 21.4zM39.6 196.8L74.8 96.3C88.3 57.8 124.6 32 165.4 32H346.6c40.8 0 77.1 25.8 90.6 64.3l35.2 100.5c23.2 9.6 39.6 32.5 39.6 59.2V400v48c0 17.7-14.3 32-32 32H448c-17.7 0-32-14.3-32-32V400H96v48c0 17.7-14.3 32-32 32H32c-17.7 0-32-14.3-32-32V400 256c0-26.7 16.4-49.6 39.6-59.2zM128 288a32 32 0 1 0 -64 0 32 32 0 1 0 64 0zm288 32a32 32 0 1 0 0-64 32 32 0 1 0 0 64z\"><\/path><\/svg><\/span><span class=\"ghostkit-button-text\">Software kostenlos testen<\/span><\/a>\n<\/div><\/div>\n<\/div><\/div>\n\n\n\n<div class=\"ghostkit-col ghostkit-col-md-12 ghostkit-col-5 is-layout-flow wp-block-ghostkit-grid-column-is-layout-flow\"><div class=\"ghostkit-col-content\"><\/div><\/div>\n<\/div><\/div>\n<\/div>\n\n\n\n<div class=\"wp-block-group alignfull has-white-background-color has-background has-global-padding is-layout-constrained wp-container-core-group-is-layout-a151063b wp-block-group-is-layout-constrained\" style=\"padding-top:var(--wp--preset--spacing--50);padding-right:var(--wp--preset--spacing--40);padding-bottom:var(--wp--preset--spacing--50);padding-left:var(--wp--preset--spacing--40)\">\n<div class=\"ghostkit-grid ghostkit-grid-gap-lg\"><div class=\"ghostkit-grid-inner\">\n<div class=\"ghostkit-col ghostkit-col-lg-12 ghostkit-col-6\"><div class=\"ghostkit-col-content is-layout-flow wp-block-ghostkit-grid-column-is-layout-flow\">\n<h2 class=\"wp-block-heading\" id=\"was-kann-dynarex-on-demand-plus\">Was kann DYNAREX on Demand plus?<\/h2>\n\n\n\n<p>Unser Komplettsystem f\u00fcr bis zu 5 Benutzer pro Mandant mit den Modulen \u201eCore\u201c, \u201eplus\u201c, \u201einvoice\u201c und \u201epayment\u201c inklusive DAT-SilverDAT 3 Abrufe bietet Ihnen zahlreiche folgende Funktionen:<\/p>\n\n\n\n<ul class=\"wp-block-list\">\n<li><strong>DAT-Transaktionen f\u00fcr Fahrzeugidentifikation,&nbsp;<a href=\"https:\/\/dynarex.de\/de\/restwert-auto\/\">Fahrzeugbewertung<\/a>, Fahrzeugkalkulation, Mietwagenkosten und Nutzungsausfall<\/strong><\/li>\n\n\n\n<li>Umfangreiche Auftragsverwaltung, Fahrzeugerfassung, Fotointegration, Adressverwaltung und E-Mail-Versand<\/li>\n\n\n\n<li><strong>Fahrzeugschein-Scanner<\/strong>: Daten\u00fcbernahme aus dem Foto vom Fahrzeugschein, Typenschild, oder der VIN von der Frontscheibe<\/li>\n\n\n\n<li>Anbindung an Restwertb\u00f6rsen und Marktwertermittlungen<\/li>\n\n\n\n<li><strong>Einsatzbereite Layouts f\u00fcr Gutachten, Textbausteine, Anschreiben und weitere Dokumentvorlagen<\/strong><\/li>\n\n\n\n<li>Erfassung von Gutachtenrechnungen und Verwaltung von Geb\u00fchrentabellen zur automatischen Honorarberechnung<\/li>\n\n\n\n<li><strong>Zahlungseingang, Mahnwesen und Statistik<\/strong><\/li>\n\n\n\n<li>Mobile Schadenaufnahme mit unserer Tablet\/Smartphone-App (iOS\/Android), inklusive rechtssicherer elektronischer Unterschrift f\u00fcr Abtretungserkl\u00e4rungen vor Ort<\/li>\n\n\n\n<li><strong>Elektronischer Versand der Kalkulation direkt an Werkstatt-Systeme mit SilverDAT 2 oder SilverDAT 3<\/strong><\/li>\n<\/ul>\n<\/div><\/div>\n\n\n\n<div class=\"ghostkit-col ghostkit-col-lg-12 ghostkit-col-6\"><div class=\"ghostkit-col-content is-layout-flow wp-block-ghostkit-grid-column-is-layout-flow\">\n<h2 class=\"wp-block-heading\" id=\"was-kostet-dynarex-on-demand-plus\">Was kostet \u201eDYNAREX on Demand plus\u201c?<\/h2>\n\n\n\n<p><strong>Mit der \u201eplus\u201c-Version reduziert sich der Preis pro Auftrag, je mehr Auftr\u00e4ge im Monat erstellt werden.<\/strong><\/p>\n\n\n\n<p>Die Abrechnung erfolgt monatlich nach Preisstaffel wie folgt:<br><strong>59,90&nbsp;<\/strong>\u20ac\/Auftrag ab&nbsp;<strong>einen<\/strong>&nbsp;Auftrag im Monat.<br><strong>39,90&nbsp;<\/strong>\u20ac\/Auftrag&nbsp;ab&nbsp;<strong>f\u00fcnf<\/strong>&nbsp;Auftr\u00e4ge im Monat.<br><strong>29,90&nbsp;<\/strong>\u20ac\/Auftrag&nbsp;ab&nbsp;<strong>zehn<\/strong>&nbsp;Auftr\u00e4ge im Monat.<br><strong>19,90&nbsp;<\/strong>\u20ac\/Auftrag&nbsp;ab&nbsp;<strong>f\u00fcnfzehn<\/strong>&nbsp;Auftr\u00e4ge im Monat.<\/p>\n\n\n\n<p><strong>Die Mindestabnahme betr\u00e4gt 2 Auftr\u00e4ge pro Monat. Nicht genutzte Auftr\u00e4ge verfallen am Monatsende.<\/strong><\/p>\n\n\n\n<p>Mit DYNAREX on Demand plus zahlen Sie entsprechend der Preisstaffel f\u00fcr jeden&nbsp;<strong>produktiv<\/strong>&nbsp;genutzten Auftrag, sofern dieser ein Fahrzeug enth\u00e4lt, das manuell oder mithilfe von \u201eSilverDAT 3\u201c identifiziert wurde. Falls Sie innerhalb von 24 Stunden eine \u00c4nderung oder Korrektur am identifizierten Fahrzeug vornehmen m\u00fcssen, k\u00f6nnen Sie dies einmalig kostenlos \u00fcber den Button \u201eFahrzeug zur\u00fccksetzen\u201c tun. Bitte beachten Sie, dass bei weiteren \u00c4nderungen nach der ersten ein zus\u00e4tzlicher Auftrag fakturiert wird.<\/p>\n\n\n\n<p>Am Ende jeden Monats stellen wir Ihnen die produktiv genutzten Auftr\u00e4ge, zuz\u00fcglich der gesetzlichen Mehrwertsteuer,&nbsp;in Rechnung und ziehen den Betrag bequem per SEPA-Lastschriftverfahren ein.<\/p>\n\n\n\n<p>Bitte beachten Sie, dass bei der Nutzung von Restwertb\u00f6rsen oder Services zur Marktwertermittlung zus\u00e4tzliche Kosten durch die jeweiligen Anbieter anfallen k\u00f6nnen.<\/p>\n\n\n\n<p>Alle Preisangaben verstehen sich zzgl. gesetzt. MwSt..<\/p>\n<\/div><\/div>\n\n\n\n<div class=\"ghostkit-col ghostkit-col-lg-12 ghostkit-col-6\"><div class=\"ghostkit-col-content is-layout-flow wp-block-ghostkit-grid-column-is-layout-flow\">\n<h2 class=\"wp-block-heading\" id=\"welche-vertragslaufzeiten-gelten\">Welche Vertragslaufzeiten gelten?<\/h2>\n\n\n\n<p>Die Vertragslaufzeit betr\u00e4gt 12 Monate und verl\u00e4ngert sich danach auf unbefristete Zeit. Eine K\u00fcndigung in der unbefristeten Laufzeit ist in schriftlicher Form mit einer Frist von 3 Monaten vor Ablauf des jeweiligen Kalenderjahres m\u00f6glich.<\/p>\n\n\n\n<h3 class=\"wp-block-heading has-x-large-font-size\" id=\"kann-ich-mit-meinen-daten-von-dynarex-zu-dynarex-on-demand-plus-und-umgekehrt-wechseln\">Kann ich mit meinen Daten von \u201eDYNAREX\u201c zu \u201eDYNAREX on Demand plus\u201c und umgekehrt wechseln?<\/h3>\n\n\n\n<p>Der Wechsel zwischen den Anwendungen ist jederzeit ohne Einhaltung einer Frist mit Abschluss eines neuen Vertrages und neuer Laufzeit m\u00f6glich. Alle Auftr\u00e4ge stehen nach der Umstellung automatisch auch im Zielsystem zur Verf\u00fcgung.<\/p>\n\n\n\n<p>Zu beachten ist, dass beim Wechsel die DAT-Zugangsdaten ge\u00e4ndert werden. Alle Kalkulationen und Bewertungen sollten zum Umstellungstermin abgeschlossen sein. Eine sp\u00e4tere \u00c4nderung oder Korrektur f\u00fchrt automatisch zur Neuanlage eines entsprechenden DAT-Dossiers und damit zur Neuberechnung.<\/p>\n<\/div><\/div>\n\n\n\n<div class=\"ghostkit-col ghostkit-col-lg-12 ghostkit-col-6\"><div class=\"ghostkit-col-content is-layout-flow wp-block-ghostkit-grid-column-is-layout-flow\">\n<h2 class=\"wp-block-heading\" id=\"wie-kann-man-dynarex-on-demand-plus-bestellen\">Wie kann man \u201eDYNAREX on Demand plus\u201cbestellen?<\/h2>\n\n\n\n<p>Das Bestellvorgang f\u00fcr \u201eDYNAREX on Demand plus\u201c kann direkt auf dieser Seite (siehe unten) ausgel\u00f6st werden.<\/p>\n\n\n\n<p>Alternativ steht das Bestellformular (PDF) auf der Bestellseite zur Verf\u00fcgung. Das unterschriebene Bestellformular kann per E-Mail an info@onrex.de gesendet werden. Die Auftragsbest\u00e4tigung und Zugangsdaten f\u00fcr DYNAREX on Demand werden danach per E-Mail \u00fcbermittelt.<\/p>\n\n\n\n<p>Noch einfacher geht die Bestellung per Telefon beim:<\/p>\n\n\n\n<ul class=\"wp-block-list\">\n<li><strong>DYNAREX-Support unter&nbsp;<a>03431 6286299<\/a><\/strong><\/li>\n<\/ul>\n\n\n\n<p>oder \u00fcber einen<\/p>\n\n\n\n<ul class=\"wp-block-list\">\n<li><strong><a href=\"https:\/\/dynarex.de\/de\/unternehmen\/\" target=\"_blank\" rel=\"noreferrer noopener\">DAT Sales Repr\u00e4sentatives in Ihrer Region &lt;&lt;<\/a><\/strong><\/li>\n<\/ul>\n<\/div><\/div>\n\n\n\n<div class=\"ghostkit-col ghostkit-col-lg-12 ghostkit-col-6\"><div class=\"ghostkit-col-content is-layout-flow wp-block-ghostkit-grid-column-is-layout-flow\">\n<h2 class=\"wp-block-heading\" id=\"gibt-es-eine-anwenderschulung-weiterfuhrende-online-anleitungen-und-einen-telefonischen-support\">Gibt es eine Anwenderschulung, weiterf\u00fchrende Online-Anleitungen und einen telefonischen Support?<\/h2>\n\n\n\n<p>Nach \u00dcbermittlung der Zugangsdaten f\u00fcr DYNAREX on Demand, wird telefonisch der Termin f\u00fcr die Ersteinweisung (Online\/Telefon) abgestimmt. Die Ersteinweisung erfolgt ohne Berechnung.<\/p>\n\n\n\n<p>Weiterf\u00fchrende Anleitung &nbsp;stehen zur verf\u00fcgung auf:<\/p>\n\n\n\n<ul class=\"wp-block-list\">\n<li>der&nbsp;<a href=\"https:\/\/support.dynarex.de\/\" target=\"_blank\" rel=\"noreferrer noopener\"><strong>Supportseite von DYNAREX<\/strong><\/a>&nbsp; und<\/li>\n\n\n\n<li>auf &nbsp;<strong><a href=\"https:\/\/www.youtube.com\/c\/DYNAREXtutorials\/videos\" target=\"_blank\" rel=\"noreferrer noopener\">YouTube-Channel \u201eDYNAREX\u201c<\/a>&nbsp;<\/strong><\/li>\n<\/ul>\n\n\n\n<p>Dar\u00fcber hinaus unterst\u00fctzt das Service und Support-Team gern auch telefonisch, wochentags in der Zeit von 8.00 Uhr bis 17.00 Uhr unter&nbsp;<a>03431 6286299<\/a><\/p>\n<\/div><\/div>\n\n\n\n<div class=\"ghostkit-col ghostkit-col-lg-12 ghostkit-col-6\"><div class=\"ghostkit-col-content is-layout-flow wp-block-ghostkit-grid-column-is-layout-flow\">\n<h2 class=\"wp-block-heading\" id=\"weitere-informationen\">Weitere Informationen<\/h2>\n\n\n\n<ul class=\"wp-block-list\">\n<li><a href=\"https:\/\/dynarex.de\/de\/kfz-gutachter-software\/\">Leistungsbeschreibung DYNAREX &gt;&gt;&gt;<\/a><\/li>\n\n\n\n<li><a href=\"https:\/\/www.dat.de\/webinare\/info-webinare\/\" target=\"_blank\" rel=\"noopener\">Info-Webinare zu DYNAREX &gt;&gt;&gt;<\/a><\/li>\n\n\n\n<li><a href=\"https:\/\/www.youtube.com\/@DYNAREXtutorials\/videos\" target=\"_blank\" rel=\"noopener\">YouTube (Video-Tutorials) &gt;&gt;&gt;<\/a><\/li>\n\n\n\n<li><a href=\"https:\/\/support.dynarex.de\/\">Support-Blog &gt;&gt;&gt;<\/a><\/li>\n\n\n\n<li>Telefon-Support unter&nbsp;<a>03431 6286299<\/a><\/li>\n<\/ul>\n<\/div><\/div>\n<\/div><\/div>\n<\/div>\n\n\n\n<div class=\"wp-block-group alignfull has-custom-4-background-color has-background has-global-padding is-layout-constrained wp-container-core-group-is-layout-a151063b wp-block-group-is-layout-constrained\" style=\"padding-top:var(--wp--preset--spacing--50);padding-right:var(--wp--preset--spacing--40);padding-bottom:var(--wp--preset--spacing--50);padding-left:var(--wp--preset--spacing--40)\">\n<h2 class=\"wp-block-heading has-text-align-center has-white-color has-text-color has-link-color wp-elements-b816256c369a40285b29233aaa83ddfa\" id=\"dynarex-online-schulungen\">DYNAREX on Demand plus bestellen<\/h2>\n\n\n\n<div class=\"wp-block-group is-content-justification-center is-layout-flex wp-container-core-group-is-layout-b02886af wp-block-group-is-layout-flex\">\n<div class=\"ghostkit-button-wrapper ghostkit-button-wrapper-gap-md\"><div class=\"ghostkit-button-wrapper-inner\">\n<a class=\"ghostkit-button ghostkit-button-md\" href=\"https:\/\/dynarex.de\/de\/bestellformular-dynarex-on-demand-plus\/\"><span class=\"ghostkit-button-icon ghostkit-button-icon-right\"><svg class=\"ghostkit-svg-icon ghostkit-svg-icon-fa\" aria-hidden=\"true\" role=\"img\" xmlns=\"http:\/\/www.w3.org\/2000\/svg\" viewBox=\"0 0 320 512\"><path fill=\"currentColor\" d=\"M278.6 233.4c12.5 12.5 12.5 32.8 0 45.3l-160 160c-12.5 12.5-32.8 12.5-45.3 0s-12.5-32.8 0-45.3L210.7 256 73.4 118.6c-12.5-12.5-12.5-32.8 0-45.3s32.8-12.5 45.3 0l160 160z\"><\/path><\/svg><\/span><span class=\"ghostkit-button-text\">DYNAREX on Demand plus buchen<\/span><\/a>\n<\/div><\/div>\n\n\n\n<div class=\"ghostkit-button-wrapper ghostkit-button-wrapper-gap-md\"><div class=\"ghostkit-button-wrapper-inner\">\n<a class=\"ghostkit-button ghostkit-button-md outline\" href=\"https:\/\/dynarex.de\/de\/demo\/\"><span class=\"ghostkit-button-icon ghostkit-button-icon-right\"><svg class=\"ghostkit-svg-icon ghostkit-svg-icon-fa\" aria-hidden=\"true\" role=\"img\" xmlns=\"http:\/\/www.w3.org\/2000\/svg\" viewBox=\"0 0 512 512\"><path fill=\"currentColor\" d=\"M135.2 117.4L109.1 192H402.9l-26.1-74.6C372.3 104.6 360.2 96 346.6 96H165.4c-13.6 0-25.7 8.6-30.2 21.4zM39.6 196.8L74.8 96.3C88.3 57.8 124.6 32 165.4 32H346.6c40.8 0 77.1 25.8 90.6 64.3l35.2 100.5c23.2 9.6 39.6 32.5 39.6 59.2V400v48c0 17.7-14.3 32-32 32H448c-17.7 0-32-14.3-32-32V400H96v48c0 17.7-14.3 32-32 32H32c-17.7 0-32-14.3-32-32V400 256c0-26.7 16.4-49.6 39.6-59.2zM128 288a32 32 0 1 0 -64 0 32 32 0 1 0 64 0zm288 32a32 32 0 1 0 0-64 32 32 0 1 0 0 64z\"><\/path><\/svg><\/span><span class=\"ghostkit-button-text\">Software kostenlos testen<\/span><\/a>\n<\/div><\/div>\n<\/div>\n<\/div>\n","protected":false},"excerpt":{"rendered":"<p>DYNAREX on Demand plus F\u00fcr B\u00fcros mit 5 bis 20 Auftr\u00e4ge im Monat Was ist DYNAREX on Demand plus? Im Gegensatz zu anderen Softwarel\u00f6sungen wird bei DYNAREX on Demand kein pauschaler Preis pro Monat berechnet.&nbsp;Stattdessen wird der Preis entsprechend der Anzahl der tats\u00e4chlich genutzten Auftr\u00e4ge abgerechnet. Welche Vorteile bietet \u201eDYNAREX on Demand plus\u201c? Die Komplettl\u00f6sung [&hellip;]<\/p>\n","protected":false},"author":7,"featured_media":0,"parent":0,"menu_order":0,"comment_status":"closed","ping_status":"closed","template":"","meta":{"ghostkit_customizer_options":"","ghostkit_custom_css":"","ghostkit_custom_js_head":"","ghostkit_custom_js_foot":"","ghostkit_typography":"","footnotes":""},"class_list":["post-871","page","type-page","status-publish","hentry"],"_links":{"self":[{"href":"https:\/\/dynarex.de\/de\/wp-json\/wp\/v2\/pages\/871","targetHints":{"allow":["GET"]}}],"collection":[{"href":"https:\/\/dynarex.de\/de\/wp-json\/wp\/v2\/pages"}],"about":[{"href":"https:\/\/dynarex.de\/de\/wp-json\/wp\/v2\/types\/page"}],"author":[{"embeddable":true,"href":"https:\/\/dynarex.de\/de\/wp-json\/wp\/v2\/users\/7"}],"replies":[{"embeddable":true,"href":"https:\/\/dynarex.de\/de\/wp-json\/wp\/v2\/comments?post=871"}],"version-history":[{"count":7,"href":"https:\/\/dynarex.de\/de\/wp-json\/wp\/v2\/pages\/871\/revisions"}],"predecessor-version":[{"id":1386,"href":"https:\/\/dynarex.de\/de\/wp-json\/wp\/v2\/pages\/871\/revisions\/1386"}],"wp:attachment":[{"href":"https:\/\/dynarex.de\/de\/wp-json\/wp\/v2\/media?parent=871"}],"curies":[{"name":"wp","href":"https:\/\/api.w.org\/{rel}","templated":true}]}}