{"id":814,"date":"2024-03-14T08:32:54","date_gmt":"2024-03-14T08:32:54","guid":{"rendered":"https:\/\/dynarex.de\/?page_id=814"},"modified":"2024-04-08T14:19:49","modified_gmt":"2024-04-08T14:19:49","slug":"umstieg","status":"publish","type":"page","link":"https:\/\/dynarex.de\/de\/umstieg\/","title":{"rendered":"Der Umstieg auf DYNAREX ist einfach"},"content":{"rendered":"\n<div class=\"wp-block-group alignfull has-white-color has-custom-4-background-color has-text-color has-background has-link-color wp-elements-2a8b88aa6290efb08110533df0f8752a has-global-padding is-layout-constrained wp-block-group-is-layout-constrained\">\n<h1 class=\"wp-block-heading\" id=\"der-umstieg-auf-dynarex-ist-einfachwir-unterstutzen-sie-dabei-aktiv\">Der Umstieg auf DYNAREX ist einfach<\/h1>\n\n\n\n<h2 class=\"wp-block-heading\" id=\"der-umstieg-auf-dynarex-ist-einfachwir-unterstutzen-sie-dabei-aktiv\">Wir unterst\u00fctzen Sie dabei aktiv<\/h2>\n<\/div>\n\n\n\n<div class=\"wp-block-group alignfull has-white-background-color has-background has-global-padding is-layout-constrained wp-block-group-is-layout-constrained\">\n<div class=\"ghostkit-grid ghostkit-grid-gap-md\"><div class=\"ghostkit-grid-inner\">\n<div class=\"ghostkit-col ghostkit-col-md-12 ghostkit-col-7\"><div class=\"ghostkit-col-content is-layout-flow wp-block-ghostkit-grid-column-is-layout-flow\">\n<h3 class=\"wp-block-heading\" id=\"unsere-umstellung-verlauft-einfacher-als-sie-denken\">Unsere Umstellung verl\u00e4uft einfacher als Sie denken<\/h3>\n\n\n\n<p>M\u00f6chten Sie sich von Ihrem alten System verabschieden, aber haben Angst vor dem Umstieg? Mit DYNAREX m\u00fcssen Sie sich keine Sorgen machen! Unsere Umstellung verl\u00e4uft einfacher als Sie denken.<\/p>\n\n\n\n<p>Unsere erfahrenen Experten erstellen alle Layouts, die Sie ben\u00f6tigen, wie zum Beispiel Gutachten, Rechnungen und Anschreiben, nach Ihren Vorgaben. Wir \u00fcbernehmen auch Ihre Adressen und die Kennzeichenpr\u00fcfdatei mit den wichtigsten Gutachteninformationen im Format \u201eCSV\u201c. Sie k\u00f6nnen in wenigen Tagen mit der&nbsp;<a href=\"https:\/\/dynarex.de\/de\/\">DYNAREX Sachverst\u00e4ndigen Software<\/a>&nbsp;in Ihrem B\u00fcro starten und das Tempo bestimmen Sie selbst.<\/p>\n\n\n\n<p>Unser Support-Team steht Ihnen jederzeit zur Seite und unterst\u00fctzt Sie bei allen Fragen und Problemen. Wir bieten Ihnen sogar eine pers\u00f6nliche und unverbindliche Beratung vor Ort in Ihrem B\u00fcro an, damit Sie sich von DYNAREX \u00fcberzeugen k\u00f6nnen.<\/p>\n\n\n\n<p>Nehmen Sie Kontakt mit uns auf und vereinbaren Sie Ihren Wunschtermin. Wir freuen uns darauf, Ihnen bei Ihrem Umstieg zu helfen!<\/p>\n\n\n\n<div class=\"ghostkit-button-wrapper ghostkit-button-wrapper-gap-md\"><div class=\"ghostkit-button-wrapper-inner\">\n<a class=\"ghostkit-button ghostkit-button-md\" href=\"https:\/\/dynarex.de\/de\/praesentation\/\"><span class=\"ghostkit-button-icon ghostkit-button-icon-right\"><svg class=\"ghostkit-svg-icon ghostkit-svg-icon-fa\" aria-hidden=\"true\" role=\"img\" xmlns=\"http:\/\/www.w3.org\/2000\/svg\" viewBox=\"0 0 576 512\"><path fill=\"currentColor\" d=\"M112 48a48 48 0 1 1 96 0 48 48 0 1 1 -96 0zm40 304V480c0 17.7-14.3 32-32 32s-32-14.3-32-32V256.9L59.4 304.5c-9.1 15.1-28.8 20-43.9 10.9s-20-28.8-10.9-43.9l58.3-97c17.4-28.9 48.6-46.6 82.3-46.6h29.7c33.7 0 64.9 17.7 82.3 46.6l44.9 74.7c-16.1 17.6-28.6 38.5-36.6 61.5c-1.9-1.8-3.5-3.9-4.9-6.3L232 256.9V480c0 17.7-14.3 32-32 32s-32-14.3-32-32V352H152zm136 16a144 144 0 1 1 288 0 144 144 0 1 1 -288 0zm211.3-43.3c-6.2-6.2-16.4-6.2-22.6 0L416 385.4l-28.7-28.7c-6.2-6.2-16.4-6.2-22.6 0s-6.2 16.4 0 22.6l40 40c6.2 6.2 16.4 6.2 22.6 0l72-72c6.2-6.2 6.2-16.4 0-22.6z\"><\/path><\/svg><\/span><span class=\"ghostkit-button-text\">Individuelle Beratung &amp; Pr\u00e4sentation<\/span><\/a>\n<\/div><\/div>\n<\/div><\/div>\n\n\n\n<div class=\"ghostkit-col ghostkit-col-md-12 ghostkit-col-5 is-layout-flow wp-block-ghostkit-grid-column-is-layout-flow\"><div class=\"ghostkit-col-content\"><\/div><\/div>\n<\/div><\/div>\n<\/div>\n","protected":false},"excerpt":{"rendered":"<p>Der Umstieg auf DYNAREX ist einfach Wir unterst\u00fctzen Sie dabei aktiv Unsere Umstellung verl\u00e4uft einfacher als Sie denken M\u00f6chten Sie sich von Ihrem alten System verabschieden, aber haben Angst vor dem Umstieg? Mit DYNAREX m\u00fcssen Sie sich keine Sorgen machen! Unsere Umstellung verl\u00e4uft einfacher als Sie denken. Unsere erfahrenen Experten erstellen alle Layouts, die Sie [&hellip;]<\/p>\n","protected":false},"author":7,"featured_media":0,"parent":0,"menu_order":0,"comment_status":"closed","ping_status":"closed","template":"","meta":{"ghostkit_customizer_options":"","ghostkit_custom_css":"","ghostkit_custom_js_head":"","ghostkit_custom_js_foot":"","ghostkit_typography":"","footnotes":""},"class_list":["post-814","page","type-page","status-publish","hentry"],"_links":{"self":[{"href":"https:\/\/dynarex.de\/de\/wp-json\/wp\/v2\/pages\/814","targetHints":{"allow":["GET"]}}],"collection":[{"href":"https:\/\/dynarex.de\/de\/wp-json\/wp\/v2\/pages"}],"about":[{"href":"https:\/\/dynarex.de\/de\/wp-json\/wp\/v2\/types\/page"}],"author":[{"embeddable":true,"href":"https:\/\/dynarex.de\/de\/wp-json\/wp\/v2\/users\/7"}],"replies":[{"embeddable":true,"href":"https:\/\/dynarex.de\/de\/wp-json\/wp\/v2\/comments?post=814"}],"version-history":[{"count":3,"href":"https:\/\/dynarex.de\/de\/wp-json\/wp\/v2\/pages\/814\/revisions"}],"predecessor-version":[{"id":836,"href":"https:\/\/dynarex.de\/de\/wp-json\/wp\/v2\/pages\/814\/revisions\/836"}],"wp:attachment":[{"href":"https:\/\/dynarex.de\/de\/wp-json\/wp\/v2\/media?parent=814"}],"curies":[{"name":"wp","href":"https:\/\/api.w.org\/{rel}","templated":true}]}}