{"id":760,"date":"2024-03-13T10:27:32","date_gmt":"2024-03-13T10:27:32","guid":{"rendered":"https:\/\/dynarex.de\/?page_id=760"},"modified":"2026-02-27T14:53:39","modified_gmt":"2026-02-27T14:53:39","slug":"schulungen","status":"publish","type":"page","link":"https:\/\/dynarex.de\/de\/schulungen\/","title":{"rendered":"DYNAREX Online-Schulungen"},"content":{"rendered":"\n<div class=\"wp-block-group alignfull dr-hero-img img-online-schulungen has-custom-4-background-color has-background has-global-padding is-layout-constrained wp-container-core-group-is-layout-a151063b wp-block-group-is-layout-constrained\" style=\"padding-top:var(--wp--preset--spacing--50);padding-right:var(--wp--preset--spacing--40);padding-bottom:var(--wp--preset--spacing--50);padding-left:var(--wp--preset--spacing--40)\">\n<div class=\"ghostkit-grid ghostkit-grid-gap-md ghostkit-grid-align-items-center\"><div class=\"ghostkit-grid-inner\">\n<div class=\"ghostkit-col ghostkit-col-md-12 ghostkit-col-6\"><div class=\"ghostkit-col-content is-layout-flow wp-block-ghostkit-grid-column-is-layout-flow\">\n<h1 class=\"wp-block-heading has-white-color has-text-color has-link-color wp-elements-8a0aeb7b7b61794664bfd19c8e8f0ca3\" id=\"dynarex-online-schulungen\">DYNAREX Online-Schulungen<\/h1>\n\n\n\n<p class=\"has-white-color has-text-color has-link-color wp-elements-29badd713dc0cb4f0398d2942913aeae\">Entdecken Sie das volle Potential Ihrer Softwarel\u00f6sung mit Dynarex Online-Schulungen!<\/p>\n\n\n\n<p class=\"has-white-color has-text-color has-link-color wp-elements-261c10b20f255b5f0df59e3d0f9b22bd\">Verbessern Sie Ihre F\u00e4higkeiten um aktiv Einfluss auf die Produktivit\u00e4t in Ihrem B\u00fcro zu nehmen. <\/p>\n\n\n\n<p class=\"has-white-color has-text-color has-link-color has-medium-font-size wp-elements-83a40f23709d4d0627b654e3bd8d68be\">Mit den erstklassigen Online-Schulungen erschlie\u00dfen Sie das volle Potenzial von Dynarex und optimieren die Arbeitsabl\u00e4ufe in Ihrem B\u00fcro effektiv.<\/p>\n<\/div><\/div>\n<\/div><\/div>\n\n\n\n<div class=\"ghostkit-button-wrapper ghostkit-button-wrapper-gap-md\"><div class=\"ghostkit-button-wrapper-inner\">\n<a class=\"ghostkit-button ghostkit-button-md\" href=\"https:\/\/app.guestoo.de\/public\/event\/4e7601e8-4a2f-4629-aa06-1a0717f5847b?lang=de\" target=\"_blank\" rel=\"noopener\"><span class=\"ghostkit-button-icon ghostkit-button-icon-right\"><svg class=\"ghostkit-svg-icon ghostkit-svg-icon-fa\" aria-hidden=\"true\" role=\"img\" xmlns=\"http:\/\/www.w3.org\/2000\/svg\" viewBox=\"0 0 576 512\"><path fill=\"currentColor\" d=\"M118.6 80c-11.5 0-21.4 7.9-24 19.1L57 260.3c20.5-6.2 48.3-12.3 78.7-12.3c32.3 0 61.8 6.9 82.8 13.5c10.6 3.3 19.3 6.7 25.4 9.2c3.1 1.3 5.5 2.4 7.3 3.2c.9 .4 1.6 .7 2.1 1l.6 .3 .2 .1 .1 0 0 0 0 0s0 0-6.3 12.7h0l6.3-12.7c5.8 2.9 10.4 7.3 13.5 12.7h40.6c3.1-5.3 7.7-9.8 13.5-12.7l6.3 12.7h0c-6.3-12.7-6.3-12.7-6.3-12.7l0 0 0 0 .1 0 .2-.1 .6-.3c.5-.2 1.2-.6 2.1-1c1.8-.8 4.2-1.9 7.3-3.2c6.1-2.6 14.8-5.9 25.4-9.2c21-6.6 50.4-13.5 82.8-13.5c30.4 0 58.2 6.1 78.7 12.3L481.4 99.1c-2.6-11.2-12.6-19.1-24-19.1c-3.1 0-6.2 .6-9.2 1.8L416.9 94.3c-12.3 4.9-26.3-1.1-31.2-13.4s1.1-26.3 13.4-31.2l31.3-12.5c8.6-3.4 17.7-5.2 27-5.2c33.8 0 63.1 23.3 70.8 56.2l43.9 188c1.7 7.3 2.9 14.7 3.5 22.1c.3 1.9 .5 3.8 .5 5.7v6.7V352v16c0 61.9-50.1 112-112 112H419.7c-59.4 0-108.5-46.4-111.8-105.8L306.6 352H269.4l-1.2 22.2C264.9 433.6 215.8 480 156.3 480H112C50.1 480 0 429.9 0 368V352 310.7 304c0-1.9 .2-3.8 .5-5.7c.6-7.4 1.8-14.8 3.5-22.1l43.9-188C55.5 55.3 84.8 32 118.6 32c9.2 0 18.4 1.8 27 5.2l31.3 12.5c12.3 4.9 18.3 18.9 13.4 31.2s-18.9 18.3-31.2 13.4L127.8 81.8c-2.9-1.2-6-1.8-9.2-1.8zM64 325.4V368c0 26.5 21.5 48 48 48h44.3c25.5 0 46.5-19.9 47.9-45.3l2.5-45.6c-2.3-.8-4.9-1.7-7.5-2.5c-17.2-5.4-39.9-10.5-63.6-10.5c-23.7 0-46.2 5.1-63.2 10.5c-3.1 1-5.9 1.9-8.5 2.9zM512 368V325.4c-2.6-.9-5.5-1.9-8.5-2.9c-17-5.4-39.5-10.5-63.2-10.5c-23.7 0-46.4 5.1-63.6 10.5c-2.7 .8-5.2 1.7-7.5 2.5l2.5 45.6c1.4 25.4 22.5 45.3 47.9 45.3H464c26.5 0 48-21.5 48-48z\"><\/path><\/svg><\/span><span class=\"ghostkit-button-text\">Zur Schulung anmelden<\/span><\/a>\n<\/div><\/div>\n<\/div>\n\n\n\n<div class=\"wp-block-group alignfull has-global-padding is-layout-constrained wp-container-core-group-is-layout-a151063b wp-block-group-is-layout-constrained\" style=\"padding-top:var(--wp--preset--spacing--50);padding-right:var(--wp--preset--spacing--40);padding-bottom:var(--wp--preset--spacing--50);padding-left:var(--wp--preset--spacing--40)\">\n<h2 class=\"wp-block-heading\" id=\"die-kurse-und-themenbereiche-session-4\">Die Kurse und Themenbereiche<\/h2>\n\n\n\n<div class=\"ghostkit-grid ghostkit-grid-gap-md\"><div class=\"ghostkit-grid-inner\">\n<div class=\"ghostkit-col ghostkit-col-md-12 ghostkit-col-lg-12 ghostkit-col-6\"><div class=\"ghostkit-col-content is-layout-flow wp-block-ghostkit-grid-column-is-layout-flow\">\n<p class=\"has-large-font-size\"><strong>Kurs 1: Mittwoch, 22. April 2026,\u00a0<\/strong>13:00 Uhr, 1,5 Std.<br>Optimierter Arbeitsablauf mit der richtigen Programmkonfiguration.<\/p>\n\n\n\n<p>Konfiguration von E-Mail und Zugangsdaten Drittanbieter, Anpassung von Auswahllisten, Gestaltung eigener Auftragsbl\u00e4tter, Dashboard individualisieren, Bearbeitungs-Status und Auftragssperre, Stempel\/Unterschrift hinterlegen, Kalkulationsversand an Werkstatt per myClaim.<\/p>\n<\/div><\/div>\n\n\n\n<div class=\"ghostkit-col ghostkit-col-md-12 ghostkit-col-lg-12 ghostkit-col-6\"><div class=\"ghostkit-col-content is-layout-flow wp-block-ghostkit-grid-column-is-layout-flow\">\n<p class=\"has-large-font-size\"><strong>Kurs 2: Mittwoch, <strong>22. April 2026<\/strong><\/strong>, 15:00 Uhr, 1,5 Std.<br>Effektive Gutachtenerstellung mit Textbausteine, Sammeltextbausteine und Bedingungen.<\/p>\n\n\n\n<p>Testbaustein formatieren, Felder und Fotos hinzuf\u00fcgen, Textbausteingruppen definieren, dynamische Textbausteinerzeugung durch Bedingungen, Gutachtenerstellung.<\/p>\n<\/div><\/div>\n\n\n\n<div class=\"ghostkit-col ghostkit-col-lg-12 ghostkit-col-6\"><div class=\"ghostkit-col-content is-layout-flow wp-block-ghostkit-grid-column-is-layout-flow\">\n<p class=\"has-large-font-size\"><strong>Kurs 3: Mittwoch, 06. Mai 2026<\/strong>, 13:00 Uhr, 1,5 Std.<br>Arbeitsabl\u00e4ufe automatisieren und massiv Zeit einsparen mittels Workflowmanager.<\/p>\n\n\n\n<p>Wiederkehrende Abl\u00e4ufe einfach Automatisieren. Einrichtung eines Workflows am Beispiel \u201eHaftpflichtschaden\u201c mit Steuerung der Beteiligten Adressen, die komplette Dokumentzusammenstellung und Festlegung des Versandweges f\u00fcr alle Beteiligten, Rechnungsvorbelegung, Konfiguration der erforderlichen Erfassungsmasken, Berechtigungen und der Vorbelegung sonstiger Felder.<\/p>\n<\/div><\/div>\n\n\n\n<div class=\"ghostkit-col ghostkit-col-lg-12 ghostkit-col-6\"><div class=\"ghostkit-col-content is-layout-flow wp-block-ghostkit-grid-column-is-layout-flow\">\n<p class=\"has-large-font-size\"><strong>Kurs 4: Mittwoch, <strong>06. Mai 2026<\/strong><\/strong>, 15:00 Uhr, 1,5 Std.<br>Rechnungen effektiv erstellen mittels Artikelsets, Honorartabellen, Lieferschein und Sammelrechnung<\/p>\n\n\n\n<p>Stammdaten Rechnungsartikel, Kontenzuweisung, MwSt.-S\u00e4tze, Definition Preis und Verkn\u00fcpfung mit eigenen Honorartabellen, Artikelsets erstellen, X-Rechnungen f\u00fcr Gerichte, Folgerechnungen, Rechnungen stornieren, Lieferscheine und Sammelrechnungen konfigurieren, Freie Rechnung erstellen.<\/p>\n<\/div><\/div>\n\n\n\n<div class=\"ghostkit-col ghostkit-col-lg-12 ghostkit-col-6\"><div class=\"ghostkit-col-content is-layout-flow wp-block-ghostkit-grid-column-is-layout-flow\">\n<p class=\"has-large-font-size\"><strong>Kurs 5: Mittwoch, 20. Mai 2026<\/strong>, 13:00 Uhr, 1,5 Std.<br>Zahlungseingang und Mahnwesen einfach einrichten und immer den \u00dcberblick \u00fcber die Au\u00dfenst\u00e4nde behalten.<\/p>\n\n\n\n<p>Buchungskonten definieren, Zahlungseingang erfassen, \u00dcberzahlungen und uneinbringliche Forderungen, Report Zahlungseingang \/ Offene Posten, Mahntabelle konfigurieren, Mahndokumente zusammenstellen, variable Mahntexte, Mahnlauf, Mahnempf\u00e4nger und Mahnstufe \u00e4ndern. Elektronischer Datenaustausch zur Buchhaltung\/zum Steuerberater per DATEV.<\/p>\n<\/div><\/div>\n\n\n\n<div class=\"ghostkit-col ghostkit-col-lg-12 ghostkit-col-6 ghostkit-col-align-self-center\"><div class=\"ghostkit-col-content is-layout-flow wp-block-ghostkit-grid-column-is-layout-flow\">\n<div class=\"wp-block-group is-content-justification-center is-nowrap is-layout-flex wp-container-core-group-is-layout-23441af8 wp-block-group-is-layout-flex\">\n<div class=\"ghostkit-button-wrapper ghostkit-button-wrapper-gap-md\"><div class=\"ghostkit-button-wrapper-inner\">\n<a class=\"ghostkit-button ghostkit-button-md\" href=\"https:\/\/app.guestoo.de\/public\/event\/4e7601e8-4a2f-4629-aa06-1a0717f5847b?lang=de\" target=\"_blank\" rel=\"noopener\"><span class=\"ghostkit-button-icon ghostkit-button-icon-right\"><svg class=\"ghostkit-svg-icon ghostkit-svg-icon-fa\" aria-hidden=\"true\" role=\"img\" xmlns=\"http:\/\/www.w3.org\/2000\/svg\" viewBox=\"0 0 576 512\"><path fill=\"currentColor\" d=\"M118.6 80c-11.5 0-21.4 7.9-24 19.1L57 260.3c20.5-6.2 48.3-12.3 78.7-12.3c32.3 0 61.8 6.9 82.8 13.5c10.6 3.3 19.3 6.7 25.4 9.2c3.1 1.3 5.5 2.4 7.3 3.2c.9 .4 1.6 .7 2.1 1l.6 .3 .2 .1 .1 0 0 0 0 0s0 0-6.3 12.7h0l6.3-12.7c5.8 2.9 10.4 7.3 13.5 12.7h40.6c3.1-5.3 7.7-9.8 13.5-12.7l6.3 12.7h0c-6.3-12.7-6.3-12.7-6.3-12.7l0 0 0 0 .1 0 .2-.1 .6-.3c.5-.2 1.2-.6 2.1-1c1.8-.8 4.2-1.9 7.3-3.2c6.1-2.6 14.8-5.9 25.4-9.2c21-6.6 50.4-13.5 82.8-13.5c30.4 0 58.2 6.1 78.7 12.3L481.4 99.1c-2.6-11.2-12.6-19.1-24-19.1c-3.1 0-6.2 .6-9.2 1.8L416.9 94.3c-12.3 4.9-26.3-1.1-31.2-13.4s1.1-26.3 13.4-31.2l31.3-12.5c8.6-3.4 17.7-5.2 27-5.2c33.8 0 63.1 23.3 70.8 56.2l43.9 188c1.7 7.3 2.9 14.7 3.5 22.1c.3 1.9 .5 3.8 .5 5.7v6.7V352v16c0 61.9-50.1 112-112 112H419.7c-59.4 0-108.5-46.4-111.8-105.8L306.6 352H269.4l-1.2 22.2C264.9 433.6 215.8 480 156.3 480H112C50.1 480 0 429.9 0 368V352 310.7 304c0-1.9 .2-3.8 .5-5.7c.6-7.4 1.8-14.8 3.5-22.1l43.9-188C55.5 55.3 84.8 32 118.6 32c9.2 0 18.4 1.8 27 5.2l31.3 12.5c12.3 4.9 18.3 18.9 13.4 31.2s-18.9 18.3-31.2 13.4L127.8 81.8c-2.9-1.2-6-1.8-9.2-1.8zM64 325.4V368c0 26.5 21.5 48 48 48h44.3c25.5 0 46.5-19.9 47.9-45.3l2.5-45.6c-2.3-.8-4.9-1.7-7.5-2.5c-17.2-5.4-39.9-10.5-63.6-10.5c-23.7 0-46.2 5.1-63.2 10.5c-3.1 1-5.9 1.9-8.5 2.9zM512 368V325.4c-2.6-.9-5.5-1.9-8.5-2.9c-17-5.4-39.5-10.5-63.2-10.5c-23.7 0-46.4 5.1-63.6 10.5c-2.7 .8-5.2 1.7-7.5 2.5l2.5 45.6c1.4 25.4 22.5 45.3 47.9 45.3H464c26.5 0 48-21.5 48-48z\"><\/path><\/svg><\/span><span class=\"ghostkit-button-text\">Zur Schulung anmelden<\/span><\/a>\n<\/div><\/div>\n<\/div>\n<\/div><\/div>\n<\/div><\/div>\n<\/div>\n\n\n\n<div class=\"wp-block-group alignfull has-custom-3-background-color has-background has-global-padding is-layout-constrained wp-container-core-group-is-layout-a151063b wp-block-group-is-layout-constrained\" style=\"padding-top:var(--wp--preset--spacing--50);padding-right:var(--wp--preset--spacing--40);padding-bottom:var(--wp--preset--spacing--50);padding-left:var(--wp--preset--spacing--40)\">\n<h2 class=\"wp-block-heading has-white-color has-text-color has-link-color wp-elements-feb24ec26df8e7541de6410c53fe9f9b\" id=\"warum-sollten-sie-dynarex-online-schulungen-wahlen\">Warum sollten Sie Dynarex Online-Schulungen w\u00e4hlen?<\/h2>\n\n\n\n<div class=\"ghostkit-grid ghostkit-grid-gap-md\"><div class=\"ghostkit-grid-inner\">\n<div class=\"ghostkit-col ghostkit-col-md-12 ghostkit-col-6\"><div class=\"ghostkit-col-content is-layout-flow wp-block-ghostkit-grid-column-is-layout-flow\">\n<p class=\"has-white-color has-text-color has-link-color has-large-font-size wp-elements-a0c3666fae5617ed6bac7cd02cab3b02\"><strong>Flexibilit\u00e4t<\/strong><\/p>\n\n\n\n<p class=\"has-white-color has-text-color has-link-color wp-elements-8aee2906c4acebfc6f119d7b4c1f66c6\">Lernen Sie, wann und wo es Ihnen am besten passt. Unsere Online-Kurse sind so konzipiert, dass Sie Ihre Schulungen langfristig einplanen k\u00f6nnen. Keine Reisen, kein Stress \u2013 genie\u00dfen Sie die Freiheit des Online-Lernens.<\/p>\n\n\n\n<div style=\"height:25px\" aria-hidden=\"true\" class=\"wp-block-spacer\"><\/div>\n\n\n\n<p class=\"has-white-color has-text-color has-link-color has-large-font-size wp-elements-df99f3666d61e6f49cdff20afdf43503\"><strong>Expertenwissen<\/strong><\/p>\n\n\n\n<p class=\"has-white-color has-text-color has-link-color wp-elements-7d8087b7b851eb9160a12c334f92c71c\">Die Trainer der AWG in Kottenheim sind Dynarex-Experten mit langj\u00e4hriger Erfahrung. So werden Sie von den Besten der Branche unterrichtet, um sicherzustellen, dass Sie das maximale Potenzial unserer Software aussch\u00f6pfen k\u00f6nnen. Gemeinsam mit OnREX haben wir Ihnen n\u00fctzliche Vorgehensweisen zur Optimierung der Arbeit in 5 Kursen zusammengefasst. Damit werden alle Bereiche der Software DYNAREX abgedeckt.<\/p>\n\n\n\n<div style=\"height:25px\" aria-hidden=\"true\" class=\"wp-block-spacer\"><\/div>\n\n\n\n<p class=\"has-white-color has-text-color has-link-color has-large-font-size wp-elements-0cf25e301d764c712a8e90f12abddd1f\"><strong>Zertifizierung<\/strong><\/p>\n\n\n\n<p class=\"has-white-color has-text-color has-link-color wp-elements-7e9b97b886d570c1ee61095eb8a59636\">Nach Abschluss erhalten Sie zu jedem Kurs ein offizielles Dynarex-Zertifikat, das als Weiterbildungsnachweis anerkannt ist.<\/p>\n<\/div><\/div>\n\n\n\n<div class=\"ghostkit-col ghostkit-col-md-12 ghostkit-col-6\"><div class=\"ghostkit-col-content is-layout-flow wp-block-ghostkit-grid-column-is-layout-flow\">\n<p class=\"has-white-color has-text-color has-link-color has-large-font-size wp-elements-420ae7f1506e3b1ab4a96066ab5176ac\"><strong>Interaktive Lerninhalte<\/strong><\/p>\n\n\n\n<p class=\"has-white-color has-text-color has-link-color wp-elements-83fc3d930b2ec42163456ef98c99e3b1\">Langweilige Vorlesungen geh\u00f6ren der Vergangenheit an. Unsere Online-Schulungen bieten interaktive Lerninhalte, darunter Live-Demos und praktische \u00dcbungen, die Ihnen helfen, das Gelernte sofort anzuwenden.<\/p>\n\n\n\n<div style=\"height:25px\" aria-hidden=\"true\" class=\"wp-block-spacer\"><\/div>\n\n\n\n<p class=\"has-white-color has-text-color has-link-color has-large-font-size wp-elements-73787f7ae867012a88b326e6f0345b1f\"><strong>Individuelle Betreuung<\/strong><\/p>\n\n\n\n<p class=\"has-white-color has-text-color has-link-color wp-elements-1d747a6bc08ca26de61b40fd5a23060f\">Wir legen Wert auf Ihre individuellen Bed\u00fcrfnisse. Unser Team steht Ihnen w\u00e4hrend des gesamten Schulungsprozesses zur Seite, um sicherzustellen, dass Sie Ihre Ziele erreichen.<\/p>\n\n\n\n<div style=\"height:25px\" aria-hidden=\"true\" class=\"wp-block-spacer\"><\/div>\n\n\n\n<p class=\"has-white-color has-text-color has-link-color has-large-font-size wp-elements-1ae9fc28f978642c06c509c51ed48233\"><strong>Aktuelle Schulungsinhalte<\/strong><\/p>\n\n\n\n<p class=\"has-white-color has-text-color has-link-color wp-elements-d2f7b43fee9e00dfc1888e3830e9120c\">Unsere Schulungsinhalte werden kontinuierlich aktualisiert, um sicherzustellen, dass Sie immer auf dem neuesten Stand sind und die neuesten Funktionen und Best Practices von Dynarex beherrschen.<\/p>\n<\/div><\/div>\n<\/div><\/div>\n\n\n\n<div style=\"height:25px\" aria-hidden=\"true\" class=\"wp-block-spacer\"><\/div>\n\n\n\n<div class=\"ghostkit-grid ghostkit-grid-gap-md ghostkit-grid-align-items-center\"><div class=\"ghostkit-grid-inner\">\n<div class=\"ghostkit-col ghostkit-col-md-12 ghostkit-col-lg-12 ghostkit-col-8\"><div class=\"ghostkit-col-content is-layout-flow wp-block-ghostkit-grid-column-is-layout-flow\">\n<p class=\"has-white-color has-text-color has-link-color has-large-font-size wp-elements-c60d883f85951a373f4795c751a77f50\"><strong>Anmeldung Online-Schulungen<\/strong><\/p>\n\n\n\n<p class=\"has-white-color has-text-color has-link-color wp-elements-509d9c1c9a36083b70297975d9e2dce9\">Melden Sie sich noch heute f\u00fcr unsere Online-Schulungen an und nutzen Sie diese Gelegenheit, um Ihr Potenzial auszusch\u00f6pfen und in der sich st\u00e4ndig weiterentwickelnden Gesch\u00e4ftswelt erfolgreich zu sein.<\/p>\n<\/div><\/div>\n\n\n\n<div class=\"ghostkit-col ghostkit-col-md-12 ghostkit-col-lg-12 ghostkit-col-4\"><div class=\"ghostkit-col-content is-layout-flow wp-block-ghostkit-grid-column-is-layout-flow\">\n<div class=\"wp-block-group is-content-justification-center is-nowrap is-layout-flex wp-container-core-group-is-layout-23441af8 wp-block-group-is-layout-flex\">\n<div class=\"ghostkit-button-wrapper ghostkit-button-wrapper-gap-md\"><div class=\"ghostkit-button-wrapper-inner\">\n<a class=\"ghostkit-button ghostkit-button-md\" href=\"https:\/\/app.guestoo.de\/public\/event\/4e7601e8-4a2f-4629-aa06-1a0717f5847b?lang=de\" target=\"_blank\" rel=\"noopener\"><span class=\"ghostkit-button-icon ghostkit-button-icon-right\"><svg class=\"ghostkit-svg-icon ghostkit-svg-icon-fa\" aria-hidden=\"true\" role=\"img\" xmlns=\"http:\/\/www.w3.org\/2000\/svg\" viewBox=\"0 0 576 512\"><path fill=\"currentColor\" d=\"M118.6 80c-11.5 0-21.4 7.9-24 19.1L57 260.3c20.5-6.2 48.3-12.3 78.7-12.3c32.3 0 61.8 6.9 82.8 13.5c10.6 3.3 19.3 6.7 25.4 9.2c3.1 1.3 5.5 2.4 7.3 3.2c.9 .4 1.6 .7 2.1 1l.6 .3 .2 .1 .1 0 0 0 0 0s0 0-6.3 12.7h0l6.3-12.7c5.8 2.9 10.4 7.3 13.5 12.7h40.6c3.1-5.3 7.7-9.8 13.5-12.7l6.3 12.7h0c-6.3-12.7-6.3-12.7-6.3-12.7l0 0 0 0 .1 0 .2-.1 .6-.3c.5-.2 1.2-.6 2.1-1c1.8-.8 4.2-1.9 7.3-3.2c6.1-2.6 14.8-5.9 25.4-9.2c21-6.6 50.4-13.5 82.8-13.5c30.4 0 58.2 6.1 78.7 12.3L481.4 99.1c-2.6-11.2-12.6-19.1-24-19.1c-3.1 0-6.2 .6-9.2 1.8L416.9 94.3c-12.3 4.9-26.3-1.1-31.2-13.4s1.1-26.3 13.4-31.2l31.3-12.5c8.6-3.4 17.7-5.2 27-5.2c33.8 0 63.1 23.3 70.8 56.2l43.9 188c1.7 7.3 2.9 14.7 3.5 22.1c.3 1.9 .5 3.8 .5 5.7v6.7V352v16c0 61.9-50.1 112-112 112H419.7c-59.4 0-108.5-46.4-111.8-105.8L306.6 352H269.4l-1.2 22.2C264.9 433.6 215.8 480 156.3 480H112C50.1 480 0 429.9 0 368V352 310.7 304c0-1.9 .2-3.8 .5-5.7c.6-7.4 1.8-14.8 3.5-22.1l43.9-188C55.5 55.3 84.8 32 118.6 32c9.2 0 18.4 1.8 27 5.2l31.3 12.5c12.3 4.9 18.3 18.9 13.4 31.2s-18.9 18.3-31.2 13.4L127.8 81.8c-2.9-1.2-6-1.8-9.2-1.8zM64 325.4V368c0 26.5 21.5 48 48 48h44.3c25.5 0 46.5-19.9 47.9-45.3l2.5-45.6c-2.3-.8-4.9-1.7-7.5-2.5c-17.2-5.4-39.9-10.5-63.6-10.5c-23.7 0-46.2 5.1-63.2 10.5c-3.1 1-5.9 1.9-8.5 2.9zM512 368V325.4c-2.6-.9-5.5-1.9-8.5-2.9c-17-5.4-39.5-10.5-63.2-10.5c-23.7 0-46.4 5.1-63.6 10.5c-2.7 .8-5.2 1.7-7.5 2.5l2.5 45.6c1.4 25.4 22.5 45.3 47.9 45.3H464c26.5 0 48-21.5 48-48z\"><\/path><\/svg><\/span><span class=\"ghostkit-button-text\">Zur Schulung anmelden<\/span><\/a>\n<\/div><\/div>\n<\/div>\n<\/div><\/div>\n<\/div><\/div>\n<\/div>\n\n\n\n<div class=\"wp-block-group alignfull has-global-padding is-layout-constrained wp-container-core-group-is-layout-a151063b wp-block-group-is-layout-constrained\" style=\"padding-top:var(--wp--preset--spacing--50);padding-right:var(--wp--preset--spacing--40);padding-bottom:var(--wp--preset--spacing--50);padding-left:var(--wp--preset--spacing--40)\">\n<h2 class=\"wp-block-heading\" id=\"der-ablauf-der-online-schulungen\">Der Ablauf der Online-Schulungen<\/h2>\n\n\n\n<div class=\"ghostkit-grid ghostkit-grid-gap-md ghostkit-grid-align-items-center\"><div class=\"ghostkit-grid-inner\">\n<div class=\"ghostkit-col ghostkit-col-md-12 ghostkit-col-lg-12 ghostkit-col-7\"><div class=\"ghostkit-col-content is-layout-flow wp-block-ghostkit-grid-column-is-layout-flow\">\n<p>Nach Registrierung \u00fcbermitteln wir Ihnen am Tag der Veranstaltung die Einwahldaten f\u00fcr das Zoom-Meeting per E-Mail.<\/p>\n\n\n\n<p><strong>Die Veranstaltung ist als Weiterbildung anerkannt. Nach der Veranstaltung erhalten Sie per E-Mail ein Zertifikat als Weiterbildungsnachweis.<\/strong><\/p>\n\n\n\n<p>Nehmen Sie zum ersten Mal an einer Online Zoom-Schulung teil, erfahren Sie welche technischen Voraussetzung Ihr PC-System f\u00fcr ein Zoom-Schulung erf\u00fcllen sollte.<\/p>\n<\/div><\/div>\n\n\n\n<div class=\"ghostkit-col ghostkit-col-md-12 ghostkit-col-lg-12 ghostkit-col-5\"><div class=\"ghostkit-col-content is-layout-flow wp-block-ghostkit-grid-column-is-layout-flow\">\n<div class=\"wp-block-group is-content-justification-center is-nowrap is-layout-flex wp-container-core-group-is-layout-23441af8 wp-block-group-is-layout-flex\">\n<div class=\"ghostkit-button-wrapper ghostkit-button-wrapper-gap-md\"><div class=\"ghostkit-button-wrapper-inner\">\n<a class=\"ghostkit-button ghostkit-button-md outline\" href=\"https:\/\/dynarex.de\/de\/online-schulung-per-zoom\/\"><span class=\"ghostkit-button-icon ghostkit-button-icon-right\"><svg class=\"ghostkit-svg-icon ghostkit-svg-icon-fa\" aria-hidden=\"true\" role=\"img\" xmlns=\"http:\/\/www.w3.org\/2000\/svg\" viewBox=\"0 0 320 512\"><path fill=\"currentColor\" d=\"M278.6 233.4c12.5 12.5 12.5 32.8 0 45.3l-160 160c-12.5 12.5-32.8 12.5-45.3 0s-12.5-32.8 0-45.3L210.7 256 73.4 118.6c-12.5-12.5-12.5-32.8 0-45.3s32.8-12.5 45.3 0l160 160z\"><\/path><\/svg><\/span><span class=\"ghostkit-button-text\">Zoom \u2013 Systemvoraussetzungen<\/span><\/a>\n<\/div><\/div>\n<\/div>\n<\/div><\/div>\n<\/div><\/div>\n<\/div>\n\n\n\n<div class=\"wp-block-group alignfull has-custom-4-background-color has-background has-global-padding is-layout-constrained wp-container-core-group-is-layout-a151063b wp-block-group-is-layout-constrained\" style=\"padding-top:var(--wp--preset--spacing--50);padding-right:var(--wp--preset--spacing--40);padding-bottom:var(--wp--preset--spacing--50);padding-left:var(--wp--preset--spacing--40)\">\n<h2 class=\"wp-block-heading has-white-color has-text-color has-link-color wp-elements-ce962e7538a174fdb84602977180d75f\" id=\"preise-registrierung\">Preise &amp; Registrierung<\/h2>\n\n\n\n<div class=\"ghostkit-grid ghostkit-grid-gap-md ghostkit-grid-align-items-center\"><div class=\"ghostkit-grid-inner\">\n<div class=\"ghostkit-col ghostkit-col-md-12 ghostkit-col-7\"><div class=\"ghostkit-col-content is-layout-flow wp-block-ghostkit-grid-column-is-layout-flow\">\n<p class=\"has-white-color has-text-color has-link-color wp-elements-66af94c886d39f03223aaf798a0eb115\">F\u00fcr die Teilnahme am Kurs werden 85 \u20ac zzgl. MwSt. berechnet. <\/p>\n\n\n\n<p class=\"has-white-color has-text-color has-link-color wp-elements-0219dbdbded93b60e03529255c3290b4\">Bei gleichzeitiger Buchung von mindestens 5 Kursen reduziert sich der Preis je Kurs um 20%.<\/p>\n\n\n\n<p class=\"has-white-color has-text-color has-link-color wp-elements-c44254e73bdce481304715a62cfe43f5\">Die Teilnahmegeb\u00fchren werden jeweils am Ende der Session zum Monatsende in Rechnung gestellt. Bei bestehendem SEPA-Lastschriftmandat, wird der Rechnungsbetrag eingezogen. <\/p>\n\n\n\n<p class=\"has-white-color has-text-color has-link-color wp-elements-9afb9b7743f7005e3b0d14165193684d\"><strong>R\u00fccktritt und Ticketerstattung:<br><\/strong>Der Besteller kann &nbsp;von der Teilnahme am jeweiligem Kurs bis einen Tag vor dem Termin zur\u00fccktreten. <\/p>\n\n\n\n<p class=\"has-white-color has-text-color has-link-color wp-elements-5303bea7a8aeaf692a80db0a2e7ad1a1\">Aktualisierungen von Buchungen k\u00f6nnen in der Buchungsbest\u00e4tigung, die per E-Mail \u00fcbermittelt wird, \u00fcber den Button &#8222;Event bearbeiten&#8220; vorgenommen werden. <\/p>\n<\/div><\/div>\n\n\n\n<div class=\"ghostkit-col ghostkit-col-md-12 ghostkit-col-5\"><div class=\"ghostkit-col-content is-layout-flow wp-block-ghostkit-grid-column-is-layout-flow\">\n<div class=\"wp-block-group is-content-justification-center is-nowrap is-layout-flex wp-container-core-group-is-layout-23441af8 wp-block-group-is-layout-flex\">\n<div class=\"ghostkit-button-wrapper ghostkit-button-wrapper-gap-md\"><div class=\"ghostkit-button-wrapper-inner\">\n<a class=\"ghostkit-button ghostkit-button-md\" href=\"https:\/\/app.guestoo.de\/public\/event\/4e7601e8-4a2f-4629-aa06-1a0717f5847b?lang=de\" target=\"_blank\" rel=\"noopener\"><span class=\"ghostkit-button-icon ghostkit-button-icon-right\"><svg class=\"ghostkit-svg-icon ghostkit-svg-icon-fa\" aria-hidden=\"true\" role=\"img\" xmlns=\"http:\/\/www.w3.org\/2000\/svg\" viewBox=\"0 0 576 512\"><path fill=\"currentColor\" d=\"M118.6 80c-11.5 0-21.4 7.9-24 19.1L57 260.3c20.5-6.2 48.3-12.3 78.7-12.3c32.3 0 61.8 6.9 82.8 13.5c10.6 3.3 19.3 6.7 25.4 9.2c3.1 1.3 5.5 2.4 7.3 3.2c.9 .4 1.6 .7 2.1 1l.6 .3 .2 .1 .1 0 0 0 0 0s0 0-6.3 12.7h0l6.3-12.7c5.8 2.9 10.4 7.3 13.5 12.7h40.6c3.1-5.3 7.7-9.8 13.5-12.7l6.3 12.7h0c-6.3-12.7-6.3-12.7-6.3-12.7l0 0 0 0 .1 0 .2-.1 .6-.3c.5-.2 1.2-.6 2.1-1c1.8-.8 4.2-1.9 7.3-3.2c6.1-2.6 14.8-5.9 25.4-9.2c21-6.6 50.4-13.5 82.8-13.5c30.4 0 58.2 6.1 78.7 12.3L481.4 99.1c-2.6-11.2-12.6-19.1-24-19.1c-3.1 0-6.2 .6-9.2 1.8L416.9 94.3c-12.3 4.9-26.3-1.1-31.2-13.4s1.1-26.3 13.4-31.2l31.3-12.5c8.6-3.4 17.7-5.2 27-5.2c33.8 0 63.1 23.3 70.8 56.2l43.9 188c1.7 7.3 2.9 14.7 3.5 22.1c.3 1.9 .5 3.8 .5 5.7v6.7V352v16c0 61.9-50.1 112-112 112H419.7c-59.4 0-108.5-46.4-111.8-105.8L306.6 352H269.4l-1.2 22.2C264.9 433.6 215.8 480 156.3 480H112C50.1 480 0 429.9 0 368V352 310.7 304c0-1.9 .2-3.8 .5-5.7c.6-7.4 1.8-14.8 3.5-22.1l43.9-188C55.5 55.3 84.8 32 118.6 32c9.2 0 18.4 1.8 27 5.2l31.3 12.5c12.3 4.9 18.3 18.9 13.4 31.2s-18.9 18.3-31.2 13.4L127.8 81.8c-2.9-1.2-6-1.8-9.2-1.8zM64 325.4V368c0 26.5 21.5 48 48 48h44.3c25.5 0 46.5-19.9 47.9-45.3l2.5-45.6c-2.3-.8-4.9-1.7-7.5-2.5c-17.2-5.4-39.9-10.5-63.6-10.5c-23.7 0-46.2 5.1-63.2 10.5c-3.1 1-5.9 1.9-8.5 2.9zM512 368V325.4c-2.6-.9-5.5-1.9-8.5-2.9c-17-5.4-39.5-10.5-63.2-10.5c-23.7 0-46.4 5.1-63.6 10.5c-2.7 .8-5.2 1.7-7.5 2.5l2.5 45.6c1.4 25.4 22.5 45.3 47.9 45.3H464c26.5 0 48-21.5 48-48z\"><\/path><\/svg><\/span><span class=\"ghostkit-button-text\">Zur Schulung anmelden<\/span><\/a>\n<\/div><\/div>\n<\/div>\n<\/div><\/div>\n<\/div><\/div>\n<\/div>\n","protected":false},"excerpt":{"rendered":"<p>DYNAREX Online-Schulungen Entdecken Sie das volle Potential Ihrer Softwarel\u00f6sung mit Dynarex Online-Schulungen! Verbessern Sie Ihre F\u00e4higkeiten um aktiv Einfluss auf die Produktivit\u00e4t in Ihrem B\u00fcro zu nehmen. Mit den erstklassigen Online-Schulungen erschlie\u00dfen Sie das volle Potenzial von Dynarex und optimieren die Arbeitsabl\u00e4ufe in Ihrem B\u00fcro effektiv. Die Kurse und Themenbereiche Kurs 1: Mittwoch, 22. April [&hellip;]<\/p>\n","protected":false},"author":5,"featured_media":0,"parent":0,"menu_order":0,"comment_status":"closed","ping_status":"closed","template":"","meta":{"ghostkit_customizer_options":"","ghostkit_custom_css":"","ghostkit_custom_js_head":"","ghostkit_custom_js_foot":"","ghostkit_typography":"","footnotes":""},"class_list":["post-760","page","type-page","status-publish","hentry"],"_links":{"self":[{"href":"https:\/\/dynarex.de\/de\/wp-json\/wp\/v2\/pages\/760","targetHints":{"allow":["GET"]}}],"collection":[{"href":"https:\/\/dynarex.de\/de\/wp-json\/wp\/v2\/pages"}],"about":[{"href":"https:\/\/dynarex.de\/de\/wp-json\/wp\/v2\/types\/page"}],"author":[{"embeddable":true,"href":"https:\/\/dynarex.de\/de\/wp-json\/wp\/v2\/users\/5"}],"replies":[{"embeddable":true,"href":"https:\/\/dynarex.de\/de\/wp-json\/wp\/v2\/comments?post=760"}],"version-history":[{"count":43,"href":"https:\/\/dynarex.de\/de\/wp-json\/wp\/v2\/pages\/760\/revisions"}],"predecessor-version":[{"id":2022,"href":"https:\/\/dynarex.de\/de\/wp-json\/wp\/v2\/pages\/760\/revisions\/2022"}],"wp:attachment":[{"href":"https:\/\/dynarex.de\/de\/wp-json\/wp\/v2\/media?parent=760"}],"curies":[{"name":"wp","href":"https:\/\/api.w.org\/{rel}","templated":true}]}}