{"id":370,"date":"2024-02-07T08:57:59","date_gmt":"2024-02-07T08:57:59","guid":{"rendered":"https:\/\/dynarex.de\/?page_id=370"},"modified":"2024-05-14T07:12:32","modified_gmt":"2024-05-14T07:12:32","slug":"kfz-gutachter-software","status":"publish","type":"page","link":"https:\/\/dynarex.de\/de\/kfz-gutachter-software\/","title":{"rendered":"DYNAREX Software"},"content":{"rendered":"\n<div class=\"wp-block-group alignfull has-white-color has-custom-4-background-color has-text-color has-background has-link-color wp-elements-71bba74618c0073f160b084160c8dc54 has-global-padding is-layout-constrained wp-container-core-group-is-layout-a151063b wp-block-group-is-layout-constrained\" style=\"padding-top:var(--wp--preset--spacing--50);padding-right:var(--wp--preset--spacing--40);padding-bottom:var(--wp--preset--spacing--50);padding-left:var(--wp--preset--spacing--40)\">\n<h1 class=\"wp-block-heading\" id=\"dynarex-die-software-fur-kfz-sachverstandige\">DYNAREX \u2013 Die Software f\u00fcr&nbsp;KFZ-Sachverst\u00e4ndige<\/h1>\n\n\n\n<div class=\"ghostkit-grid ghostkit-grid-gap-md\"><div class=\"ghostkit-grid-inner\">\n<div class=\"ghostkit-col ghostkit-col-xl-12 ghostkit-col-8\"><div class=\"ghostkit-col-content is-layout-flow wp-block-ghostkit-grid-column-is-layout-flow\">\n<p>DYNAREX, die umfassende&nbsp;<a href=\"https:\/\/dynarex.de\/de\/\">Software f\u00fcr KFZ Sachverst\u00e4ndige<\/a>, erm\u00f6glicht Ihnen, s\u00e4mtliche Prozessschritte im modernen KFZ-Sachverst\u00e4ndigenb\u00fcro abzudecken \u2013 von der Reparaturkostenkalkulation bis hin zum Komplett-Gutachten, dem Rechnungswesen sowie der elektronischen Beauftragung und dem Versand.<\/p>\n<\/div><\/div>\n<\/div><\/div>\n<\/div>\n\n\n\n<div class=\"wp-block-group alignfull has-custom-5-background-color has-background has-global-padding is-layout-constrained wp-container-core-group-is-layout-a151063b wp-block-group-is-layout-constrained\" style=\"padding-top:var(--wp--preset--spacing--50);padding-right:var(--wp--preset--spacing--40);padding-bottom:var(--wp--preset--spacing--50);padding-left:var(--wp--preset--spacing--40)\">\n<div class=\"ghostkit-grid ghostkit-grid-gap-lg ghostkit-grid-align-items-center\"><div class=\"ghostkit-grid-inner\">\n<div class=\"ghostkit-col ghostkit-col-lg-12 ghostkit-col-6\"><div class=\"ghostkit-col-content is-layout-flow wp-block-ghostkit-grid-column-is-layout-flow\">\n<h2 class=\"wp-block-heading\" id=\"nutzung-von-dynarex\">Nutzung von DYNAREX<\/h2>\n\n\n\n<p>Die Nutzung von DYNAREX erfolgt \u00fcber das Internet und dann entweder \u00fcber einen <strong>Webbrowser wie Google Chrome<\/strong> am Computer oder \u00fcber die <strong>App \u201eDYNAREX\u201c auf Ihrem Tablet oder Smartphone<\/strong> erfolgen.<\/p>\n\n\n\n<p>Um sich bei DYNAREX anzumelden, ben\u00f6tigen Sie Zugangsdaten, bestehend aus Ihrer pers\u00f6nlichen E-Mail-Adresse und einem eigenen Passwort. <\/p>\n<\/div><\/div>\n\n\n\n<div class=\"ghostkit-col ghostkit-col-lg-12 ghostkit-col-6\"><div class=\"ghostkit-col-content is-layout-flow wp-block-ghostkit-grid-column-is-layout-flow\">\n<figure class=\"wp-block-image size-full\"><img decoding=\"async\" src=\"https:\/\/dynarex.de\/wp-content\/uploads\/DYNAREX-Gutachten.webp\" alt=\"\" class=\"wp-image-373\"\/><\/figure>\n<\/div><\/div>\n<\/div><\/div>\n\n\n\n<div style=\"height:50px\" aria-hidden=\"true\" class=\"wp-block-spacer\"><\/div>\n\n\n\n<div class=\"ghostkit-grid ghostkit-grid-gap-lg ghostkit-grid-align-items-center\"><div class=\"ghostkit-grid-inner\">\n<div class=\"ghostkit-col ghostkit-col-lg-12 ghostkit-col-order-lg-2 ghostkit-col-6\"><div class=\"ghostkit-col-content is-layout-flow wp-block-ghostkit-grid-column-is-layout-flow\">\n<figure class=\"wp-block-image size-full\"><img loading=\"lazy\" decoding=\"async\" width=\"1709\" height=\"1066\" src=\"https:\/\/dynarex.de\/wp-content\/uploads\/DYNAREX-Uebersicht.jpg\" alt=\"\" class=\"wp-image-116\" srcset=\"https:\/\/dynarex.de\/wp-content\/uploads\/DYNAREX-Uebersicht.jpg 1709w, https:\/\/dynarex.de\/wp-content\/uploads\/DYNAREX-Uebersicht-600x374.jpg 600w, https:\/\/dynarex.de\/wp-content\/uploads\/DYNAREX-Uebersicht-1200x749.jpg 1200w, https:\/\/dynarex.de\/wp-content\/uploads\/DYNAREX-Uebersicht-300x187.jpg 300w, https:\/\/dynarex.de\/wp-content\/uploads\/DYNAREX-Uebersicht-768x479.jpg 768w, https:\/\/dynarex.de\/wp-content\/uploads\/DYNAREX-Uebersicht-1536x958.jpg 1536w\" sizes=\"auto, (max-width: 1709px) 100vw, 1709px\" \/><\/figure>\n<\/div><\/div>\n\n\n\n<div class=\"ghostkit-col ghostkit-col-lg-12 ghostkit-col-6\"><div class=\"ghostkit-col-content is-layout-flow wp-block-ghostkit-grid-column-is-layout-flow\">\n<p>Nachdem Ihre Bestellung durch OnREX best\u00e4tigt wurde, wird f\u00fcr den in der Bestellung benannten <strong>Administrator der erste Zugang zu DYNAREX<\/strong> aktiviert. Der Administrator kann anschlie\u00dfend weitere Benutzer f\u00fcr DYNAREX einrichten.<\/p>\n\n\n\n<p>F\u00fcr die <strong>Installation auf Ihrem Tablet oder Smartphone<\/strong> steht Ihnen im App Store (Apple) oder Play Store (Google) die DYNAREX-App&nbsp;zur Verf\u00fcgung. Die Nutzung der App ist im Mietvertrag bereits eingeschlossen.<\/p>\n\n\n\n<p>Bevor Sie mit DYNAREX produktiv starten, erhalten Sie von uns eine <strong>Ersteinweisung in die Programmbedienung<\/strong> und Einrichtung der Stammdaten. Wir m\u00f6chten sicherstellen, dass Sie das volle Potential von DYNAREX aussch\u00f6pfen k\u00f6nnen.<\/p>\n<\/div><\/div>\n<\/div><\/div>\n\n\n\n<div style=\"height:50px\" aria-hidden=\"true\" class=\"wp-block-spacer\"><\/div>\n\n\n\n<div class=\"wp-block-group is-content-justification-center is-layout-flex wp-container-core-group-is-layout-b02886af wp-block-group-is-layout-flex\">\n<div class=\"ghostkit-button-wrapper ghostkit-button-wrapper-gap-md\"><div class=\"ghostkit-button-wrapper-inner\">\n<a class=\"ghostkit-button ghostkit-button-md\" href=\"https:\/\/dynarex.de\/de\/demo\/\"><span class=\"ghostkit-button-icon ghostkit-button-icon-right\"><svg class=\"ghostkit-svg-icon ghostkit-svg-icon-fa\" aria-hidden=\"true\" role=\"img\" xmlns=\"http:\/\/www.w3.org\/2000\/svg\" viewBox=\"0 0 512 512\"><path fill=\"currentColor\" d=\"M135.2 117.4L109.1 192H402.9l-26.1-74.6C372.3 104.6 360.2 96 346.6 96H165.4c-13.6 0-25.7 8.6-30.2 21.4zM39.6 196.8L74.8 96.3C88.3 57.8 124.6 32 165.4 32H346.6c40.8 0 77.1 25.8 90.6 64.3l35.2 100.5c23.2 9.6 39.6 32.5 39.6 59.2V400v48c0 17.7-14.3 32-32 32H448c-17.7 0-32-14.3-32-32V400H96v48c0 17.7-14.3 32-32 32H32c-17.7 0-32-14.3-32-32V400 256c0-26.7 16.4-49.6 39.6-59.2zM128 288a32 32 0 1 0 -64 0 32 32 0 1 0 64 0zm288 32a32 32 0 1 0 0-64 32 32 0 1 0 0 64z\"><\/path><\/svg><\/span><span class=\"ghostkit-button-text\">Software kostenlos testen<\/span><\/a>\n<\/div><\/div>\n\n\n\n<div class=\"ghostkit-button-wrapper ghostkit-button-wrapper-gap-md\"><div class=\"ghostkit-button-wrapper-inner\">\n<a class=\"ghostkit-button ghostkit-button-md outline\" href=\"https:\/\/dynarex.de\/de\/preise\/\"><span class=\"ghostkit-button-icon ghostkit-button-icon-right\"><svg class=\"ghostkit-svg-icon ghostkit-svg-icon-fa\" aria-hidden=\"true\" role=\"img\" xmlns=\"http:\/\/www.w3.org\/2000\/svg\" viewBox=\"0 0 320 512\"><path fill=\"currentColor\" d=\"M278.6 233.4c12.5 12.5 12.5 32.8 0 45.3l-160 160c-12.5 12.5-32.8 12.5-45.3 0s-12.5-32.8 0-45.3L210.7 256 73.4 118.6c-12.5-12.5-12.5-32.8 0-45.3s32.8-12.5 45.3 0l160 160z\"><\/path><\/svg><\/span><span class=\"ghostkit-button-text\">Preise &amp; Produktvarianten<\/span><\/a>\n<\/div><\/div>\n\n\n\n<div class=\"ghostkit-button-wrapper ghostkit-button-wrapper-gap-md\"><div class=\"ghostkit-button-wrapper-inner\">\n<a class=\"ghostkit-button ghostkit-button-md outline\" href=\"https:\/\/dynarex.de\/de\/bestellformular-dynarex\/\"><span class=\"ghostkit-button-icon ghostkit-button-icon-right\"><svg class=\"ghostkit-svg-icon ghostkit-svg-icon-fa\" aria-hidden=\"true\" role=\"img\" xmlns=\"http:\/\/www.w3.org\/2000\/svg\" viewBox=\"0 0 448 512\"><path fill=\"currentColor\" d=\"M438.6 278.6c12.5-12.5 12.5-32.8 0-45.3l-160-160c-12.5-12.5-32.8-12.5-45.3 0s-12.5 32.8 0 45.3L338.8 224 32 224c-17.7 0-32 14.3-32 32s14.3 32 32 32l306.7 0L233.4 393.4c-12.5 12.5-12.5 32.8 0 45.3s32.8 12.5 45.3 0l160-160z\"><\/path><\/svg><\/span><span class=\"ghostkit-button-text\">DYNAREX direkt buchen<\/span><\/a>\n<\/div><\/div>\n<\/div>\n<\/div>\n\n\n\n<div class=\"wp-block-group alignfull styled-ghostkit-icon-box has-custom-3-background-color has-background has-global-padding is-layout-constrained wp-container-core-group-is-layout-a151063b wp-block-group-is-layout-constrained\" style=\"padding-top:var(--wp--preset--spacing--50);padding-right:var(--wp--preset--spacing--40);padding-bottom:var(--wp--preset--spacing--50);padding-left:var(--wp--preset--spacing--40)\">\n<h2 class=\"wp-block-heading has-text-align-center has-white-color has-text-color has-link-color wp-elements-50934fb99e4f474708cce11553688ad9\" id=\"module-von-dynarex\">Module von DYNAREX<\/h2>\n\n\n\n<div style=\"height:50px\" aria-hidden=\"true\" class=\"wp-block-spacer ghostkit-d-lg-none\"><\/div>\n\n\n\n<div class=\"ghostkit-grid ghostkit-grid-gap-md\"><div class=\"ghostkit-grid-inner\">\n<div class=\"ghostkit-col ghostkit-col-md-12 ghostkit-col-6\"><div class=\"ghostkit-col-content is-layout-flow wp-block-ghostkit-grid-column-is-layout-flow\">\n<div class=\"ghostkit-icon-box ghostkit-icon-box-with-link ghostkit-custom-Z2nymKA\"><a class=\"ghostkit-icon-box-link\" href=\"https:\/\/dynarex.de\/de\/kfz-gutachter-software\/dynarex-core\/\"><span><\/span><\/a><div class=\"ghostkit-icon-box-icon ghostkit-icon-box-icon-align-right\"><svg class=\"ghostkit-svg-icon\" width=\"24\" height=\"24\" viewBox=\"0 0 24 24\" fill=\"none\" xmlns=\"http:\/\/www.w3.org\/2000\/svg\"><path fill-rule=\"evenodd\" clip-rule=\"evenodd\" d=\"M9.21967 6.2197C9.51256 5.9268 9.98744 5.9268 10.2803 6.2197L15.5303 11.4697C15.8232 11.7626 15.8232 12.2374 15.5303 12.5303L10.2803 17.7803C9.98744 18.0732 9.51256 18.0732 9.21967 17.7803C8.92678 17.4874 8.92678 17.0126 9.21967 16.7197L13.9393 12L9.21967 7.2803C8.92678 6.9874 8.92678 6.5126 9.21967 6.2197Z\" fill=\"currentColor\"\/><\/svg><\/div><div class=\"ghostkit-icon-box-content is-layout-flow wp-block-ghostkit-icon-box-is-layout-flow\">\n<h3 class=\"wp-block-heading\" id=\"dynarex-core\">DYNAREX&nbsp;<em>core<\/em><\/h3>\n\n\n\n<p>Das&nbsp;Basissystem f\u00fcr die Schadenaufnahme inkl. Fahrzeugidentifikation, &nbsp;Kalkulation und Fahrzeugbewertung<\/p>\n<\/div><\/div>\n<\/div><\/div>\n\n\n\n<div class=\"ghostkit-col ghostkit-col-md-12 ghostkit-col-6\"><div class=\"ghostkit-col-content is-layout-flow wp-block-ghostkit-grid-column-is-layout-flow\">\n<div class=\"ghostkit-icon-box ghostkit-icon-box-with-link ghostkit-custom-Z1Ly9vK\"><a class=\"ghostkit-icon-box-link\" href=\"https:\/\/dynarex.de\/de\/kfz-gutachter-software\/dynarex-plus\/\"><span><\/span><\/a><div class=\"ghostkit-icon-box-icon ghostkit-icon-box-icon-align-right\"><svg class=\"ghostkit-svg-icon\" width=\"24\" height=\"24\" viewBox=\"0 0 24 24\" fill=\"none\" xmlns=\"http:\/\/www.w3.org\/2000\/svg\"><path fill-rule=\"evenodd\" clip-rule=\"evenodd\" d=\"M9.21967 6.2197C9.51256 5.9268 9.98744 5.9268 10.2803 6.2197L15.5303 11.4697C15.8232 11.7626 15.8232 12.2374 15.5303 12.5303L10.2803 17.7803C9.98744 18.0732 9.51256 18.0732 9.21967 17.7803C8.92678 17.4874 8.92678 17.0126 9.21967 16.7197L13.9393 12L9.21967 7.2803C8.92678 6.9874 8.92678 6.5126 9.21967 6.2197Z\" fill=\"currentColor\"\/><\/svg><\/div><div class=\"ghostkit-icon-box-content is-layout-flow wp-block-ghostkit-icon-box-is-layout-flow\">\n<h3 class=\"wp-block-heading\" id=\"dynarex-plus\">DYNAREX&nbsp;<em>plus<\/em><\/h3>\n\n\n\n<p>F\u00fcr die Erstellung von Gutachten, Workflowsteuerung, Restwert-, Marktwertermittlung, E-Mail, Connect portal und elektronische Unterschrift<\/p>\n<\/div><\/div>\n<\/div><\/div>\n\n\n\n<div class=\"ghostkit-col ghostkit-col-md-12 ghostkit-col-6\"><div class=\"ghostkit-col-content is-layout-flow wp-block-ghostkit-grid-column-is-layout-flow\">\n<div class=\"ghostkit-icon-box ghostkit-icon-box-with-link ghostkit-custom-Zj0FK8\"><a class=\"ghostkit-icon-box-link\" href=\"https:\/\/dynarex.de\/de\/kfz-gutachter-software\/dynarex-anywhere\/\"><span><\/span><\/a><div class=\"ghostkit-icon-box-icon ghostkit-icon-box-icon-align-right\"><svg class=\"ghostkit-svg-icon\" width=\"24\" height=\"24\" viewBox=\"0 0 24 24\" fill=\"none\" xmlns=\"http:\/\/www.w3.org\/2000\/svg\"><path fill-rule=\"evenodd\" clip-rule=\"evenodd\" d=\"M9.21967 6.2197C9.51256 5.9268 9.98744 5.9268 10.2803 6.2197L15.5303 11.4697C15.8232 11.7626 15.8232 12.2374 15.5303 12.5303L10.2803 17.7803C9.98744 18.0732 9.51256 18.0732 9.21967 17.7803C8.92678 17.4874 8.92678 17.0126 9.21967 16.7197L13.9393 12L9.21967 7.2803C8.92678 6.9874 8.92678 6.5126 9.21967 6.2197Z\" fill=\"currentColor\"\/><\/svg><\/div><div class=\"ghostkit-icon-box-content is-layout-flow wp-block-ghostkit-icon-box-is-layout-flow\">\n<h3 class=\"wp-block-heading\" id=\"dynarex-anywhere\">DYNAREX&nbsp;<em>anywhere*<\/em><\/h3>\n\n\n\n<p>F\u00fcr die mobile&nbsp;Schadenaufnahme ohne Internetverbindung.<\/p>\n<\/div><\/div>\n<\/div><\/div>\n\n\n\n<div class=\"ghostkit-col ghostkit-col-md-12 ghostkit-col-6\"><div class=\"ghostkit-col-content is-layout-flow wp-block-ghostkit-grid-column-is-layout-flow\">\n<div class=\"ghostkit-icon-box ghostkit-icon-box-with-link ghostkit-custom-18vLeM\"><a class=\"ghostkit-icon-box-link\" href=\"https:\/\/dynarex.de\/de\/kfz-gutachter-software\/dynarex-invoice\/\"><span><\/span><\/a><div class=\"ghostkit-icon-box-icon ghostkit-icon-box-icon-align-right\"><svg class=\"ghostkit-svg-icon\" width=\"24\" height=\"24\" viewBox=\"0 0 24 24\" fill=\"none\" xmlns=\"http:\/\/www.w3.org\/2000\/svg\"><path fill-rule=\"evenodd\" clip-rule=\"evenodd\" d=\"M9.21967 6.2197C9.51256 5.9268 9.98744 5.9268 10.2803 6.2197L15.5303 11.4697C15.8232 11.7626 15.8232 12.2374 15.5303 12.5303L10.2803 17.7803C9.98744 18.0732 9.51256 18.0732 9.21967 17.7803C8.92678 17.4874 8.92678 17.0126 9.21967 16.7197L13.9393 12L9.21967 7.2803C8.92678 6.9874 8.92678 6.5126 9.21967 6.2197Z\" fill=\"currentColor\"\/><\/svg><\/div><div class=\"ghostkit-icon-box-content is-layout-flow wp-block-ghostkit-icon-box-is-layout-flow\">\n<h3 class=\"wp-block-heading\" id=\"dynarex-invoice\">DYNAREX&nbsp;<em>invoice<\/em><\/h3>\n\n\n\n<p>F\u00fcr Rechnungswesen <br>und Honorartabellen<\/p>\n<\/div><\/div>\n<\/div><\/div>\n\n\n\n<div class=\"ghostkit-col ghostkit-col-md-12 ghostkit-col-6\"><div class=\"ghostkit-col-content is-layout-flow wp-block-ghostkit-grid-column-is-layout-flow\">\n<div class=\"ghostkit-icon-box ghostkit-icon-box-with-link ghostkit-custom-Qdh7N\"><a class=\"ghostkit-icon-box-link\" href=\"https:\/\/dynarex.de\/de\/kfz-gutachter-software\/dynarex-payment\/\"><span><\/span><\/a><div class=\"ghostkit-icon-box-icon ghostkit-icon-box-icon-align-right\"><svg class=\"ghostkit-svg-icon\" width=\"24\" height=\"24\" viewBox=\"0 0 24 24\" fill=\"none\" xmlns=\"http:\/\/www.w3.org\/2000\/svg\"><path fill-rule=\"evenodd\" clip-rule=\"evenodd\" d=\"M9.21967 6.2197C9.51256 5.9268 9.98744 5.9268 10.2803 6.2197L15.5303 11.4697C15.8232 11.7626 15.8232 12.2374 15.5303 12.5303L10.2803 17.7803C9.98744 18.0732 9.51256 18.0732 9.21967 17.7803C8.92678 17.4874 8.92678 17.0126 9.21967 16.7197L13.9393 12L9.21967 7.2803C8.92678 6.9874 8.92678 6.5126 9.21967 6.2197Z\" fill=\"currentColor\"\/><\/svg><\/div><div class=\"ghostkit-icon-box-content is-layout-flow wp-block-ghostkit-icon-box-is-layout-flow\">\n<h3 class=\"wp-block-heading\" id=\"dynarex-payment\">DYNAREX&nbsp;<em>payment*<\/em><\/h3>\n\n\n\n<p>F\u00fcr Zahlungseingang, Mahnwesen,&nbsp;Sammelrechnungen und&nbsp;DATEV-Schnittstelle<\/p>\n<\/div><\/div>\n<\/div><\/div>\n\n\n\n<div class=\"ghostkit-col ghostkit-col-md-12 ghostkit-col-6\"><div class=\"ghostkit-col-content is-layout-flow wp-block-ghostkit-grid-column-is-layout-flow\">\n<div class=\"ghostkit-icon-box ghostkit-icon-box-with-link ghostkit-custom-U7dmA\"><a class=\"ghostkit-icon-box-link\" href=\"https:\/\/dynarex.de\/de\/kfz-gutachter-software\/dynarex-intake\/\"><span><\/span><\/a><div class=\"ghostkit-icon-box-icon ghostkit-icon-box-icon-align-right\"><svg class=\"ghostkit-svg-icon\" width=\"24\" height=\"24\" viewBox=\"0 0 24 24\" fill=\"none\" xmlns=\"http:\/\/www.w3.org\/2000\/svg\"><path fill-rule=\"evenodd\" clip-rule=\"evenodd\" d=\"M9.21967 6.2197C9.51256 5.9268 9.98744 5.9268 10.2803 6.2197L15.5303 11.4697C15.8232 11.7626 15.8232 12.2374 15.5303 12.5303L10.2803 17.7803C9.98744 18.0732 9.51256 18.0732 9.21967 17.7803C8.92678 17.4874 8.92678 17.0126 9.21967 16.7197L13.9393 12L9.21967 7.2803C8.92678 6.9874 8.92678 6.5126 9.21967 6.2197Z\" fill=\"currentColor\"\/><\/svg><\/div><div class=\"ghostkit-icon-box-content is-layout-flow wp-block-ghostkit-icon-box-is-layout-flow\">\n<h3 class=\"wp-block-heading\" id=\"dynarex-org\">DYNAREX&nbsp;<em>intake*<\/em><\/h3>\n\n\n\n<p>F\u00fcr Leasingr\u00fccknahme <br>und Zustandsbewertung<\/p>\n<\/div><\/div>\n<\/div><\/div>\n<\/div><\/div>\n\n\n\n<p class=\"has-white-color has-text-color has-link-color has-small-font-size wp-elements-897aaf0cffac40a57aa8e8e98f7911e0\">* Nicht enthalten in \u201eDYNAREX on Demand\u201c und \u201eDYNAREX GT\u00dc on Demand\u201c<\/p>\n<\/div>\n\n\n\n<div class=\"wp-block-group alignfull has-custom-4-background-color has-background has-global-padding is-layout-constrained wp-block-group-is-layout-constrained\">\n<div class=\"wp-block-group is-content-justification-center is-layout-flex wp-container-core-group-is-layout-b02886af wp-block-group-is-layout-flex\">\n<div class=\"ghostkit-button-wrapper ghostkit-button-wrapper-gap-md\"><div class=\"ghostkit-button-wrapper-inner\">\n<a class=\"ghostkit-button ghostkit-button-md\" href=\"https:\/\/dynarex.de\/de\/demo\/\"><span class=\"ghostkit-button-icon ghostkit-button-icon-right\"><svg class=\"ghostkit-svg-icon ghostkit-svg-icon-fa\" aria-hidden=\"true\" role=\"img\" xmlns=\"http:\/\/www.w3.org\/2000\/svg\" viewBox=\"0 0 512 512\"><path fill=\"currentColor\" d=\"M135.2 117.4L109.1 192H402.9l-26.1-74.6C372.3 104.6 360.2 96 346.6 96H165.4c-13.6 0-25.7 8.6-30.2 21.4zM39.6 196.8L74.8 96.3C88.3 57.8 124.6 32 165.4 32H346.6c40.8 0 77.1 25.8 90.6 64.3l35.2 100.5c23.2 9.6 39.6 32.5 39.6 59.2V400v48c0 17.7-14.3 32-32 32H448c-17.7 0-32-14.3-32-32V400H96v48c0 17.7-14.3 32-32 32H32c-17.7 0-32-14.3-32-32V400 256c0-26.7 16.4-49.6 39.6-59.2zM128 288a32 32 0 1 0 -64 0 32 32 0 1 0 64 0zm288 32a32 32 0 1 0 0-64 32 32 0 1 0 0 64z\"><\/path><\/svg><\/span><span class=\"ghostkit-button-text\">Software kostenlos testen<\/span><\/a>\n<\/div><\/div>\n\n\n\n<div class=\"ghostkit-button-wrapper ghostkit-button-wrapper-gap-md\"><div class=\"ghostkit-button-wrapper-inner\">\n<a class=\"ghostkit-button ghostkit-button-md outline\" href=\"https:\/\/dynarex.de\/de\/preise\/\"><span class=\"ghostkit-button-icon ghostkit-button-icon-right\"><svg class=\"ghostkit-svg-icon ghostkit-svg-icon-fa\" aria-hidden=\"true\" role=\"img\" xmlns=\"http:\/\/www.w3.org\/2000\/svg\" viewBox=\"0 0 320 512\"><path fill=\"currentColor\" d=\"M278.6 233.4c12.5 12.5 12.5 32.8 0 45.3l-160 160c-12.5 12.5-32.8 12.5-45.3 0s-12.5-32.8 0-45.3L210.7 256 73.4 118.6c-12.5-12.5-12.5-32.8 0-45.3s32.8-12.5 45.3 0l160 160z\"><\/path><\/svg><\/span><span class=\"ghostkit-button-text\">Preise &amp; Produktvarianten<\/span><\/a>\n<\/div><\/div>\n\n\n\n<div class=\"ghostkit-button-wrapper ghostkit-button-wrapper-gap-md\"><div class=\"ghostkit-button-wrapper-inner\">\n<a class=\"ghostkit-button ghostkit-button-md outline\" href=\"https:\/\/dynarex.de\/de\/bestellformular-dynarex\/\"><span class=\"ghostkit-button-icon ghostkit-button-icon-right\"><svg class=\"ghostkit-svg-icon ghostkit-svg-icon-fa\" aria-hidden=\"true\" role=\"img\" xmlns=\"http:\/\/www.w3.org\/2000\/svg\" viewBox=\"0 0 448 512\"><path fill=\"currentColor\" d=\"M438.6 278.6c12.5-12.5 12.5-32.8 0-45.3l-160-160c-12.5-12.5-32.8-12.5-45.3 0s-12.5 32.8 0 45.3L338.8 224 32 224c-17.7 0-32 14.3-32 32s14.3 32 32 32l306.7 0L233.4 393.4c-12.5 12.5-12.5 32.8 0 45.3s32.8 12.5 45.3 0l160-160z\"><\/path><\/svg><\/span><span class=\"ghostkit-button-text\">DYNAREX direkt buchen<\/span><\/a>\n<\/div><\/div>\n<\/div>\n<\/div>\n","protected":false},"excerpt":{"rendered":"<p>DYNAREX \u2013 Die Software f\u00fcr&nbsp;KFZ-Sachverst\u00e4ndige DYNAREX, die umfassende&nbsp;Software f\u00fcr KFZ Sachverst\u00e4ndige, erm\u00f6glicht Ihnen, s\u00e4mtliche Prozessschritte im modernen KFZ-Sachverst\u00e4ndigenb\u00fcro abzudecken \u2013 von der Reparaturkostenkalkulation bis hin zum Komplett-Gutachten, dem Rechnungswesen sowie der elektronischen Beauftragung und dem Versand. Nutzung von DYNAREX Die Nutzung von DYNAREX erfolgt \u00fcber das Internet und dann entweder \u00fcber einen Webbrowser wie Google [&hellip;]<\/p>\n","protected":false},"author":7,"featured_media":0,"parent":0,"menu_order":0,"comment_status":"closed","ping_status":"closed","template":"","meta":{"ghostkit_customizer_options":"","ghostkit_custom_css":"","ghostkit_custom_js_head":"","ghostkit_custom_js_foot":"","ghostkit_typography":"","footnotes":""},"class_list":["post-370","page","type-page","status-publish","hentry"],"_links":{"self":[{"href":"https:\/\/dynarex.de\/de\/wp-json\/wp\/v2\/pages\/370","targetHints":{"allow":["GET"]}}],"collection":[{"href":"https:\/\/dynarex.de\/de\/wp-json\/wp\/v2\/pages"}],"about":[{"href":"https:\/\/dynarex.de\/de\/wp-json\/wp\/v2\/types\/page"}],"author":[{"embeddable":true,"href":"https:\/\/dynarex.de\/de\/wp-json\/wp\/v2\/users\/7"}],"replies":[{"embeddable":true,"href":"https:\/\/dynarex.de\/de\/wp-json\/wp\/v2\/comments?post=370"}],"version-history":[{"count":53,"href":"https:\/\/dynarex.de\/de\/wp-json\/wp\/v2\/pages\/370\/revisions"}],"predecessor-version":[{"id":1531,"href":"https:\/\/dynarex.de\/de\/wp-json\/wp\/v2\/pages\/370\/revisions\/1531"}],"wp:attachment":[{"href":"https:\/\/dynarex.de\/de\/wp-json\/wp\/v2\/media?parent=370"}],"curies":[{"name":"wp","href":"https:\/\/api.w.org\/{rel}","templated":true}]}}