{"id":300,"date":"2024-02-01T12:12:55","date_gmt":"2024-02-01T12:12:55","guid":{"rendered":"https:\/\/dynarex.de\/?page_id=300"},"modified":"2026-02-05T15:37:45","modified_gmt":"2026-02-05T15:37:45","slug":"unternehmen","status":"publish","type":"page","link":"https:\/\/dynarex.de\/de\/unternehmen\/","title":{"rendered":"Unternehmen"},"content":{"rendered":"\n<div class=\"wp-block-group alignfull has-white-color has-custom-4-background-color has-text-color has-background has-link-color wp-elements-4ebc34b3a923378d158161be4f8f5ea9 has-global-padding is-layout-constrained wp-container-core-group-is-layout-a151063b wp-block-group-is-layout-constrained\" style=\"padding-top:var(--wp--preset--spacing--50);padding-right:var(--wp--preset--spacing--40);padding-bottom:var(--wp--preset--spacing--50);padding-left:var(--wp--preset--spacing--40)\">\n<h1 class=\"wp-block-heading\" id=\"die-macher\">Die Macher<\/h1>\n\n\n\n<div class=\"ghostkit-grid ghostkit-grid-gap-md\"><div class=\"ghostkit-grid-inner\">\n<div class=\"ghostkit-col ghostkit-col-xl-12 ghostkit-col-8\"><div class=\"ghostkit-col-content is-layout-flow wp-block-ghostkit-grid-column-is-layout-flow\">\n<p>Die Gr\u00fcnder und Inhaber der OnREX GmbH, Jens D\u00fcrasch und Torsten Werfel, haben \u00fcber 15 Jahre Erfahrung im Bereich Managementsysteme f\u00fcr KFZ-Sachverst\u00e4ndige und sind bereit, einen Schritt weiter zu gehen.<\/p>\n<\/div><\/div>\n<\/div><\/div>\n<\/div>\n\n\n\n<div class=\"wp-block-group alignfull has-custom-5-background-color has-background has-global-padding is-layout-constrained wp-container-core-group-is-layout-a151063b wp-block-group-is-layout-constrained\" style=\"padding-top:var(--wp--preset--spacing--50);padding-right:var(--wp--preset--spacing--40);padding-bottom:var(--wp--preset--spacing--50);padding-left:var(--wp--preset--spacing--40)\">\n<div class=\"ghostkit-grid ghostkit-grid-gap-md\"><div class=\"ghostkit-grid-inner\">\n<div class=\"ghostkit-col ghostkit-col-xl-12 ghostkit-col-9\"><div class=\"ghostkit-col-content is-layout-flow wp-block-ghostkit-grid-column-is-layout-flow\">\n<h2 class=\"wp-block-heading\" id=\"unternehmen-dynarex\">Unternehmen DYNAREX&nbsp;<\/h2>\n\n\n\n<p>Mit ihrem erfahrenen Team haben Sie die neue Software DYNAREX entwickelt, die sich auf Kundenbindung, digitale Prozessabl\u00e4ufe, Internationalisierung und mobiles Arbeiten konzentriert. Im digitalen Zeitalter ver\u00e4ndert sich das unternehmerische Umfeld gravierend und DYNAREX ist die perfekte L\u00f6sung, um diesen Herausforderungen zu begegnen.<\/p>\n<\/div><\/div>\n<\/div><\/div>\n\n\n\n<div class=\"ghostkit-grid ghostkit-grid-gap-lg ghostkit-grid-align-items-center\"><div class=\"ghostkit-grid-inner\">\n<div class=\"ghostkit-col ghostkit-col-lg-12 ghostkit-col-6\"><div class=\"ghostkit-col-content is-layout-flow wp-block-ghostkit-grid-column-is-layout-flow\">\n<figure class=\"wp-block-image size-large\"><img loading=\"lazy\" decoding=\"async\" width=\"1200\" height=\"765\" src=\"https:\/\/dynarex.de\/wp-content\/uploads\/OnREX_Jens_Torsten_web-1536x979-1-1200x765.jpg\" alt=\"\" class=\"wp-image-303\" srcset=\"https:\/\/dynarex.de\/wp-content\/uploads\/OnREX_Jens_Torsten_web-1536x979-1-1200x765.jpg 1200w, https:\/\/dynarex.de\/wp-content\/uploads\/OnREX_Jens_Torsten_web-1536x979-1-600x382.jpg 600w, https:\/\/dynarex.de\/wp-content\/uploads\/OnREX_Jens_Torsten_web-1536x979-1-300x191.jpg 300w, https:\/\/dynarex.de\/wp-content\/uploads\/OnREX_Jens_Torsten_web-1536x979-1-768x490.jpg 768w, https:\/\/dynarex.de\/wp-content\/uploads\/OnREX_Jens_Torsten_web-1536x979-1.jpg 1536w\" sizes=\"auto, (max-width: 1200px) 100vw, 1200px\" \/><\/figure>\n<\/div><\/div>\n\n\n\n<div class=\"ghostkit-col ghostkit-col-lg-12 ghostkit-col-6\"><div class=\"ghostkit-col-content is-layout-flow wp-block-ghostkit-grid-column-is-layout-flow\">\n<p><strong>Jens D\u00fcrasch und Torsten Werfel sind Pioniere<\/strong> in diesem Bereich und haben eine Leidenschaft daf\u00fcr entwickelt, die Branche durch innovative Technologie und einzigartige L\u00f6sungen voranzubringen. Mit DYNAREX setzen Sie auf eine zukunftssichere L\u00f6sung, die auf Ihre individuellen Bed\u00fcrfnisse zugeschnitten ist.<\/p>\n\n\n\n<p>Schlie\u00dfen Sie sich den Tausenden von zufriedenen Anwendern an und wechseln Sie noch heute zu DYNAREX.<\/p>\n\n\n\n<p>Wir freuen uns darauf, Ihnen dabei zu helfen, Ihr Unternehmen auf die n\u00e4chste Stufe zu heben!<\/p>\n<\/div><\/div>\n<\/div><\/div>\n<\/div>\n\n\n\n<div class=\"wp-block-group alignfull has-white-color has-custom-3-background-color has-text-color has-background has-link-color wp-elements-48082575518ae76281696e1687889ddd has-global-padding is-layout-constrained wp-container-core-group-is-layout-3bfa357b wp-block-group-is-layout-constrained\" style=\"padding-top:var(--wp--preset--spacing--50);padding-right:var(--wp--preset--spacing--40);padding-bottom:var(--wp--preset--spacing--50);padding-left:var(--wp--preset--spacing--40)\">\n<h1 class=\"wp-block-heading has-text-align-center\" id=\"autorisierte-vertriebspartner-in-ihrer-nahe\">Autorisierte Vertriebspartner in Ihrer N\u00e4he<\/h1>\n\n\n\n<p class=\"has-text-align-center\">Sie wollen sich umfassend \u00fcber DAT und DYNAREX informieren und ben\u00f6tigen eine individuelle Beratung und Pr\u00e4sentation?<br>Unsere autorisierten Vertriebspartner in Ihrer N\u00e4he unterst\u00fctzen Sie schnell und kompetent.<\/p>\n\n\n\n<div style=\"height:50px\" aria-hidden=\"true\" class=\"wp-block-spacer\"><\/div>\n\n\n\n<div class=\"wp-block-columns alignwide is-layout-flex wp-container-core-columns-is-layout-28f84493 wp-block-columns-is-layout-flex\">\n<div class=\"wp-block-column is-layout-flow wp-block-column-is-layout-flow\">\n<div class=\"wp-block-columns are-vertically-aligned-center is-layout-flex wp-container-core-columns-is-layout-28f84493 wp-block-columns-is-layout-flex\">\n<div class=\"wp-block-column is-vertically-aligned-center is-layout-flow wp-block-column-is-layout-flow\" style=\"flex-basis:60%\">\n<figure class=\"wp-block-image size-full\"><img loading=\"lazy\" decoding=\"async\" width=\"486\" height=\"324\" src=\"https:\/\/dynarex.de\/wp-content\/uploads\/T_N_WEB.webp\" alt=\"\" class=\"wp-image-241\" srcset=\"https:\/\/dynarex.de\/wp-content\/uploads\/T_N_WEB.webp 486w, https:\/\/dynarex.de\/wp-content\/uploads\/T_N_WEB-300x200.webp 300w\" sizes=\"auto, (max-width: 486px) 100vw, 486px\" \/><\/figure>\n<\/div>\n\n\n\n<div class=\"wp-block-column is-vertically-aligned-center is-layout-flow wp-block-column-is-layout-flow\" style=\"flex-basis:40%\">\n<h3 class=\"wp-block-heading\" id=\"region-norden-west\">Region Norden-West<\/h3>\n\n\n\n<p><strong>Torben Nimke<br><\/strong>DAT Sales Representative<\/p>\n\n\n\n<p><a href=\"https:\/\/dynarex.de\/de\/praesentation\/\">Wunschtermin vereinbaren &gt;&gt;<\/a><\/p>\n<\/div>\n<\/div>\n<\/div>\n\n\n\n<div class=\"wp-block-column is-layout-flow wp-block-column-is-layout-flow\">\n<div class=\"wp-block-columns are-vertically-aligned-center is-layout-flex wp-container-core-columns-is-layout-28f84493 wp-block-columns-is-layout-flex\">\n<div class=\"wp-block-column is-vertically-aligned-center is-layout-flow wp-block-column-is-layout-flow\" style=\"flex-basis:60%\">\n<figure class=\"wp-block-image size-full\"><img loading=\"lazy\" decoding=\"async\" width=\"486\" height=\"324\" src=\"https:\/\/dynarex.de\/wp-content\/uploads\/D_F_WEB.webp\" alt=\"\" class=\"wp-image-248\" srcset=\"https:\/\/dynarex.de\/wp-content\/uploads\/D_F_WEB.webp 486w, https:\/\/dynarex.de\/wp-content\/uploads\/D_F_WEB-300x200.webp 300w\" sizes=\"auto, (max-width: 486px) 100vw, 486px\" \/><\/figure>\n<\/div>\n\n\n\n<div class=\"wp-block-column is-vertically-aligned-center is-layout-flow wp-block-column-is-layout-flow\" style=\"flex-basis:40%\">\n<h3 class=\"wp-block-heading\" id=\"region-norden-ost\">Region Norden-Ost<\/h3>\n\n\n\n<p><strong>Domenico Filigno<br><\/strong>DAT Sales Representative<\/p>\n\n\n\n<p><a href=\"https:\/\/dynarex.de\/de\/praesentation\/\">Wunschtermin vereinbaren &gt;&gt;<\/a><\/p>\n<\/div>\n<\/div>\n<\/div>\n<\/div>\n\n\n\n<div class=\"wp-block-columns alignwide is-layout-flex wp-container-core-columns-is-layout-28f84493 wp-block-columns-is-layout-flex\">\n<div class=\"wp-block-column is-layout-flow wp-block-column-is-layout-flow\">\n<div class=\"wp-block-columns are-vertically-aligned-center is-layout-flex wp-container-core-columns-is-layout-28f84493 wp-block-columns-is-layout-flex\">\n<div class=\"wp-block-column is-vertically-aligned-center is-layout-flow wp-block-column-is-layout-flow\" style=\"flex-basis:60%\">\n<figure class=\"wp-block-image size-full\"><img loading=\"lazy\" decoding=\"async\" width=\"486\" height=\"324\" src=\"https:\/\/dynarex.de\/wp-content\/uploads\/S_W_WEB.webp\" alt=\"\" class=\"wp-image-249\" srcset=\"https:\/\/dynarex.de\/wp-content\/uploads\/S_W_WEB.webp 486w, https:\/\/dynarex.de\/wp-content\/uploads\/S_W_WEB-300x200.webp 300w\" sizes=\"auto, (max-width: 486px) 100vw, 486px\" \/><\/figure>\n<\/div>\n\n\n\n<div class=\"wp-block-column is-vertically-aligned-center is-layout-flow wp-block-column-is-layout-flow\" style=\"flex-basis:40%\">\n<h3 class=\"wp-block-heading\" id=\"region-mitte-west\">Region Mitte-West<\/h3>\n\n\n\n<p><strong>Sebastian Weiermann<br><\/strong>DAT Sales Representative<\/p>\n\n\n\n<p><a href=\"https:\/\/dynarex.de\/de\/praesentation\/\">Wunschtermin vereinbarn &gt;&gt;<\/a><\/p>\n<\/div>\n<\/div>\n<\/div>\n\n\n\n<div class=\"wp-block-column is-layout-flow wp-block-column-is-layout-flow\">\n<div class=\"wp-block-columns are-vertically-aligned-center is-layout-flex wp-container-core-columns-is-layout-28f84493 wp-block-columns-is-layout-flex\">\n<div class=\"wp-block-column is-vertically-aligned-center is-layout-flow wp-block-column-is-layout-flow\" style=\"flex-basis:60%\">\n<figure class=\"wp-block-image aligncenter size-full is-resized\"><img loading=\"lazy\" decoding=\"async\" width=\"800\" height=\"1200\" src=\"https:\/\/dynarex.de\/wp-content\/uploads\/julia-schneider.jpg\" alt=\"\" class=\"wp-image-2007\" style=\"width:auto;height:300px\" srcset=\"https:\/\/dynarex.de\/wp-content\/uploads\/julia-schneider.jpg 800w, https:\/\/dynarex.de\/wp-content\/uploads\/julia-schneider-400x600.jpg 400w, https:\/\/dynarex.de\/wp-content\/uploads\/julia-schneider-200x300.jpg 200w, https:\/\/dynarex.de\/wp-content\/uploads\/julia-schneider-768x1152.jpg 768w\" sizes=\"auto, (max-width: 800px) 100vw, 800px\" \/><\/figure>\n<\/div>\n\n\n\n<div class=\"wp-block-column is-vertically-aligned-center is-layout-flow wp-block-column-is-layout-flow\" style=\"flex-basis:40%\">\n<h3 class=\"wp-block-heading\" id=\"region-mitte-ost\">Region Mitte-Ost<\/h3>\n\n\n\n<p><strong>Julia Schneider<\/strong><br>DAT Sales Representative<\/p>\n\n\n\n<p><a href=\"https:\/\/dynarex.de\/de\/praesentation\/\" target=\"_blank\" rel=\"noreferrer noopener\">Wunschtermin vereinbaren &gt;&gt;<\/a><\/p>\n<\/div>\n<\/div>\n<\/div>\n<\/div>\n\n\n\n<div class=\"wp-block-columns alignwide is-layout-flex wp-container-core-columns-is-layout-28f84493 wp-block-columns-is-layout-flex\">\n<div class=\"wp-block-column is-layout-flow wp-block-column-is-layout-flow\">\n<div class=\"wp-block-columns are-vertically-aligned-center is-layout-flex wp-container-core-columns-is-layout-28f84493 wp-block-columns-is-layout-flex\">\n<div class=\"wp-block-column is-vertically-aligned-center is-layout-flow wp-block-column-is-layout-flow\" style=\"flex-basis:60%\">\n<figure class=\"wp-block-image size-full\"><img loading=\"lazy\" decoding=\"async\" width=\"486\" height=\"324\" src=\"https:\/\/dynarex.de\/wp-content\/uploads\/H_B_WEB.webp\" alt=\"\" class=\"wp-image-251\" srcset=\"https:\/\/dynarex.de\/wp-content\/uploads\/H_B_WEB.webp 486w, https:\/\/dynarex.de\/wp-content\/uploads\/H_B_WEB-300x200.webp 300w\" sizes=\"auto, (max-width: 486px) 100vw, 486px\" \/><\/figure>\n<\/div>\n\n\n\n<div class=\"wp-block-column is-vertically-aligned-center is-layout-flow wp-block-column-is-layout-flow\" style=\"flex-basis:40%\">\n<h3 class=\"wp-block-heading\" id=\"region-sud-west\">Region S\u00fcd-West<\/h3>\n\n\n\n<p><strong>Holger Bentele<br><\/strong>DAT Sales Representative<\/p>\n\n\n\n<p><a href=\"https:\/\/dynarex.de\/de\/praesentation\/\">Wunschtermin vereinbaren &gt;&gt;<\/a><\/p>\n<\/div>\n<\/div>\n<\/div>\n\n\n\n<div class=\"wp-block-column is-layout-flow wp-block-column-is-layout-flow\">\n<div class=\"wp-block-columns are-vertically-aligned-center is-layout-flex wp-container-core-columns-is-layout-28f84493 wp-block-columns-is-layout-flex\">\n<div class=\"wp-block-column is-vertically-aligned-center is-layout-flow wp-block-column-is-layout-flow\" style=\"flex-basis:60%\">\n<figure class=\"wp-block-image size-full\"><img loading=\"lazy\" decoding=\"async\" width=\"486\" height=\"324\" src=\"https:\/\/dynarex.de\/wp-content\/uploads\/J_M_WEB.webp\" alt=\"\" class=\"wp-image-252\" srcset=\"https:\/\/dynarex.de\/wp-content\/uploads\/J_M_WEB.webp 486w, https:\/\/dynarex.de\/wp-content\/uploads\/J_M_WEB-300x200.webp 300w\" sizes=\"auto, (max-width: 486px) 100vw, 486px\" \/><\/figure>\n<\/div>\n\n\n\n<div class=\"wp-block-column is-vertically-aligned-center is-layout-flow wp-block-column-is-layout-flow\" style=\"flex-basis:40%\">\n<h3 class=\"wp-block-heading\" id=\"region-sud-ost\">Region S\u00fcd-Ost<\/h3>\n\n\n\n<p><strong>Jan Michel<br><\/strong>DAT Sales Representative<\/p>\n\n\n\n<p><a href=\"https:\/\/dynarex.de\/de\/praesentation\/\">Wunschtermin vereinbaren &gt;&gt;<\/a><\/p>\n<\/div>\n<\/div>\n<\/div>\n<\/div>\n<\/div>\n","protected":false},"excerpt":{"rendered":"<p>Die Macher Die Gr\u00fcnder und Inhaber der OnREX GmbH, Jens D\u00fcrasch und Torsten Werfel, haben \u00fcber 15 Jahre Erfahrung im Bereich Managementsysteme f\u00fcr KFZ-Sachverst\u00e4ndige und sind bereit, einen Schritt weiter zu gehen. Unternehmen DYNAREX&nbsp; Mit ihrem erfahrenen Team haben Sie die neue Software DYNAREX entwickelt, die sich auf Kundenbindung, digitale Prozessabl\u00e4ufe, Internationalisierung und mobiles Arbeiten [&hellip;]<\/p>\n","protected":false},"author":7,"featured_media":0,"parent":0,"menu_order":0,"comment_status":"closed","ping_status":"closed","template":"","meta":{"ghostkit_customizer_options":"","ghostkit_custom_css":"","ghostkit_custom_js_head":"","ghostkit_custom_js_foot":"","ghostkit_typography":"","footnotes":""},"class_list":["post-300","page","type-page","status-publish","hentry"],"_links":{"self":[{"href":"https:\/\/dynarex.de\/de\/wp-json\/wp\/v2\/pages\/300","targetHints":{"allow":["GET"]}}],"collection":[{"href":"https:\/\/dynarex.de\/de\/wp-json\/wp\/v2\/pages"}],"about":[{"href":"https:\/\/dynarex.de\/de\/wp-json\/wp\/v2\/types\/page"}],"author":[{"embeddable":true,"href":"https:\/\/dynarex.de\/de\/wp-json\/wp\/v2\/users\/7"}],"replies":[{"embeddable":true,"href":"https:\/\/dynarex.de\/de\/wp-json\/wp\/v2\/comments?post=300"}],"version-history":[{"count":15,"href":"https:\/\/dynarex.de\/de\/wp-json\/wp\/v2\/pages\/300\/revisions"}],"predecessor-version":[{"id":1426,"href":"https:\/\/dynarex.de\/de\/wp-json\/wp\/v2\/pages\/300\/revisions\/1426"}],"wp:attachment":[{"href":"https:\/\/dynarex.de\/de\/wp-json\/wp\/v2\/media?parent=300"}],"curies":[{"name":"wp","href":"https:\/\/api.w.org\/{rel}","templated":true}]}}