{"id":227,"date":"2024-01-25T15:37:04","date_gmt":"2024-01-25T15:37:04","guid":{"rendered":"https:\/\/dynarex.de\/?page_id=227"},"modified":"2024-05-14T07:02:46","modified_gmt":"2024-05-14T07:02:46","slug":"impressum","status":"publish","type":"page","link":"https:\/\/dynarex.de\/de\/impressum\/","title":{"rendered":"Impressum"},"content":{"rendered":"\n<div class=\"wp-block-group alignfull has-global-padding is-layout-constrained wp-container-core-group-is-layout-3bfa357b wp-block-group-is-layout-constrained\" style=\"padding-top:var(--wp--preset--spacing--50);padding-right:var(--wp--preset--spacing--40);padding-bottom:var(--wp--preset--spacing--50);padding-left:var(--wp--preset--spacing--40)\">\n<h1 class=\"wp-block-heading\" id=\"impressum\">Impressum<\/h1>\n\n\n\n<p>OnREX GmbH<br>Grimmaische-Stra\u00dfe 21<br>04109 Leipzig<\/p>\n\n\n\n<p><strong><br><\/strong><strong>Vertreten durch:&nbsp;<\/strong>Gesch\u00e4ftsf\u00fchrer Torsten Werfel, Jens D\u00fcrasch<\/p>\n\n\n\n<p>Telefon: +49 3431 62862-0<br>Fax: +49 3431 62862-55<br>E-Mail:&nbsp;<a href=\"mailto:info@onrex.de\">E-Mail senden<\/a><\/p>\n\n\n\n<p><strong>Registereintrag:<\/strong>&nbsp;HRB 38452, Amtsgericht Leipzig<br><strong>Umsatzsteuer-ID:<\/strong>&nbsp;DE 300507806<\/p>\n\n\n\n<p><strong>Haftung f\u00fcr Inhalte<\/strong><br>Die Inhalte unserer Seiten wurden mit gr\u00f6\u00dfter Sorgfalt erstellt. F\u00fcr die Richtigkeit, Vollst\u00e4ndigkeit und Aktualit\u00e4t der Inhalte k\u00f6nnen wir jedoch keine Gew\u00e4hr \u00fcbernehmen. Als Diensteanbieter sind wir gem\u00e4\u00df \u00a7 7 Abs.1 TMG f\u00fcr eigene Inhalte auf diesen Seiten nach den allgemeinen Gesetzen verantwortlich. Nach \u00a7\u00a7 8 bis 10 TMG sind wir als Diensteanbieter jedoch nicht verpflichtet, \u00fcbermittelte oder gespeicherte fremde Informationen zu \u00fcberwachen oder nach Umst\u00e4nden zu forschen, die auf eine rechtswidrige T\u00e4tigkeit hinweisen. Verpflichtungen zur Entfernung oder Sperrung der Nutzung von Informationen nach den allgemeinen Gesetzen bleiben hiervon unber\u00fchrt. Eine diesbez\u00fcgliche Haftung ist jedoch erst ab dem Zeitpunkt der Kenntnis einer konkreten Rechtsverletzung m\u00f6glich. Bei Bekanntwerden von entsprechenden Rechtsverletzungen werden wir diese Inhalte umgehend entfernen.<\/p>\n\n\n\n<p><strong>Haftung f\u00fcr Links<\/strong><br>Unser Angebot enth\u00e4lt Links zu externen Webseiten Dritter, auf deren Inhalte wir keinen Einfluss haben. Deshalb k\u00f6nnen wir f\u00fcr diese fremden Inhalte auch keine Gew\u00e4hr \u00fcbernehmen. F\u00fcr die Inhalte der verlinkten Seiten ist stets der jeweilige Anbieter oder Betreiber der Seiten verantwortlich. Die verlinkten Seiten wurden zum Zeitpunkt der Verlinkung auf m\u00f6gliche Rechtsverst\u00f6\u00dfe \u00fcberpr\u00fcft. Rechtswidrige Inhalte waren zum Zeitpunkt der Verlinkung nicht erkennbar. Eine permanente inhaltliche Kontrolle der verlinkten Seiten ist jedoch ohne konkrete Anhaltspunkte einer Rechtsverletzung nicht zumutbar. Bei Bekanntwerden von Rechtsverletzungen werden wir derartige Links umgehend entfernen.<\/p>\n\n\n\n<hr class=\"wp-block-separator has-alpha-channel-opacity is-style-wide\" style=\"margin-top:var(--wp--preset--spacing--40);margin-bottom:var(--wp--preset--spacing--40)\"\/>\n\n\n\n<p><strong>Bildnachweise<\/strong><\/p>\n\n\n\n<p><a href=\"http:\/\/www.istockphoto.com\/de\/foto\/berglandschaft-gm178532988-22747467?esource=SEO_GIS_CDN_Redirect\" target=\"_blank\" rel=\"noreferrer noopener nofollow\">\u00a9 KellyISP | istockphoto.com<\/a>\u00a0\/ <a href=\"https:\/\/stock.adobe.com\/de\/images\/close-up-view-of-businessman-hands-typing-on-laptop-computer-empty-screen-for-your-advertise-design\/552230772\" data-type=\"link\" data-id=\"https:\/\/stock.adobe.com\/de\/images\/close-up-view-of-businessman-hands-typing-on-laptop-computer-empty-screen-for-your-advertise-design\/552230772\" target=\"_blank\" rel=\"noopener\">\u00a9 wattana | stock.adobe.com<\/a> \/ <a href=\"https:\/\/stock.adobe.com\/de\/images\/new-knowledge-online-at-home-young-man-in-headphones-making-notes-and-looking-at-laptop-computer-in-living-room\/441951522\" data-type=\"link\" data-id=\"https:\/\/stock.adobe.com\/de\/images\/new-knowledge-online-at-home-young-man-in-headphones-making-notes-and-looking-at-laptop-computer-in-living-room\/441951522\" target=\"_blank\" rel=\"noopener\">\u00a9 Prostock-studio | stock.adobe.com<\/a><\/p>\n\n\n\n<hr class=\"wp-block-separator has-alpha-channel-opacity is-style-wide\" style=\"margin-top:var(--wp--preset--spacing--40);margin-bottom:var(--wp--preset--spacing--40)\"\/>\n\n\n\n<div class=\"wp-block-group is-layout-flex wp-block-group-is-layout-flex\">\n<div class=\"ghostkit-icon ghostkit-custom-LVHrw\"><div class=\"ghostkit-icon-inner\"><svg class=\"ghostkit-svg-icon ghostkit-svg-icon-fa\" aria-hidden=\"true\" role=\"img\" xmlns=\"http:\/\/www.w3.org\/2000\/svg\" viewBox=\"0 0 512 512\"><path fill=\"currentColor\" d=\"M256 8C119.3 8 8 119.2 8 256c0 136.7 111.3 248 248 248s248-111.3 248-248C504 119.2 392.7 8 256 8zM33 256c0-32.3 6.9-63 19.3-90.7l106.4 291.4C84.3 420.5 33 344.2 33 256zm223 223c-21.9 0-43-3.2-63-9.1l66.9-194.4 68.5 187.8c.5 1.1 1 2.1 1.6 3.1-23.1 8.1-48 12.6-74 12.6zm30.7-327.5c13.4-.7 25.5-2.1 25.5-2.1 12-1.4 10.6-19.1-1.4-18.4 0 0-36.1 2.8-59.4 2.8-21.9 0-58.7-2.8-58.7-2.8-12-.7-13.4 17.7-1.4 18.4 0 0 11.4 1.4 23.4 2.1l34.7 95.2L200.6 393l-81.2-241.5c13.4-.7 25.5-2.1 25.5-2.1 12-1.4 10.6-19.1-1.4-18.4 0 0-36.1 2.8-59.4 2.8-4.2 0-9.1-.1-14.4-.3C109.6 73 178.1 33 256 33c58 0 110.9 22.2 150.6 58.5-1-.1-1.9-.2-2.9-.2-21.9 0-37.4 19.1-37.4 39.6 0 18.4 10.6 33.9 21.9 52.3 8.5 14.8 18.4 33.9 18.4 61.5 0 19.1-7.3 41.2-17 72.1l-22.2 74.3-80.7-239.6zm81.4 297.2l68.1-196.9c12.7-31.8 17-57.2 17-79.9 0-8.2-.5-15.8-1.5-22.9 17.4 31.8 27.3 68.2 27.3 107 0 82.3-44.6 154.1-110.9 192.7z\"><\/path><\/svg><\/div><\/div>\n\n\n\n<p class=\"has-text-align-center\"><a href=\"https:\/\/stefaneichberg.com\/\" target=\"_blank\" rel=\"noopener\"><strong>WordPress Betreuung<\/strong> | Stefan Eichberg<\/a><\/p>\n<\/div>\n<\/div>\n","protected":false},"excerpt":{"rendered":"<p>Impressum OnREX GmbHGrimmaische-Stra\u00dfe 2104109 Leipzig Vertreten durch:&nbsp;Gesch\u00e4ftsf\u00fchrer Torsten Werfel, Jens D\u00fcrasch Telefon: +49 3431 62862-0Fax: +49 3431 62862-55E-Mail:&nbsp;E-Mail senden Registereintrag:&nbsp;HRB 38452, Amtsgericht LeipzigUmsatzsteuer-ID:&nbsp;DE 300507806 Haftung f\u00fcr InhalteDie Inhalte unserer Seiten wurden mit gr\u00f6\u00dfter Sorgfalt erstellt. F\u00fcr die Richtigkeit, Vollst\u00e4ndigkeit und Aktualit\u00e4t der Inhalte k\u00f6nnen wir jedoch keine Gew\u00e4hr \u00fcbernehmen. Als Diensteanbieter sind wir gem\u00e4\u00df \u00a7 [&hellip;]<\/p>\n","protected":false},"author":7,"featured_media":0,"parent":0,"menu_order":0,"comment_status":"closed","ping_status":"closed","template":"","meta":{"ghostkit_customizer_options":"","ghostkit_custom_css":"","ghostkit_custom_js_head":"","ghostkit_custom_js_foot":"","ghostkit_typography":"","footnotes":""},"class_list":["post-227","page","type-page","status-publish","hentry"],"_links":{"self":[{"href":"https:\/\/dynarex.de\/de\/wp-json\/wp\/v2\/pages\/227","targetHints":{"allow":["GET"]}}],"collection":[{"href":"https:\/\/dynarex.de\/de\/wp-json\/wp\/v2\/pages"}],"about":[{"href":"https:\/\/dynarex.de\/de\/wp-json\/wp\/v2\/types\/page"}],"author":[{"embeddable":true,"href":"https:\/\/dynarex.de\/de\/wp-json\/wp\/v2\/users\/7"}],"replies":[{"embeddable":true,"href":"https:\/\/dynarex.de\/de\/wp-json\/wp\/v2\/comments?post=227"}],"version-history":[{"count":14,"href":"https:\/\/dynarex.de\/de\/wp-json\/wp\/v2\/pages\/227\/revisions"}],"predecessor-version":[{"id":1530,"href":"https:\/\/dynarex.de\/de\/wp-json\/wp\/v2\/pages\/227\/revisions\/1530"}],"wp:attachment":[{"href":"https:\/\/dynarex.de\/de\/wp-json\/wp\/v2\/media?parent=227"}],"curies":[{"name":"wp","href":"https:\/\/api.w.org\/{rel}","templated":true}]}}