{"id":1027,"date":"2024-04-03T11:32:25","date_gmt":"2024-04-03T11:32:25","guid":{"rendered":"https:\/\/dynarex.de\/?page_id=1027"},"modified":"2024-04-03T11:33:59","modified_gmt":"2024-04-03T11:33:59","slug":"dynarex-invoice","status":"publish","type":"page","link":"https:\/\/dynarex.de\/de\/kfz-gutachter-software\/dynarex-invoice\/","title":{"rendered":"DYNAREX invoice"},"content":{"rendered":"\n<div class=\"wp-block-group alignfull has-custom-4-background-color has-background has-global-padding is-layout-constrained wp-block-group-is-layout-constrained\">\n<p class=\"has-white-color has-text-color has-link-color wp-elements-cffb145a99ccf1a3f970c4565471c96c\">Modul<\/p>\n\n\n\n<h1 class=\"wp-block-heading ghostkit-custom-Z2rvYvd has-white-color has-text-color has-link-color wp-elements-f391347d4be14ab2c87ce9375a0d8091\" id=\"dynarex-payment\">DYNAREX invoice<\/h1>\n<\/div>\n\n\n\n<div class=\"wp-block-group alignfull has-white-background-color has-background has-global-padding is-layout-constrained wp-block-group-is-layout-constrained\">\n<h3 class=\"wp-block-heading\" id=\"fur-das-rechnungswesen-honorartabellen-und-statistik\">F\u00fcr das Rechnungswesen, Honorartabellen und Statistik<\/h3>\n\n\n\n<ul class=\"wp-block-list\">\n<li><strong>Stammdaten<\/strong>\n<ul class=\"wp-block-list\">\n<li>Warengruppen und Erl\u00f6skonten (Daten\u00fcbergabe Finanzbuchhaltung\/Steuerberater),<\/li>\n\n\n\n<li>Frei definierbare beliebige Rechnungsartikel f\u00fcr Geb\u00fchrenrechnungen<\/li>\n\n\n\n<li>Erfassung beliebig vieler Honorartabellen<\/li>\n<\/ul>\n<\/li>\n<\/ul>\n\n\n\n<ul class=\"wp-block-list\">\n<li><strong>Rechnungswesen<\/strong>\n<ul class=\"wp-block-list\">\n<li>Rechnung zum Gutachten, Folgerechnung, Stornorechnung<\/li>\n\n\n\n<li>Ausgabeformat: PDF, X-Rechnung oder X-Rechnung+PDF<\/li>\n\n\n\n<li>Rechnungsoriginal \/ Kopie<\/li>\n\n\n\n<li>Ber\u00fccksichtigung von verschiedenen W\u00e4hrungen und Mehrwertsteuers\u00e4tzen<\/li>\n\n\n\n<li>Auftrags-\/Rechnungsversand zum Factoring-Dienstleister \u201ePersaldo24\u201c<\/li>\n\n\n\n<li>Lieferschein und Sammelrechnung in Verbindung mit DYNAREX payment<\/li>\n<\/ul>\n<\/li>\n<\/ul>\n\n\n\n<ul class=\"wp-block-list\">\n<li><strong>Rechnungs-Statistik<\/strong>\n<ul class=\"wp-block-list\">\n<li>Ausgabe und Druck frei definierbarer Journale zum Rechnungsausgang<\/li>\n<\/ul>\n<\/li>\n<\/ul>\n\n\n\n<ul class=\"wp-block-list\">\n<li><strong>In Verbindung mit dem Modul DYNAREX payment:<\/strong>\n<ul class=\"wp-block-list\">\n<li>Lieferscheine\/Sammelrechnungen<\/li>\n\n\n\n<li>GT\u00dc-EGUB Rechnungsimport<\/li>\n<\/ul>\n<\/li>\n<\/ul>\n\n\n\n<ul class=\"wp-block-list\">\n<li><strong>Rechnungslayout sind im Lieferumfang &nbsp;enthalten bzw. werden bei Bedarf nach Kundenvorgabe erstellt<\/strong><\/li>\n<\/ul>\n<\/div>\n\n\n\n<div class=\"wp-block-group alignfull styled-ghostkit-icon-box has-custom-3-background-color has-background has-global-padding is-layout-constrained wp-container-core-group-is-layout-a151063b wp-block-group-is-layout-constrained\" style=\"padding-top:var(--wp--preset--spacing--50);padding-right:var(--wp--preset--spacing--40);padding-bottom:var(--wp--preset--spacing--50);padding-left:var(--wp--preset--spacing--40)\">\n<h2 class=\"wp-block-heading has-text-align-center has-white-color has-text-color has-link-color wp-elements-50934fb99e4f474708cce11553688ad9\" id=\"module-von-dynarex\">Module von DYNAREX<\/h2>\n\n\n\n<div style=\"height:50px\" aria-hidden=\"true\" class=\"wp-block-spacer ghostkit-d-lg-none\"><\/div>\n\n\n\n<div class=\"ghostkit-grid ghostkit-grid-gap-md\"><div class=\"ghostkit-grid-inner\">\n<div class=\"ghostkit-col ghostkit-col-md-12 ghostkit-col-6\"><div class=\"ghostkit-col-content is-layout-flow wp-block-ghostkit-grid-column-is-layout-flow\">\n<div class=\"ghostkit-icon-box ghostkit-icon-box-with-link ghostkit-custom-Z2nymKA\"><a class=\"ghostkit-icon-box-link\" href=\"https:\/\/dynarex.de\/de\/kfz-gutachter-software\/dynarex-core\/\"><span><\/span><\/a><div class=\"ghostkit-icon-box-icon ghostkit-icon-box-icon-align-right\"><svg class=\"ghostkit-svg-icon\" width=\"24\" height=\"24\" viewBox=\"0 0 24 24\" fill=\"none\" xmlns=\"http:\/\/www.w3.org\/2000\/svg\"><path fill-rule=\"evenodd\" clip-rule=\"evenodd\" d=\"M9.21967 6.2197C9.51256 5.9268 9.98744 5.9268 10.2803 6.2197L15.5303 11.4697C15.8232 11.7626 15.8232 12.2374 15.5303 12.5303L10.2803 17.7803C9.98744 18.0732 9.51256 18.0732 9.21967 17.7803C8.92678 17.4874 8.92678 17.0126 9.21967 16.7197L13.9393 12L9.21967 7.2803C8.92678 6.9874 8.92678 6.5126 9.21967 6.2197Z\" fill=\"currentColor\"\/><\/svg><\/div><div class=\"ghostkit-icon-box-content is-layout-flow wp-block-ghostkit-icon-box-is-layout-flow\">\n<h3 class=\"wp-block-heading\" id=\"dynarex-core\">DYNAREX&nbsp;<em>core<\/em><\/h3>\n\n\n\n<p>Das&nbsp;Basissystem f\u00fcr die Schadenaufnahme inkl. Fahrzeugidentifikation, &nbsp;Kalkulation und Fahrzeugbewertung<\/p>\n<\/div><\/div>\n<\/div><\/div>\n\n\n\n<div class=\"ghostkit-col ghostkit-col-md-12 ghostkit-col-6\"><div class=\"ghostkit-col-content is-layout-flow wp-block-ghostkit-grid-column-is-layout-flow\">\n<div class=\"ghostkit-icon-box ghostkit-icon-box-with-link ghostkit-custom-Z1Ly9vK\"><a class=\"ghostkit-icon-box-link\" href=\"https:\/\/dynarex.de\/de\/kfz-gutachter-software\/dynarex-plus\/\"><span><\/span><\/a><div class=\"ghostkit-icon-box-icon ghostkit-icon-box-icon-align-right\"><svg class=\"ghostkit-svg-icon\" width=\"24\" height=\"24\" viewBox=\"0 0 24 24\" fill=\"none\" xmlns=\"http:\/\/www.w3.org\/2000\/svg\"><path fill-rule=\"evenodd\" clip-rule=\"evenodd\" d=\"M9.21967 6.2197C9.51256 5.9268 9.98744 5.9268 10.2803 6.2197L15.5303 11.4697C15.8232 11.7626 15.8232 12.2374 15.5303 12.5303L10.2803 17.7803C9.98744 18.0732 9.51256 18.0732 9.21967 17.7803C8.92678 17.4874 8.92678 17.0126 9.21967 16.7197L13.9393 12L9.21967 7.2803C8.92678 6.9874 8.92678 6.5126 9.21967 6.2197Z\" fill=\"currentColor\"\/><\/svg><\/div><div class=\"ghostkit-icon-box-content is-layout-flow wp-block-ghostkit-icon-box-is-layout-flow\">\n<h3 class=\"wp-block-heading\" id=\"dynarex-plus\">DYNAREX&nbsp;<em>plus<\/em><\/h3>\n\n\n\n<p>F\u00fcr die Erstellung von Gutachten, Workflowsteuerung, Restwert-, Marktwertermittlung, E-Mail, Connect portal und elektronische Unterschrift<\/p>\n<\/div><\/div>\n<\/div><\/div>\n\n\n\n<div class=\"ghostkit-col ghostkit-col-md-12 ghostkit-col-6\"><div class=\"ghostkit-col-content is-layout-flow wp-block-ghostkit-grid-column-is-layout-flow\">\n<div class=\"ghostkit-icon-box ghostkit-icon-box-with-link ghostkit-custom-Zj0FK8\"><a class=\"ghostkit-icon-box-link\" href=\"https:\/\/dynarex.de\/de\/kfz-gutachter-software\/dynarex-anywhere\/\"><span><\/span><\/a><div class=\"ghostkit-icon-box-icon ghostkit-icon-box-icon-align-right\"><svg class=\"ghostkit-svg-icon\" width=\"24\" height=\"24\" viewBox=\"0 0 24 24\" fill=\"none\" xmlns=\"http:\/\/www.w3.org\/2000\/svg\"><path fill-rule=\"evenodd\" clip-rule=\"evenodd\" d=\"M9.21967 6.2197C9.51256 5.9268 9.98744 5.9268 10.2803 6.2197L15.5303 11.4697C15.8232 11.7626 15.8232 12.2374 15.5303 12.5303L10.2803 17.7803C9.98744 18.0732 9.51256 18.0732 9.21967 17.7803C8.92678 17.4874 8.92678 17.0126 9.21967 16.7197L13.9393 12L9.21967 7.2803C8.92678 6.9874 8.92678 6.5126 9.21967 6.2197Z\" fill=\"currentColor\"\/><\/svg><\/div><div class=\"ghostkit-icon-box-content is-layout-flow wp-block-ghostkit-icon-box-is-layout-flow\">\n<h3 class=\"wp-block-heading\" id=\"dynarex-anywhere\">DYNAREX&nbsp;<em>anywhere*<\/em><\/h3>\n\n\n\n<p>F\u00fcr die mobile&nbsp;Schadenaufnahme ohne Internetverbindung.<\/p>\n<\/div><\/div>\n<\/div><\/div>\n\n\n\n<div class=\"ghostkit-col ghostkit-col-md-12 ghostkit-col-6\"><div class=\"ghostkit-col-content is-layout-flow wp-block-ghostkit-grid-column-is-layout-flow\">\n<div class=\"ghostkit-icon-box ghostkit-icon-box-with-link ghostkit-custom-18vLeM\"><a class=\"ghostkit-icon-box-link\" href=\"https:\/\/dynarex.de\/de\/kfz-gutachter-software\/dynarex-invoice\/\"><span><\/span><\/a><div class=\"ghostkit-icon-box-icon ghostkit-icon-box-icon-align-right\"><svg class=\"ghostkit-svg-icon\" width=\"24\" height=\"24\" viewBox=\"0 0 24 24\" fill=\"none\" xmlns=\"http:\/\/www.w3.org\/2000\/svg\"><path fill-rule=\"evenodd\" clip-rule=\"evenodd\" d=\"M9.21967 6.2197C9.51256 5.9268 9.98744 5.9268 10.2803 6.2197L15.5303 11.4697C15.8232 11.7626 15.8232 12.2374 15.5303 12.5303L10.2803 17.7803C9.98744 18.0732 9.51256 18.0732 9.21967 17.7803C8.92678 17.4874 8.92678 17.0126 9.21967 16.7197L13.9393 12L9.21967 7.2803C8.92678 6.9874 8.92678 6.5126 9.21967 6.2197Z\" fill=\"currentColor\"\/><\/svg><\/div><div class=\"ghostkit-icon-box-content is-layout-flow wp-block-ghostkit-icon-box-is-layout-flow\">\n<h3 class=\"wp-block-heading\" id=\"dynarex-invoice\">DYNAREX&nbsp;<em>invoice<\/em><\/h3>\n\n\n\n<p>F\u00fcr Rechnungswesen <br>und Honorartabellen<\/p>\n<\/div><\/div>\n<\/div><\/div>\n\n\n\n<div class=\"ghostkit-col ghostkit-col-md-12 ghostkit-col-6\"><div class=\"ghostkit-col-content is-layout-flow wp-block-ghostkit-grid-column-is-layout-flow\">\n<div class=\"ghostkit-icon-box ghostkit-icon-box-with-link ghostkit-custom-Qdh7N\"><a class=\"ghostkit-icon-box-link\" href=\"https:\/\/dynarex.de\/de\/kfz-gutachter-software\/dynarex-payment\/\"><span><\/span><\/a><div class=\"ghostkit-icon-box-icon ghostkit-icon-box-icon-align-right\"><svg class=\"ghostkit-svg-icon\" width=\"24\" height=\"24\" viewBox=\"0 0 24 24\" fill=\"none\" xmlns=\"http:\/\/www.w3.org\/2000\/svg\"><path fill-rule=\"evenodd\" clip-rule=\"evenodd\" d=\"M9.21967 6.2197C9.51256 5.9268 9.98744 5.9268 10.2803 6.2197L15.5303 11.4697C15.8232 11.7626 15.8232 12.2374 15.5303 12.5303L10.2803 17.7803C9.98744 18.0732 9.51256 18.0732 9.21967 17.7803C8.92678 17.4874 8.92678 17.0126 9.21967 16.7197L13.9393 12L9.21967 7.2803C8.92678 6.9874 8.92678 6.5126 9.21967 6.2197Z\" fill=\"currentColor\"\/><\/svg><\/div><div class=\"ghostkit-icon-box-content is-layout-flow wp-block-ghostkit-icon-box-is-layout-flow\">\n<h3 class=\"wp-block-heading\" id=\"dynarex-payment\">DYNAREX&nbsp;<em>payment*<\/em><\/h3>\n\n\n\n<p>F\u00fcr Zahlungseingang, Mahnwesen,&nbsp;Sammelrechnungen und&nbsp;DATEV-Schnittstelle<\/p>\n<\/div><\/div>\n<\/div><\/div>\n\n\n\n<div class=\"ghostkit-col ghostkit-col-md-12 ghostkit-col-6\"><div class=\"ghostkit-col-content is-layout-flow wp-block-ghostkit-grid-column-is-layout-flow\">\n<div class=\"ghostkit-icon-box ghostkit-icon-box-with-link ghostkit-custom-U7dmA\"><a class=\"ghostkit-icon-box-link\" href=\"https:\/\/dynarex.de\/de\/kfz-gutachter-software\/dynarex-intake\/\"><span><\/span><\/a><div class=\"ghostkit-icon-box-icon ghostkit-icon-box-icon-align-right\"><svg class=\"ghostkit-svg-icon\" width=\"24\" height=\"24\" viewBox=\"0 0 24 24\" fill=\"none\" xmlns=\"http:\/\/www.w3.org\/2000\/svg\"><path fill-rule=\"evenodd\" clip-rule=\"evenodd\" d=\"M9.21967 6.2197C9.51256 5.9268 9.98744 5.9268 10.2803 6.2197L15.5303 11.4697C15.8232 11.7626 15.8232 12.2374 15.5303 12.5303L10.2803 17.7803C9.98744 18.0732 9.51256 18.0732 9.21967 17.7803C8.92678 17.4874 8.92678 17.0126 9.21967 16.7197L13.9393 12L9.21967 7.2803C8.92678 6.9874 8.92678 6.5126 9.21967 6.2197Z\" fill=\"currentColor\"\/><\/svg><\/div><div class=\"ghostkit-icon-box-content is-layout-flow wp-block-ghostkit-icon-box-is-layout-flow\">\n<h3 class=\"wp-block-heading\" id=\"dynarex-org\">DYNAREX&nbsp;<em>intake*<\/em><\/h3>\n\n\n\n<p>F\u00fcr Leasingr\u00fccknahme <br>und Zustandsbewertung<\/p>\n<\/div><\/div>\n<\/div><\/div>\n<\/div><\/div>\n\n\n\n<p class=\"has-white-color has-text-color has-link-color has-small-font-size wp-elements-897aaf0cffac40a57aa8e8e98f7911e0\">* Nicht enthalten in \u201eDYNAREX on Demand\u201c und \u201eDYNAREX GT\u00dc on Demand\u201c<\/p>\n<\/div>\n\n\n\n<div class=\"wp-block-group alignfull has-custom-4-background-color has-background has-global-padding is-layout-constrained wp-block-group-is-layout-constrained\">\n<h3 class=\"wp-block-heading has-text-align-center has-white-color has-text-color has-link-color wp-elements-c0520817c998573a4b0b8439bd88c284\" id=\"individuelle-beratung-und-prasentation\">Individuelle Beratung und Pr\u00e4sentation<\/h3>\n\n\n\n<div style=\"height:25px\" aria-hidden=\"true\" class=\"wp-block-spacer\"><\/div>\n\n\n\n<div class=\"wp-block-group is-content-justification-center is-nowrap is-layout-flex wp-container-core-group-is-layout-23441af8 wp-block-group-is-layout-flex\">\n<div class=\"ghostkit-button-wrapper ghostkit-button-wrapper-gap-md\"><div class=\"ghostkit-button-wrapper-inner\">\n<a class=\"ghostkit-button ghostkit-button-md\" href=\"https:\/\/dynarex.de\/de\/praesentation\/\"><span class=\"ghostkit-button-icon ghostkit-button-icon-right\"><svg class=\"ghostkit-svg-icon\" width=\"24\" height=\"24\" viewBox=\"0 0 24 24\" fill=\"none\" xmlns=\"http:\/\/www.w3.org\/2000\/svg\"><path fill-rule=\"evenodd\" clip-rule=\"evenodd\" d=\"M9.21967 6.2197C9.51256 5.9268 9.98744 5.9268 10.2803 6.2197L15.5303 11.4697C15.8232 11.7626 15.8232 12.2374 15.5303 12.5303L10.2803 17.7803C9.98744 18.0732 9.51256 18.0732 9.21967 17.7803C8.92678 17.4874 8.92678 17.0126 9.21967 16.7197L13.9393 12L9.21967 7.2803C8.92678 6.9874 8.92678 6.5126 9.21967 6.2197Z\" fill=\"currentColor\"\/><\/svg><\/span><span class=\"ghostkit-button-text\">Beratungstermin vereinbaren<\/span><\/a>\n<\/div><\/div>\n<\/div>\n\n\n\n<p class=\"has-text-align-center ghostkit-custom-Z1I6YgX has-white-color has-text-color has-link-color wp-elements-2cd06ab359e0102c7ae1f720a2941b97\">kostenlos &amp; unverbindlich<\/p>\n<\/div>\n","protected":false},"excerpt":{"rendered":"<p>Modul DYNAREX invoice F\u00fcr das Rechnungswesen, Honorartabellen und Statistik<\/p>\n","protected":false},"author":7,"featured_media":0,"parent":370,"menu_order":0,"comment_status":"closed","ping_status":"closed","template":"","meta":{"ghostkit_customizer_options":"","ghostkit_custom_css":"","ghostkit_custom_js_head":"","ghostkit_custom_js_foot":"","ghostkit_typography":"","footnotes":""},"class_list":["post-1027","page","type-page","status-publish","hentry"],"_links":{"self":[{"href":"https:\/\/dynarex.de\/de\/wp-json\/wp\/v2\/pages\/1027","targetHints":{"allow":["GET"]}}],"collection":[{"href":"https:\/\/dynarex.de\/de\/wp-json\/wp\/v2\/pages"}],"about":[{"href":"https:\/\/dynarex.de\/de\/wp-json\/wp\/v2\/types\/page"}],"author":[{"embeddable":true,"href":"https:\/\/dynarex.de\/de\/wp-json\/wp\/v2\/users\/7"}],"replies":[{"embeddable":true,"href":"https:\/\/dynarex.de\/de\/wp-json\/wp\/v2\/comments?post=1027"}],"version-history":[{"count":3,"href":"https:\/\/dynarex.de\/de\/wp-json\/wp\/v2\/pages\/1027\/revisions"}],"predecessor-version":[{"id":1032,"href":"https:\/\/dynarex.de\/de\/wp-json\/wp\/v2\/pages\/1027\/revisions\/1032"}],"up":[{"embeddable":true,"href":"https:\/\/dynarex.de\/de\/wp-json\/wp\/v2\/pages\/370"}],"wp:attachment":[{"href":"https:\/\/dynarex.de\/de\/wp-json\/wp\/v2\/media?parent=1027"}],"curies":[{"name":"wp","href":"https:\/\/api.w.org\/{rel}","templated":true}]}}