{"id":1023,"date":"2024-04-03T11:30:06","date_gmt":"2024-04-03T11:30:06","guid":{"rendered":"https:\/\/dynarex.de\/?page_id=1023"},"modified":"2024-06-03T09:26:04","modified_gmt":"2024-06-03T09:26:04","slug":"dynarex-plus","status":"publish","type":"page","link":"https:\/\/dynarex.de\/de\/kfz-gutachter-software\/dynarex-plus\/","title":{"rendered":"DYNAREX plus"},"content":{"rendered":"\n<div class=\"wp-block-group alignfull has-custom-4-background-color has-background has-global-padding is-layout-constrained wp-block-group-is-layout-constrained\">\n<p class=\"has-white-color has-text-color has-link-color wp-elements-cffb145a99ccf1a3f970c4565471c96c\">Modul<\/p>\n\n\n\n<h1 class=\"wp-block-heading ghostkit-custom-Z2slEse has-white-color has-text-color has-link-color wp-elements-d6e80aadcfb4a0527f2fcc3174d98ff2\" id=\"dynarex-payment\">DYNAREX plus<\/h1>\n<\/div>\n\n\n\n<div class=\"wp-block-group alignfull has-white-background-color has-background has-global-padding is-layout-constrained wp-block-group-is-layout-constrained\">\n<h2 class=\"wp-block-heading\" id=\"fur-gutachtenerstellung-restwert-marktwertermittlung-versand-und-benutzerverwaltung\">F\u00fcr Gutachtenerstellung, Restwert-, Marktwertermittlung, Versand und Benutzerverwaltung<\/h2>\n\n\n\n<ul class=\"wp-block-list\">\n<li><strong>Textbaustein-Verwaltung (Gutachten)&nbsp;<\/strong>\n<ul class=\"wp-block-list\">\n<li>Erfassen, \u00c4ndern, Gruppieren im Bereich Textstammdaten f\u00fcr:\n<ul class=\"wp-block-list\">\n<li>die Gutachtenerstellung (Vor-und Nachtexte)<\/li>\n<\/ul>\n<\/li>\n\n\n\n<li>Es k\u00f6nnen Textbausteine zu Textbaustein-Kombinationen zusammengef\u00fchrt werden.<\/li>\n\n\n\n<li>F\u00fcr BVSK-Mitglieder ist &nbsp;die vom BVSK empfohlene Textbausteinsammlung, bei Bedarf, im Lieferumfang enthalten.<\/li>\n\n\n\n<li>Textbausteine sind per Feldfunktion mit Auftrags-, Adress-, Fahrzeug und Ergebnisdaten verkn\u00fcpft.<\/li>\n\n\n\n<li>F\u00fcr die Gutachtenerzeugung k\u00f6nnen Texte \u00fcber beliebig, viele Bedingungen automatisch integriert werden.<\/li>\n\n\n\n<li>Textbausteine k\u00f6nnen auch in Anschreiben, Rechnungen, Mahnungen und sonstigen Dokumenten eingef\u00fcgt und dort erg\u00e4nzt werden.<\/li>\n<\/ul>\n<\/li>\n<\/ul>\n\n\n\n<ul class=\"wp-block-list\">\n<li><strong>Dokumentvorlagen (Gutachten)<\/strong>\n<ul class=\"wp-block-list\">\n<li>Layout f\u00fcr Standard-Gutachtenaufbau (Deckblatt, Fahrzeugdaten, Vortexte, Kalkulation, Nachtexte und Fotoanhang).<\/li>\n\n\n\n<li>sonstige Dokumente wie Anschreiben, Abtretung und Werkstattinformation<\/li>\n\n\n\n<li>Nach Erfassung B\u00fcroanschrift sind Standard-Layouts sofort einsatzf\u00e4hig.<\/li>\n\n\n\n<li>Individuelle Layouts (z.B. Integration des Firmen-Briefpapiers) werden bei Bedarf nach Kundenvorgaben erstellt.<\/li>\n<\/ul>\n<\/li>\n<\/ul>\n\n\n\n<ul class=\"wp-block-list\">\n<li><strong>Dokumente elektronisch unterschreiben<\/strong>\n<ul class=\"wp-block-list\">\n<li>Rechtssicheres Unterschreiben von Gutachten-Dokumenten auf Tablet oder Smartphone<\/li>\n\n\n\n<li>auch am PC in Verbindung mit Smartphone<\/li>\n\n\n\n<li>Abtretungserkl\u00e4rung kann am PC\/Tablet ausgef\u00fcllt und sofort vom Auftraggeber unterschrieben werden.<\/li>\n\n\n\n<li>Das unterzeichnete Dokument wird als PDF automatisch unter Dokumente abgelegt.<\/li>\n\n\n\n<li>DSGVO- und eIDAS-konform<\/li>\n\n\n\n<li>T\u00dcV-Zertifizierung<\/li>\n<\/ul>\n<\/li>\n<\/ul>\n\n\n\n<ul class=\"wp-block-list\">\n<li><strong>Versandoptionen&nbsp;<\/strong>\n<ul class=\"wp-block-list\">\n<li>E-Mail (automatische Textgenerierung f\u00fcr E-Mail Betreff und Text)<\/li>\n\n\n\n<li>Connect Portal (Sicherer E-Mail Versand &nbsp;auch per PIN\/TAN Verfahren)<\/li>\n\n\n\n<li>Kalkulations\u00fcbermittlung per myclaim an Werkst\u00e4tten mit SilverDAT 3<\/li>\n\n\n\n<li>Versand per Schadennetz (GDV, myclaim usw.)<\/li>\n\n\n\n<li>Versand an BVSK ComTool<\/li>\n\n\n\n<li>inSign \u2013 Elektronischen Unterschrift eines Dokumentes direkt oder von zu Hause durch Kunde\/Auftraggeber<\/li>\n<\/ul>\n<\/li>\n<\/ul>\n\n\n\n<ul class=\"wp-block-list\">\n<li><strong>Ablaufsteuerung \u00fcber Workflows&nbsp;<\/strong>\n<ul class=\"wp-block-list\">\n<li>In Workflows k\u00f6nnen der Aufbau und Ablauf von Standardbeauftragungen definiert werden. Das erspart erhebliche Erfassungszeit im Bearbeitungsprozess und vermeidet Fehleingaben.<\/li>\n\n\n\n<li>Parameter die im Workflow vorgelegt werden k\u00f6nnen sind z.B.:\n<ul class=\"wp-block-list\">\n<li>Daten, wie z.B. allgemeine GA-Angaben, Beteiligte, Werkstattdaten, Textbausteine, die Dokumente und der Versandweg sowie die Honorarstufe und komplett vorausgef\u00fcllte Rechnungen.<\/li>\n\n\n\n<li>Aktive Auftragsseiten f\u00fcr die Datenerfassung. Nicht relevante Auftragsseiten werden dann im Auftrag ausgeblendet.<\/li>\n<\/ul>\n<\/li>\n<\/ul>\n<\/li>\n<\/ul>\n\n\n\n<ul class=\"wp-block-list\">\n<li><strong>Definieren von eigenen Erfassungsmasken&nbsp;<\/strong>\n<ul class=\"wp-block-list\">\n<li>z.B. f\u00fcr Schnellerfassungsmaske f\u00fcr telefonische Auftragsannahme oder f\u00fcr einen elektronischen Aufnahmebogen.<\/li>\n<\/ul>\n<\/li>\n<\/ul>\n\n\n\n<ul class=\"wp-block-list\">\n<li><strong>Restwertermittlung<\/strong>\n<ul class=\"wp-block-list\">\n<li>Anbindung an CarTV, AUTOonline, car.casion, W.O.M. und WinValue<\/li>\n\n\n\n<li>Regionale Restwertgebote per E-Mail-Anfrage oder per manueller Erfassung<\/li>\n\n\n\n<li>Automatische Anonymisierung von Fotos f\u00fcr die RW-B\u00f6rse (Kennzeichen und Personen)<\/li>\n\n\n\n<li>Einheitliche Benutzer-Oberfl\u00e4che f\u00fcr alle Restwertb\u00f6rsen<\/li>\n\n\n\n<li>Automatischer Empfang der Gebote und Gebotsbl\u00e4tter &nbsp;nach Ablauffrist<\/li>\n\n\n\n<li>Auswahl und Druck des RW-Favoriten und der -Vergleichsgebote<\/li>\n<\/ul>\n<\/li>\n<\/ul>\n\n\n\n<ul class=\"wp-block-list\">\n<li><strong>Marktwertermittlung<\/strong>\n<ul class=\"wp-block-list\">\n<li>Anbindung an &#8222;cartv-check&#8220; von APE, &#8222;cardetektiv&#8220; von cardetektiv.de und &#8222;MarktWerte&#8220; von WinValue<\/li>\n\n\n\n<li>Freie Fahrzeugselektion und Filterung<\/li>\n\n\n\n<li>Dokument \u201eWB-Wert Korridor\u201c und strukturierte Ergebnisdaten werden im Vorgang gespeichert<\/li>\n<\/ul>\n<\/li>\n<\/ul>\n\n\n\n<ul class=\"wp-block-list\">\n<li><strong>Benutzerverwaltung<\/strong>\n<ul class=\"wp-block-list\">\n<li>Komplett vom SV-B\u00fcro administriert<\/li>\n\n\n\n<li>Anlegen beliebig vieler Benutzer mit kompletten Kontaktdaten und Zusatzinformationen, &nbsp;E-Mail Einladung an neue Benutzer<\/li>\n\n\n\n<li>Benutzerfunktion: Passwort definieren, &nbsp;\u201ePasswort vergessen \/ Passwort zur\u00fccksetzen\u201c.<\/li>\n\n\n\n<li>Optional \u201eZwei Faktor Authentifizierung\u201c<\/li>\n<\/ul>\n<\/li>\n<\/ul>\n\n\n\n<ul class=\"wp-block-list\">\n<li><strong>Benutzerberechtigung<\/strong>\n<ul class=\"wp-block-list\">\n<li>Definition von Rollen (Fach-Admin, Anwendung-Admin, Sachverst\u00e4ndiger, Buchhaltung usw.)<\/li>\n\n\n\n<li>Zuordnung der Programmberechtigungen zur jeweiligen Rolle.<\/li>\n\n\n\n<li>Zuordnung einer oder mehrer Rollen zum Benutzer<\/li>\n\n\n\n<li>Aktivierung von zeitlich begrenzten &nbsp;Zugriffsberechtigungen f\u00fcr die Support-Unterst\u00fctzung<\/li>\n<\/ul>\n<\/li>\n<\/ul>\n<\/div>\n\n\n\n<div class=\"wp-block-group alignfull styled-ghostkit-icon-box has-custom-3-background-color has-background has-global-padding is-layout-constrained wp-container-core-group-is-layout-a151063b wp-block-group-is-layout-constrained\" style=\"padding-top:var(--wp--preset--spacing--50);padding-right:var(--wp--preset--spacing--40);padding-bottom:var(--wp--preset--spacing--50);padding-left:var(--wp--preset--spacing--40)\">\n<h2 class=\"wp-block-heading has-text-align-center has-white-color has-text-color has-link-color wp-elements-50934fb99e4f474708cce11553688ad9\" id=\"module-von-dynarex\">Module von DYNAREX<\/h2>\n\n\n\n<div style=\"height:50px\" aria-hidden=\"true\" class=\"wp-block-spacer ghostkit-d-lg-none\"><\/div>\n\n\n\n<div class=\"ghostkit-grid ghostkit-grid-gap-md\"><div class=\"ghostkit-grid-inner\">\n<div class=\"ghostkit-col ghostkit-col-md-12 ghostkit-col-6\"><div class=\"ghostkit-col-content is-layout-flow wp-block-ghostkit-grid-column-is-layout-flow\">\n<div class=\"ghostkit-icon-box ghostkit-icon-box-with-link ghostkit-custom-Z2nymKA\"><a class=\"ghostkit-icon-box-link\" href=\"https:\/\/dynarex.de\/de\/kfz-gutachter-software\/dynarex-core\/\"><span><\/span><\/a><div class=\"ghostkit-icon-box-icon ghostkit-icon-box-icon-align-right\"><svg class=\"ghostkit-svg-icon\" width=\"24\" height=\"24\" viewBox=\"0 0 24 24\" fill=\"none\" xmlns=\"http:\/\/www.w3.org\/2000\/svg\"><path fill-rule=\"evenodd\" clip-rule=\"evenodd\" d=\"M9.21967 6.2197C9.51256 5.9268 9.98744 5.9268 10.2803 6.2197L15.5303 11.4697C15.8232 11.7626 15.8232 12.2374 15.5303 12.5303L10.2803 17.7803C9.98744 18.0732 9.51256 18.0732 9.21967 17.7803C8.92678 17.4874 8.92678 17.0126 9.21967 16.7197L13.9393 12L9.21967 7.2803C8.92678 6.9874 8.92678 6.5126 9.21967 6.2197Z\" fill=\"currentColor\"\/><\/svg><\/div><div class=\"ghostkit-icon-box-content is-layout-flow wp-block-ghostkit-icon-box-is-layout-flow\">\n<h3 class=\"wp-block-heading\" id=\"dynarex-core\">DYNAREX&nbsp;<em>core<\/em><\/h3>\n\n\n\n<p>Das&nbsp;Basissystem f\u00fcr die Schadenaufnahme inkl. Fahrzeugidentifikation, &nbsp;Kalkulation und Fahrzeugbewertung<\/p>\n<\/div><\/div>\n<\/div><\/div>\n\n\n\n<div class=\"ghostkit-col ghostkit-col-md-12 ghostkit-col-6\"><div class=\"ghostkit-col-content is-layout-flow wp-block-ghostkit-grid-column-is-layout-flow\">\n<div class=\"ghostkit-icon-box ghostkit-icon-box-with-link ghostkit-custom-Z1Ly9vK\"><a class=\"ghostkit-icon-box-link\" href=\"https:\/\/dynarex.de\/de\/kfz-gutachter-software\/dynarex-plus\/\"><span><\/span><\/a><div class=\"ghostkit-icon-box-icon ghostkit-icon-box-icon-align-right\"><svg class=\"ghostkit-svg-icon\" width=\"24\" height=\"24\" viewBox=\"0 0 24 24\" fill=\"none\" xmlns=\"http:\/\/www.w3.org\/2000\/svg\"><path fill-rule=\"evenodd\" clip-rule=\"evenodd\" d=\"M9.21967 6.2197C9.51256 5.9268 9.98744 5.9268 10.2803 6.2197L15.5303 11.4697C15.8232 11.7626 15.8232 12.2374 15.5303 12.5303L10.2803 17.7803C9.98744 18.0732 9.51256 18.0732 9.21967 17.7803C8.92678 17.4874 8.92678 17.0126 9.21967 16.7197L13.9393 12L9.21967 7.2803C8.92678 6.9874 8.92678 6.5126 9.21967 6.2197Z\" fill=\"currentColor\"\/><\/svg><\/div><div class=\"ghostkit-icon-box-content is-layout-flow wp-block-ghostkit-icon-box-is-layout-flow\">\n<h3 class=\"wp-block-heading\" id=\"dynarex-plus\">DYNAREX&nbsp;<em>plus<\/em><\/h3>\n\n\n\n<p>F\u00fcr die Erstellung von Gutachten, Workflowsteuerung, Restwert-, Marktwertermittlung, E-Mail, Connect portal und elektronische Unterschrift<\/p>\n<\/div><\/div>\n<\/div><\/div>\n\n\n\n<div class=\"ghostkit-col ghostkit-col-md-12 ghostkit-col-6\"><div class=\"ghostkit-col-content is-layout-flow wp-block-ghostkit-grid-column-is-layout-flow\">\n<div class=\"ghostkit-icon-box ghostkit-icon-box-with-link ghostkit-custom-Zj0FK8\"><a class=\"ghostkit-icon-box-link\" href=\"https:\/\/dynarex.de\/de\/kfz-gutachter-software\/dynarex-anywhere\/\"><span><\/span><\/a><div class=\"ghostkit-icon-box-icon ghostkit-icon-box-icon-align-right\"><svg class=\"ghostkit-svg-icon\" width=\"24\" height=\"24\" viewBox=\"0 0 24 24\" fill=\"none\" xmlns=\"http:\/\/www.w3.org\/2000\/svg\"><path fill-rule=\"evenodd\" clip-rule=\"evenodd\" d=\"M9.21967 6.2197C9.51256 5.9268 9.98744 5.9268 10.2803 6.2197L15.5303 11.4697C15.8232 11.7626 15.8232 12.2374 15.5303 12.5303L10.2803 17.7803C9.98744 18.0732 9.51256 18.0732 9.21967 17.7803C8.92678 17.4874 8.92678 17.0126 9.21967 16.7197L13.9393 12L9.21967 7.2803C8.92678 6.9874 8.92678 6.5126 9.21967 6.2197Z\" fill=\"currentColor\"\/><\/svg><\/div><div class=\"ghostkit-icon-box-content is-layout-flow wp-block-ghostkit-icon-box-is-layout-flow\">\n<h3 class=\"wp-block-heading\" id=\"dynarex-anywhere\">DYNAREX&nbsp;<em>anywhere*<\/em><\/h3>\n\n\n\n<p>F\u00fcr die mobile&nbsp;Schadenaufnahme ohne Internetverbindung.<\/p>\n<\/div><\/div>\n<\/div><\/div>\n\n\n\n<div class=\"ghostkit-col ghostkit-col-md-12 ghostkit-col-6\"><div class=\"ghostkit-col-content is-layout-flow wp-block-ghostkit-grid-column-is-layout-flow\">\n<div class=\"ghostkit-icon-box ghostkit-icon-box-with-link ghostkit-custom-18vLeM\"><a class=\"ghostkit-icon-box-link\" href=\"https:\/\/dynarex.de\/de\/kfz-gutachter-software\/dynarex-invoice\/\"><span><\/span><\/a><div class=\"ghostkit-icon-box-icon ghostkit-icon-box-icon-align-right\"><svg class=\"ghostkit-svg-icon\" width=\"24\" height=\"24\" viewBox=\"0 0 24 24\" fill=\"none\" xmlns=\"http:\/\/www.w3.org\/2000\/svg\"><path fill-rule=\"evenodd\" clip-rule=\"evenodd\" d=\"M9.21967 6.2197C9.51256 5.9268 9.98744 5.9268 10.2803 6.2197L15.5303 11.4697C15.8232 11.7626 15.8232 12.2374 15.5303 12.5303L10.2803 17.7803C9.98744 18.0732 9.51256 18.0732 9.21967 17.7803C8.92678 17.4874 8.92678 17.0126 9.21967 16.7197L13.9393 12L9.21967 7.2803C8.92678 6.9874 8.92678 6.5126 9.21967 6.2197Z\" fill=\"currentColor\"\/><\/svg><\/div><div class=\"ghostkit-icon-box-content is-layout-flow wp-block-ghostkit-icon-box-is-layout-flow\">\n<h3 class=\"wp-block-heading\" id=\"dynarex-invoice\">DYNAREX&nbsp;<em>invoice<\/em><\/h3>\n\n\n\n<p>F\u00fcr Rechnungswesen <br>und Honorartabellen<\/p>\n<\/div><\/div>\n<\/div><\/div>\n\n\n\n<div class=\"ghostkit-col ghostkit-col-md-12 ghostkit-col-6\"><div class=\"ghostkit-col-content is-layout-flow wp-block-ghostkit-grid-column-is-layout-flow\">\n<div class=\"ghostkit-icon-box ghostkit-icon-box-with-link ghostkit-custom-Qdh7N\"><a class=\"ghostkit-icon-box-link\" href=\"https:\/\/dynarex.de\/de\/kfz-gutachter-software\/dynarex-payment\/\"><span><\/span><\/a><div class=\"ghostkit-icon-box-icon ghostkit-icon-box-icon-align-right\"><svg class=\"ghostkit-svg-icon\" width=\"24\" height=\"24\" viewBox=\"0 0 24 24\" fill=\"none\" xmlns=\"http:\/\/www.w3.org\/2000\/svg\"><path fill-rule=\"evenodd\" clip-rule=\"evenodd\" d=\"M9.21967 6.2197C9.51256 5.9268 9.98744 5.9268 10.2803 6.2197L15.5303 11.4697C15.8232 11.7626 15.8232 12.2374 15.5303 12.5303L10.2803 17.7803C9.98744 18.0732 9.51256 18.0732 9.21967 17.7803C8.92678 17.4874 8.92678 17.0126 9.21967 16.7197L13.9393 12L9.21967 7.2803C8.92678 6.9874 8.92678 6.5126 9.21967 6.2197Z\" fill=\"currentColor\"\/><\/svg><\/div><div class=\"ghostkit-icon-box-content is-layout-flow wp-block-ghostkit-icon-box-is-layout-flow\">\n<h3 class=\"wp-block-heading\" id=\"dynarex-payment\">DYNAREX&nbsp;<em>payment*<\/em><\/h3>\n\n\n\n<p>F\u00fcr Zahlungseingang, Mahnwesen,&nbsp;Sammelrechnungen und&nbsp;DATEV-Schnittstelle<\/p>\n<\/div><\/div>\n<\/div><\/div>\n\n\n\n<div class=\"ghostkit-col ghostkit-col-md-12 ghostkit-col-6\"><div class=\"ghostkit-col-content is-layout-flow wp-block-ghostkit-grid-column-is-layout-flow\">\n<div class=\"ghostkit-icon-box ghostkit-icon-box-with-link ghostkit-custom-U7dmA\"><a class=\"ghostkit-icon-box-link\" href=\"https:\/\/dynarex.de\/de\/kfz-gutachter-software\/dynarex-intake\/\"><span><\/span><\/a><div class=\"ghostkit-icon-box-icon ghostkit-icon-box-icon-align-right\"><svg class=\"ghostkit-svg-icon\" width=\"24\" height=\"24\" viewBox=\"0 0 24 24\" fill=\"none\" xmlns=\"http:\/\/www.w3.org\/2000\/svg\"><path fill-rule=\"evenodd\" clip-rule=\"evenodd\" d=\"M9.21967 6.2197C9.51256 5.9268 9.98744 5.9268 10.2803 6.2197L15.5303 11.4697C15.8232 11.7626 15.8232 12.2374 15.5303 12.5303L10.2803 17.7803C9.98744 18.0732 9.51256 18.0732 9.21967 17.7803C8.92678 17.4874 8.92678 17.0126 9.21967 16.7197L13.9393 12L9.21967 7.2803C8.92678 6.9874 8.92678 6.5126 9.21967 6.2197Z\" fill=\"currentColor\"\/><\/svg><\/div><div class=\"ghostkit-icon-box-content is-layout-flow wp-block-ghostkit-icon-box-is-layout-flow\">\n<h3 class=\"wp-block-heading\" id=\"dynarex-org\">DYNAREX&nbsp;<em>intake*<\/em><\/h3>\n\n\n\n<p>F\u00fcr Leasingr\u00fccknahme <br>und Zustandsbewertung<\/p>\n<\/div><\/div>\n<\/div><\/div>\n<\/div><\/div>\n\n\n\n<p class=\"has-white-color has-text-color has-link-color has-small-font-size wp-elements-897aaf0cffac40a57aa8e8e98f7911e0\">* Nicht enthalten in \u201eDYNAREX on Demand\u201c und \u201eDYNAREX GT\u00dc on Demand\u201c<\/p>\n<\/div>\n\n\n\n<div class=\"wp-block-group alignfull has-custom-4-background-color has-background has-global-padding is-layout-constrained wp-block-group-is-layout-constrained\">\n<h3 class=\"wp-block-heading has-text-align-center has-white-color has-text-color has-link-color wp-elements-c0520817c998573a4b0b8439bd88c284\" id=\"individuelle-beratung-und-prasentation\">Individuelle Beratung und Pr\u00e4sentation<\/h3>\n\n\n\n<div style=\"height:25px\" aria-hidden=\"true\" class=\"wp-block-spacer\"><\/div>\n\n\n\n<div class=\"wp-block-group is-content-justification-center is-nowrap is-layout-flex wp-container-core-group-is-layout-23441af8 wp-block-group-is-layout-flex\">\n<div class=\"ghostkit-button-wrapper ghostkit-button-wrapper-gap-md\"><div class=\"ghostkit-button-wrapper-inner\">\n<a class=\"ghostkit-button ghostkit-button-md\" href=\"https:\/\/dynarex.de\/de\/praesentation\/\"><span class=\"ghostkit-button-icon ghostkit-button-icon-right\"><svg class=\"ghostkit-svg-icon\" width=\"24\" height=\"24\" viewBox=\"0 0 24 24\" fill=\"none\" xmlns=\"http:\/\/www.w3.org\/2000\/svg\"><path fill-rule=\"evenodd\" clip-rule=\"evenodd\" d=\"M9.21967 6.2197C9.51256 5.9268 9.98744 5.9268 10.2803 6.2197L15.5303 11.4697C15.8232 11.7626 15.8232 12.2374 15.5303 12.5303L10.2803 17.7803C9.98744 18.0732 9.51256 18.0732 9.21967 17.7803C8.92678 17.4874 8.92678 17.0126 9.21967 16.7197L13.9393 12L9.21967 7.2803C8.92678 6.9874 8.92678 6.5126 9.21967 6.2197Z\" fill=\"currentColor\"\/><\/svg><\/span><span class=\"ghostkit-button-text\">Beratungstermin vereinbaren<\/span><\/a>\n<\/div><\/div>\n<\/div>\n\n\n\n<p class=\"has-text-align-center ghostkit-custom-Z1I6YgX has-white-color has-text-color has-link-color wp-elements-2cd06ab359e0102c7ae1f720a2941b97\">kostenlos &amp; unverbindlich<\/p>\n<\/div>\n","protected":false},"excerpt":{"rendered":"<p>Modul DYNAREX plus F\u00fcr Gutachtenerstellung, Restwert-, Marktwertermittlung, Versand und Benutzerverwaltung<\/p>\n","protected":false},"author":7,"featured_media":0,"parent":370,"menu_order":0,"comment_status":"closed","ping_status":"closed","template":"","meta":{"ghostkit_customizer_options":"","ghostkit_custom_css":"","ghostkit_custom_js_head":"","ghostkit_custom_js_foot":"","ghostkit_typography":"","footnotes":""},"class_list":["post-1023","page","type-page","status-publish","hentry"],"_links":{"self":[{"href":"https:\/\/dynarex.de\/de\/wp-json\/wp\/v2\/pages\/1023","targetHints":{"allow":["GET"]}}],"collection":[{"href":"https:\/\/dynarex.de\/de\/wp-json\/wp\/v2\/pages"}],"about":[{"href":"https:\/\/dynarex.de\/de\/wp-json\/wp\/v2\/types\/page"}],"author":[{"embeddable":true,"href":"https:\/\/dynarex.de\/de\/wp-json\/wp\/v2\/users\/7"}],"replies":[{"embeddable":true,"href":"https:\/\/dynarex.de\/de\/wp-json\/wp\/v2\/comments?post=1023"}],"version-history":[{"count":4,"href":"https:\/\/dynarex.de\/de\/wp-json\/wp\/v2\/pages\/1023\/revisions"}],"predecessor-version":[{"id":1580,"href":"https:\/\/dynarex.de\/de\/wp-json\/wp\/v2\/pages\/1023\/revisions\/1580"}],"up":[{"embeddable":true,"href":"https:\/\/dynarex.de\/de\/wp-json\/wp\/v2\/pages\/370"}],"wp:attachment":[{"href":"https:\/\/dynarex.de\/de\/wp-json\/wp\/v2\/media?parent=1023"}],"curies":[{"name":"wp","href":"https:\/\/api.w.org\/{rel}","templated":true}]}}