{"id":1018,"date":"2024-04-03T11:26:51","date_gmt":"2024-04-03T11:26:51","guid":{"rendered":"https:\/\/dynarex.de\/?page_id=1018"},"modified":"2024-04-03T11:35:37","modified_gmt":"2024-04-03T11:35:37","slug":"dynarex-core","status":"publish","type":"page","link":"https:\/\/dynarex.de\/de\/kfz-gutachter-software\/dynarex-core\/","title":{"rendered":"DYNAREX Core"},"content":{"rendered":"\n<div class=\"wp-block-group alignfull has-custom-4-background-color has-background has-global-padding is-layout-constrained wp-block-group-is-layout-constrained\">\n<p class=\"has-white-color has-text-color has-link-color wp-elements-cffb145a99ccf1a3f970c4565471c96c\">Modul<\/p>\n\n\n\n<h1 class=\"wp-block-heading ghostkit-custom-xbVmS has-white-color has-text-color has-link-color wp-elements-49b4c8388c6a8db5e90ea0bd27b11f43\" id=\"dynarex-payment\">DYNAREX Core<\/h1>\n<\/div>\n\n\n\n<div class=\"wp-block-group alignfull has-white-background-color has-background has-global-padding is-layout-constrained wp-block-group-is-layout-constrained\">\n<h2 class=\"wp-block-heading\" id=\"das-basismodul-insbesondere-fur-kalkulation-und-bewertung-sowie-mobile-schadenaufnahme\">Das Basismodul insbesondere f\u00fcr Kalkulation und Bewertung sowie mobile Schadenaufnahme<\/h2>\n\n\n\n<h3 class=\"wp-block-heading\" id=\"auftragsbearbeitung\">Auftragsbearbeitung<\/h3>\n\n\n\n<ul class=\"wp-block-list\">\n<li>Anlegen, Kopieren und L\u00f6schen von Auftr\u00e4gen<\/li>\n\n\n\n<li>Auftragssuche \u00fcber Volltextrecherche, Ansicht \u201eZuletzt angesehene Auftr\u00e4ge\u201c, Letzte Suchanfragen\u201c<\/li>\n\n\n\n<li>Auftrags\u00fcbersicht pers\u00f6nlich konfigurierbar<\/li>\n\n\n\n<li>Freidefinierbare Filter (\u201ein Bearbeitung\u201c \u201eRechnung\/Versand\u201c, \u201eFertig\u201c usw.)<\/li>\n\n\n\n<li>Datenaustausch mit Kooperationspartnern \u00fcber Schadennetze<\/li>\n<\/ul>\n\n\n\n<h3 class=\"wp-block-heading\" id=\"fahrzeugidentifikation-dat-silverdat-3-und-audatex-qapterclaims\">Fahrzeugidentifikation DAT (SilverDAT 3) und Audatex (QapterClaims)<\/h3>\n\n\n\n<ul class=\"wp-block-list\">\n<li>Fahrzeugdaten\u00fcbernahme aus Foto vom Fahrzeugschein, Typenschild oder Frontscheibe(VIN)\n<ul class=\"wp-block-list\">\n<li>\u00dcbernommen werden: Adresse Fahrzeughalter; Amtl. Kennzeichen, Erstzulassung, VIN inkl. Kontzrollziffer, n\u00e4chste HU und KBA-Nr.<\/li>\n<\/ul>\n<\/li>\n\n\n\n<li>Identifikation per VIN, KBA und manuell \u00fcber Suchbaum,<\/li>\n\n\n\n<li>Optional Fahrzeugauswahl f\u00fcr Phantom- und manuelle Kalkulation<\/li>\n\n\n\n<li>Anzeige Fahrzeugfotos des Herstellers<\/li>\n\n\n\n<li>Fahrzeugbezeichnung, Bauzeit, technische Zusatzangaben (Ma\u00dfe, Gewicht, Tankvolumen usw.)<\/li>\n\n\n\n<li>Verbaute und optionale Serien- und Sonderausstattung,<\/li>\n\n\n\n<li>Erfassung von Zusatzausstattungen<\/li>\n\n\n\n<li>Verbaute Felge mit Dimension und Felgenbild, Anzeige aller m\u00f6glichen Felgen inkl. Felgenbild<\/li>\n<\/ul>\n\n\n\n<h3 class=\"wp-block-heading\" id=\"fahrzeugschein-scan-ein-foto-genugt\">Fahrzeugschein-Scan \u2013 Ein Foto gen\u00fcgt.<\/h3>\n\n\n\n<ul class=\"wp-block-list\">\n<li>Automatische \u00dcbernahme von Daten aus dem Fahrzeugschein.<\/li>\n\n\n\n<li>folgende Daten werden \u00fcbernommen:\n<ul class=\"wp-block-list\">\n<li>Amtl- Kennzeichen<\/li>\n\n\n\n<li>Fahrzeughalter-Adresse<\/li>\n\n\n\n<li>VIN-Nummer und Pr\u00fcfziffer<\/li>\n\n\n\n<li>KBA-Nummer<\/li>\n\n\n\n<li>Erste-Zulassung<\/li>\n\n\n\n<li>HU-Datum (wenn es in der Zukunft liegt)<\/li>\n<\/ul>\n<\/li>\n\n\n\n<li>Der Fahrzeugschein-Scan steht am PC und mobil auf Tablet und Smartphone in der APP zur Verf\u00fcgung.<\/li>\n<\/ul>\n\n\n\n<h3 class=\"wp-block-heading\" id=\"kalkulation-der-reparaturkosten-mit-dat-silverdat-3-und-audatex-qapterclaims\">Kalkulation der Reparaturkosten mit DAT (SilverDAT 3) und Audatex (QapterClaims)<\/h3>\n\n\n\n<ul class=\"wp-block-list\">\n<li>Grafische Schadenerfassung jeweils optimiert f\u00fcr PC oder Tablet (DAT)<\/li>\n\n\n\n<li>Lackberechnung nach EURO-Lacksystem(DAT), Hersteller oder AZT<\/li>\n\n\n\n<li>\u00dcbernahme Std.-Verrechnungss\u00e4tze und Kalkulationsfaktoren aus gespeicherter Werkstatt-Adresse<\/li>\n\n\n\n<li>Erfassung\/Kopieren und Bearbeitung von mehreren Kalkulationen zum Auftrag<\/li>\n<\/ul>\n\n\n\n<h3 class=\"wp-block-heading\" id=\"import-von-kalkulationen-aus-audapad-iii-audatex\">Import von Kalkulationen aus AudaPad III (Audatex)<\/h3>\n\n\n\n<ul class=\"wp-block-list\">\n<li>Import der kompletten Fahrzeug-Identifikation, Serien-, Sonder- und Zusatzausstattung<\/li>\n\n\n\n<li>Import der Std.-Verrechnungss\u00e4tze der Kalkulation<\/li>\n\n\n\n<li>Import Kalkulationsreport inkl. strukturierten Einzelergebnisse<\/li>\n<\/ul>\n\n\n\n<h3 class=\"wp-block-heading\" id=\"gebrauchtfahrzeugbewertung-dat-silverdat-3\">Gebrauchtfahrzeugbewertung DAT (SilverDat 3)<\/h3>\n\n\n\n<ul class=\"wp-block-list\">\n<li>Manuelle Beeinflussung des Wertes der Sonderausstattung<\/li>\n\n\n\n<li>Erfassung von Auf- und Abschl\u00e4gen sowie erforderlichen Reparaturkosten usw.<\/li>\n\n\n\n<li>Ausdruck HEK-Wert, HVK-Wert, WB-Wert, Zeitwert (Regel, Diff.-Steuer, Steuerneutral)<\/li>\n<\/ul>\n\n\n\n<h3 class=\"wp-block-heading\" id=\"berechnung-merkantiler-minderwert\">Berechnung \u201eMerkantiler Minderwert\u201c<\/h3>\n\n\n\n<ul class=\"wp-block-list\">\n<li>Nach Berechnungsmethode Hamburger Modell, BVSK, MFM, Halbgewachs, Rukopf-Sahm, Mittelwert<\/li>\n<\/ul>\n\n\n\n<h3 class=\"wp-block-heading\" id=\"berechnung-nutzungsausfall-mietwagenkosten\">Berechnung \u201eNutzungsausfall\/Mietwagenkosten\u201c<\/h3>\n\n\n\n<ul class=\"wp-block-list\">\n<li>Voraussetzung DAT-Abo, Ausgabe Gruppe und Kosten in Ergebnismaske in Verbindung mit Fahrzeugidentifikation per VIN<\/li>\n<\/ul>\n\n\n\n<h3 class=\"wp-block-heading\" id=\"automatischer-abgleich-der-vin-und-des-amtl-kennzeichens\">Automatischer Abgleich der VIN und des amtl. Kennzeichens<\/h3>\n\n\n\n<ul class=\"wp-block-list\">\n<li>Verweis auf bereits bearbeitete Fahrzeuge durch automatischen Abgleich der Fahrgestell-Nr. oder des amtl. Kennzeichens bei Auftragsanlage<\/li>\n<\/ul>\n\n\n\n<h3 class=\"wp-block-heading\" id=\"reifenerfassung\">Reifenerfassung<\/h3>\n\n\n\n<ul class=\"wp-block-list\">\n<li>Serienbereifung aus Fahrzeugidentifikation<\/li>\n\n\n\n<li>Montierte Bereifung aus \u00dcbernahme Serienbereifung bzw. \u00fcber Auswahl aus integriertem Reifeninformationssystem f\u00fcr Krad, PKW, LLKW, LKW, Erd- und Baumaschinen<\/li>\n\n\n\n<li>Reifen- Dimension, Verkaufsbezeichnung, VK- Preis, Reifen- und Profil-Fotos<\/li>\n\n\n\n<li>Technische Zusatzinformationen<\/li>\n<\/ul>\n\n\n\n<h3 class=\"wp-block-heading\" id=\"daten-der-fahrzeugbesichtigung\">Daten der Fahrzeugbesichtigung<\/h3>\n\n\n\n<ul class=\"wp-block-list\">\n<li>Besichtigungstermine, Orte und Beteiligte,<\/li>\n\n\n\n<li>Beschreibung Fahrzeugzustand (Allgemein, Karosserie, Fahrwerk, Lack),<\/li>\n\n\n\n<li>Vor- Altsch\u00e4den und sonstige Bemerkungen<\/li>\n\n\n\n<li>Erfassung Lackschichtdicke<\/li>\n\n\n\n<li>Erfassung der Besch\u00e4digungszonen auf Grafik<\/li>\n<\/ul>\n\n\n\n<h3 class=\"wp-block-heading\" id=\"fotobearbeitung\">Fotobearbeitung<\/h3>\n\n\n\n<ul class=\"wp-block-list\">\n<li>Fotoimport lokal von Festplatte oder Speicherkarte (Digitalkamera) und optional mobil direkt \u00fcber Smartphone und Tablet in den Vorgang<\/li>\n\n\n\n<li>Fotobearbeitung (Helligkeit, Kontrast, Gammakorrektur, Text, Bereich abdecken, Pfeile, Foto drehen usw.)<\/li>\n\n\n\n<li>Ablage, Sortierung und Zuordnung zum Gutachten bzw. zur Restwertb\u00f6rse<\/li>\n\n\n\n<li>Automatische Anonymisierung (Kennzeichen-Schilder, Personen) auf Fotos f\u00fcr Restwertb\u00f6rsen.<\/li>\n<\/ul>\n\n\n\n<h3 class=\"wp-block-heading\" id=\"adressenerfassung\">Adressenerfassung<\/h3>\n\n\n\n<ul class=\"wp-block-list\">\n<li>Manuell oder durch Import aus den Adress-Stammdaten<\/li>\n\n\n\n<li>Adress-Stammdaten mit Namen, Anschrift, sonstige Kontaktinformationen, Ansprechpartner und bei Werkst\u00e4tten, Stundenverrechnungss\u00e4tze und sonstige Kalkulationsfaktoren<\/li>\n<\/ul>\n\n\n\n<h3 class=\"wp-block-heading\" id=\"zusammenfassung-ergebnisse\">Zusammenfassung, Ergebnisse<\/h3>\n\n\n\n<ul class=\"wp-block-list\">\n<li>Zusammenf\u00fchrung aller ermittelten Ergebnisse in einer Oberfl\u00e4che<\/li>\n\n\n\n<li>Grafische Gegen\u00fcberstellung von Reparaturkosten, Wiederbeschaffungswert und Restwert<\/li>\n<\/ul>\n\n\n\n<h3 class=\"wp-block-heading\" id=\"textbaustein-verwaltung\">Textbaustein-Verwaltung<\/h3>\n\n\n\n<ul class=\"wp-block-list\">\n<li>Erfassen, \u00c4ndern, Gruppieren im Bereich Textstammdaten f\u00fcr:\n<ul class=\"wp-block-list\">\n<li>Sonstige Anschreiben.<\/li>\n<\/ul>\n<\/li>\n\n\n\n<li>Textbausteine sind per Feldfunktion mit Auftrags-, Adress-, Fahrzeug und Ergebnisdaten verkn\u00fcpft.<\/li>\n\n\n\n<li>Textbausteine k\u00f6nnen aus den Stammdaten in sonstige Anschreiben eingef\u00fcgt und dort ge\u00e4ndert werden.<\/li>\n<\/ul>\n\n\n\n<h3 class=\"wp-block-heading\" id=\"dokumentvorlagen\">Dokumentvorlagen<\/h3>\n\n\n\n<ul class=\"wp-block-list\">\n<li>Standard-Layouts (Anschreiben, Abtretungserkl\u00e4rung, Werkstattinfo) im Lieferumfang enthalten.<\/li>\n\n\n\n<li>Nach Erfassung B\u00fcroanschrift sind Standard-Layouts sofort einsatzf\u00e4hig.<\/li>\n\n\n\n<li>Individuelle Layouts (z.B. Integration des Firmen-Briefpapiers) werden bei Bedarf nach Kundenvorgaben erstellt.<\/li>\n<\/ul>\n\n\n\n<h3 class=\"wp-block-heading\" id=\"dokumenterzeugung-und-ablage\"><strong>Dokumenterzeugung und Ablage<\/strong><\/h3>\n\n\n\n<ul class=\"wp-block-list\">\n<li>im Auftrag mit Druck und\/oder Versand und Dokumentablage geordnet nach Beteiligten\/Empf\u00e4nger, Datum und Uhrzeit<\/li>\n\n\n\n<li>Optionale Funktionen:\n<ul class=\"wp-block-list\">\n<li>Zusammenf\u00fchrung von mehreren Dokumenten zu einem PDF<\/li>\n\n\n\n<li>Einbindung beliebiger sonstiger PDF-Dokumente und Fotos<\/li>\n\n\n\n<li>Wasserzeichen im Dokument<\/li>\n\n\n\n<li>Ausdruck im Layout \u201eOriginal\u201c oder \u201eKopie\u201c<\/li>\n\n\n\n<li>Sonstige Anschreiben k\u00f6nnen vor dem Druck bearbeitet werden.<\/li>\n<\/ul>\n<\/li>\n\n\n\n<li>Dokumentablage f\u00fcr beliebig weitere externe Dokumente zum Auftrag (z.B. Handakte\/sonstiger Schriftverkehr)<\/li>\n<\/ul>\n\n\n\n<h3 class=\"wp-block-heading\" id=\"buroverwaltung\">B\u00fcroverwaltung<\/h3>\n\n\n\n<ul class=\"wp-block-list\">\n<li>Einrichtung weiterer B\u00fcros<\/li>\n\n\n\n<li>Einrichtung der Struktur von Auftrags-Nr.<\/li>\n<\/ul>\n\n\n\n<h3 class=\"wp-block-heading\" id=\"integration-tablet-und-smartphone\">Integration Tablet und Smartphone<\/h3>\n\n\n\n<ul class=\"wp-block-list\">\n<li>APP f\u00fcr Android und iOS<\/li>\n\n\n\n<li>Der Benutzer kann ohne Einschr\u00e4nkung auf beliebig vielen Endger\u00e4ten arbeiten.<\/li>\n\n\n\n<li>Komplette Fahrzeugbesichtigung auf Tablet<\/li>\n\n\n\n<li>Foto aufnehmen<\/li>\n\n\n\n<li>Abtretungserkl\u00e4rung erzeugen und unterzeichnen.<\/li>\n\n\n\n<li>Grafische Schadenbearbeitung (SilverDAT 3) direkt auf Tablet<\/li>\n<\/ul>\n<\/div>\n\n\n\n<div class=\"wp-block-group alignfull styled-ghostkit-icon-box has-custom-3-background-color has-background has-global-padding is-layout-constrained wp-container-core-group-is-layout-a151063b wp-block-group-is-layout-constrained\" style=\"padding-top:var(--wp--preset--spacing--50);padding-right:var(--wp--preset--spacing--40);padding-bottom:var(--wp--preset--spacing--50);padding-left:var(--wp--preset--spacing--40)\">\n<h2 class=\"wp-block-heading has-text-align-center has-white-color has-text-color has-link-color wp-elements-50934fb99e4f474708cce11553688ad9\" id=\"module-von-dynarex\">Module von DYNAREX<\/h2>\n\n\n\n<div style=\"height:50px\" aria-hidden=\"true\" class=\"wp-block-spacer ghostkit-d-lg-none\"><\/div>\n\n\n\n<div class=\"ghostkit-grid ghostkit-grid-gap-md\"><div class=\"ghostkit-grid-inner\">\n<div class=\"ghostkit-col ghostkit-col-md-12 ghostkit-col-6\"><div class=\"ghostkit-col-content is-layout-flow wp-block-ghostkit-grid-column-is-layout-flow\">\n<div class=\"ghostkit-icon-box ghostkit-icon-box-with-link ghostkit-custom-Z2nymKA\"><a class=\"ghostkit-icon-box-link\" href=\"https:\/\/dynarex.de\/de\/kfz-gutachter-software\/dynarex-core\/\"><span><\/span><\/a><div class=\"ghostkit-icon-box-icon ghostkit-icon-box-icon-align-right\"><svg class=\"ghostkit-svg-icon\" width=\"24\" height=\"24\" viewBox=\"0 0 24 24\" fill=\"none\" xmlns=\"http:\/\/www.w3.org\/2000\/svg\"><path fill-rule=\"evenodd\" clip-rule=\"evenodd\" d=\"M9.21967 6.2197C9.51256 5.9268 9.98744 5.9268 10.2803 6.2197L15.5303 11.4697C15.8232 11.7626 15.8232 12.2374 15.5303 12.5303L10.2803 17.7803C9.98744 18.0732 9.51256 18.0732 9.21967 17.7803C8.92678 17.4874 8.92678 17.0126 9.21967 16.7197L13.9393 12L9.21967 7.2803C8.92678 6.9874 8.92678 6.5126 9.21967 6.2197Z\" fill=\"currentColor\"\/><\/svg><\/div><div class=\"ghostkit-icon-box-content is-layout-flow wp-block-ghostkit-icon-box-is-layout-flow\">\n<h3 class=\"wp-block-heading\" id=\"dynarex-core\">DYNAREX&nbsp;<em>core<\/em><\/h3>\n\n\n\n<p>Das&nbsp;Basissystem f\u00fcr die Schadenaufnahme inkl. Fahrzeugidentifikation, &nbsp;Kalkulation und Fahrzeugbewertung<\/p>\n<\/div><\/div>\n<\/div><\/div>\n\n\n\n<div class=\"ghostkit-col ghostkit-col-md-12 ghostkit-col-6\"><div class=\"ghostkit-col-content is-layout-flow wp-block-ghostkit-grid-column-is-layout-flow\">\n<div class=\"ghostkit-icon-box ghostkit-icon-box-with-link ghostkit-custom-Z1Ly9vK\"><a class=\"ghostkit-icon-box-link\" href=\"https:\/\/dynarex.de\/de\/kfz-gutachter-software\/dynarex-plus\/\"><span><\/span><\/a><div class=\"ghostkit-icon-box-icon ghostkit-icon-box-icon-align-right\"><svg class=\"ghostkit-svg-icon\" width=\"24\" height=\"24\" viewBox=\"0 0 24 24\" fill=\"none\" xmlns=\"http:\/\/www.w3.org\/2000\/svg\"><path fill-rule=\"evenodd\" clip-rule=\"evenodd\" d=\"M9.21967 6.2197C9.51256 5.9268 9.98744 5.9268 10.2803 6.2197L15.5303 11.4697C15.8232 11.7626 15.8232 12.2374 15.5303 12.5303L10.2803 17.7803C9.98744 18.0732 9.51256 18.0732 9.21967 17.7803C8.92678 17.4874 8.92678 17.0126 9.21967 16.7197L13.9393 12L9.21967 7.2803C8.92678 6.9874 8.92678 6.5126 9.21967 6.2197Z\" fill=\"currentColor\"\/><\/svg><\/div><div class=\"ghostkit-icon-box-content is-layout-flow wp-block-ghostkit-icon-box-is-layout-flow\">\n<h3 class=\"wp-block-heading\" id=\"dynarex-plus\">DYNAREX&nbsp;<em>plus<\/em><\/h3>\n\n\n\n<p>F\u00fcr die Erstellung von Gutachten, Workflowsteuerung, Restwert-, Marktwertermittlung, E-Mail, Connect portal und elektronische Unterschrift<\/p>\n<\/div><\/div>\n<\/div><\/div>\n\n\n\n<div class=\"ghostkit-col ghostkit-col-md-12 ghostkit-col-6\"><div class=\"ghostkit-col-content is-layout-flow wp-block-ghostkit-grid-column-is-layout-flow\">\n<div class=\"ghostkit-icon-box ghostkit-icon-box-with-link ghostkit-custom-Zj0FK8\"><a class=\"ghostkit-icon-box-link\" href=\"https:\/\/dynarex.de\/de\/kfz-gutachter-software\/dynarex-anywhere\/\"><span><\/span><\/a><div class=\"ghostkit-icon-box-icon ghostkit-icon-box-icon-align-right\"><svg class=\"ghostkit-svg-icon\" width=\"24\" height=\"24\" viewBox=\"0 0 24 24\" fill=\"none\" xmlns=\"http:\/\/www.w3.org\/2000\/svg\"><path fill-rule=\"evenodd\" clip-rule=\"evenodd\" d=\"M9.21967 6.2197C9.51256 5.9268 9.98744 5.9268 10.2803 6.2197L15.5303 11.4697C15.8232 11.7626 15.8232 12.2374 15.5303 12.5303L10.2803 17.7803C9.98744 18.0732 9.51256 18.0732 9.21967 17.7803C8.92678 17.4874 8.92678 17.0126 9.21967 16.7197L13.9393 12L9.21967 7.2803C8.92678 6.9874 8.92678 6.5126 9.21967 6.2197Z\" fill=\"currentColor\"\/><\/svg><\/div><div class=\"ghostkit-icon-box-content is-layout-flow wp-block-ghostkit-icon-box-is-layout-flow\">\n<h3 class=\"wp-block-heading\" id=\"dynarex-anywhere\">DYNAREX&nbsp;<em>anywhere*<\/em><\/h3>\n\n\n\n<p>F\u00fcr die mobile&nbsp;Schadenaufnahme ohne Internetverbindung.<\/p>\n<\/div><\/div>\n<\/div><\/div>\n\n\n\n<div class=\"ghostkit-col ghostkit-col-md-12 ghostkit-col-6\"><div class=\"ghostkit-col-content is-layout-flow wp-block-ghostkit-grid-column-is-layout-flow\">\n<div class=\"ghostkit-icon-box ghostkit-icon-box-with-link ghostkit-custom-18vLeM\"><a class=\"ghostkit-icon-box-link\" href=\"https:\/\/dynarex.de\/de\/kfz-gutachter-software\/dynarex-invoice\/\"><span><\/span><\/a><div class=\"ghostkit-icon-box-icon ghostkit-icon-box-icon-align-right\"><svg class=\"ghostkit-svg-icon\" width=\"24\" height=\"24\" viewBox=\"0 0 24 24\" fill=\"none\" xmlns=\"http:\/\/www.w3.org\/2000\/svg\"><path fill-rule=\"evenodd\" clip-rule=\"evenodd\" d=\"M9.21967 6.2197C9.51256 5.9268 9.98744 5.9268 10.2803 6.2197L15.5303 11.4697C15.8232 11.7626 15.8232 12.2374 15.5303 12.5303L10.2803 17.7803C9.98744 18.0732 9.51256 18.0732 9.21967 17.7803C8.92678 17.4874 8.92678 17.0126 9.21967 16.7197L13.9393 12L9.21967 7.2803C8.92678 6.9874 8.92678 6.5126 9.21967 6.2197Z\" fill=\"currentColor\"\/><\/svg><\/div><div class=\"ghostkit-icon-box-content is-layout-flow wp-block-ghostkit-icon-box-is-layout-flow\">\n<h3 class=\"wp-block-heading\" id=\"dynarex-invoice\">DYNAREX&nbsp;<em>invoice<\/em><\/h3>\n\n\n\n<p>F\u00fcr Rechnungswesen <br>und Honorartabellen<\/p>\n<\/div><\/div>\n<\/div><\/div>\n\n\n\n<div class=\"ghostkit-col ghostkit-col-md-12 ghostkit-col-6\"><div class=\"ghostkit-col-content is-layout-flow wp-block-ghostkit-grid-column-is-layout-flow\">\n<div class=\"ghostkit-icon-box ghostkit-icon-box-with-link ghostkit-custom-Qdh7N\"><a class=\"ghostkit-icon-box-link\" href=\"https:\/\/dynarex.de\/de\/kfz-gutachter-software\/dynarex-payment\/\"><span><\/span><\/a><div class=\"ghostkit-icon-box-icon ghostkit-icon-box-icon-align-right\"><svg class=\"ghostkit-svg-icon\" width=\"24\" height=\"24\" viewBox=\"0 0 24 24\" fill=\"none\" xmlns=\"http:\/\/www.w3.org\/2000\/svg\"><path fill-rule=\"evenodd\" clip-rule=\"evenodd\" d=\"M9.21967 6.2197C9.51256 5.9268 9.98744 5.9268 10.2803 6.2197L15.5303 11.4697C15.8232 11.7626 15.8232 12.2374 15.5303 12.5303L10.2803 17.7803C9.98744 18.0732 9.51256 18.0732 9.21967 17.7803C8.92678 17.4874 8.92678 17.0126 9.21967 16.7197L13.9393 12L9.21967 7.2803C8.92678 6.9874 8.92678 6.5126 9.21967 6.2197Z\" fill=\"currentColor\"\/><\/svg><\/div><div class=\"ghostkit-icon-box-content is-layout-flow wp-block-ghostkit-icon-box-is-layout-flow\">\n<h3 class=\"wp-block-heading\" id=\"dynarex-payment\">DYNAREX&nbsp;<em>payment*<\/em><\/h3>\n\n\n\n<p>F\u00fcr Zahlungseingang, Mahnwesen,&nbsp;Sammelrechnungen und&nbsp;DATEV-Schnittstelle<\/p>\n<\/div><\/div>\n<\/div><\/div>\n\n\n\n<div class=\"ghostkit-col ghostkit-col-md-12 ghostkit-col-6\"><div class=\"ghostkit-col-content is-layout-flow wp-block-ghostkit-grid-column-is-layout-flow\">\n<div class=\"ghostkit-icon-box ghostkit-icon-box-with-link ghostkit-custom-U7dmA\"><a class=\"ghostkit-icon-box-link\" href=\"https:\/\/dynarex.de\/de\/kfz-gutachter-software\/dynarex-intake\/\"><span><\/span><\/a><div class=\"ghostkit-icon-box-icon ghostkit-icon-box-icon-align-right\"><svg class=\"ghostkit-svg-icon\" width=\"24\" height=\"24\" viewBox=\"0 0 24 24\" fill=\"none\" xmlns=\"http:\/\/www.w3.org\/2000\/svg\"><path fill-rule=\"evenodd\" clip-rule=\"evenodd\" d=\"M9.21967 6.2197C9.51256 5.9268 9.98744 5.9268 10.2803 6.2197L15.5303 11.4697C15.8232 11.7626 15.8232 12.2374 15.5303 12.5303L10.2803 17.7803C9.98744 18.0732 9.51256 18.0732 9.21967 17.7803C8.92678 17.4874 8.92678 17.0126 9.21967 16.7197L13.9393 12L9.21967 7.2803C8.92678 6.9874 8.92678 6.5126 9.21967 6.2197Z\" fill=\"currentColor\"\/><\/svg><\/div><div class=\"ghostkit-icon-box-content is-layout-flow wp-block-ghostkit-icon-box-is-layout-flow\">\n<h3 class=\"wp-block-heading\" id=\"dynarex-org\">DYNAREX&nbsp;<em>intake*<\/em><\/h3>\n\n\n\n<p>F\u00fcr Leasingr\u00fccknahme <br>und Zustandsbewertung<\/p>\n<\/div><\/div>\n<\/div><\/div>\n<\/div><\/div>\n\n\n\n<p class=\"has-white-color has-text-color has-link-color has-small-font-size wp-elements-897aaf0cffac40a57aa8e8e98f7911e0\">* Nicht enthalten in \u201eDYNAREX on Demand\u201c und \u201eDYNAREX GT\u00dc on Demand\u201c<\/p>\n<\/div>\n\n\n\n<div class=\"wp-block-group alignfull has-custom-4-background-color has-background has-global-padding is-layout-constrained wp-block-group-is-layout-constrained\">\n<h3 class=\"wp-block-heading has-text-align-center has-white-color has-text-color has-link-color wp-elements-c0520817c998573a4b0b8439bd88c284\" id=\"individuelle-beratung-und-prasentation\">Individuelle Beratung und Pr\u00e4sentation<\/h3>\n\n\n\n<div style=\"height:25px\" aria-hidden=\"true\" class=\"wp-block-spacer\"><\/div>\n\n\n\n<div class=\"wp-block-group is-content-justification-center is-nowrap is-layout-flex wp-container-core-group-is-layout-23441af8 wp-block-group-is-layout-flex\">\n<div class=\"ghostkit-button-wrapper ghostkit-button-wrapper-gap-md\"><div class=\"ghostkit-button-wrapper-inner\">\n<a class=\"ghostkit-button ghostkit-button-md\" href=\"https:\/\/dynarex.de\/de\/praesentation\/\"><span class=\"ghostkit-button-icon ghostkit-button-icon-right\"><svg class=\"ghostkit-svg-icon\" width=\"24\" height=\"24\" viewBox=\"0 0 24 24\" fill=\"none\" xmlns=\"http:\/\/www.w3.org\/2000\/svg\"><path fill-rule=\"evenodd\" clip-rule=\"evenodd\" d=\"M9.21967 6.2197C9.51256 5.9268 9.98744 5.9268 10.2803 6.2197L15.5303 11.4697C15.8232 11.7626 15.8232 12.2374 15.5303 12.5303L10.2803 17.7803C9.98744 18.0732 9.51256 18.0732 9.21967 17.7803C8.92678 17.4874 8.92678 17.0126 9.21967 16.7197L13.9393 12L9.21967 7.2803C8.92678 6.9874 8.92678 6.5126 9.21967 6.2197Z\" fill=\"currentColor\"\/><\/svg><\/span><span class=\"ghostkit-button-text\">Beratungstermin vereinbaren<\/span><\/a>\n<\/div><\/div>\n<\/div>\n\n\n\n<p class=\"has-text-align-center ghostkit-custom-Z1I6YgX has-white-color has-text-color has-link-color wp-elements-2cd06ab359e0102c7ae1f720a2941b97\">kostenlos &amp; unverbindlich<\/p>\n<\/div>\n","protected":false},"excerpt":{"rendered":"<p>Modul DYNAREX Core Das Basismodul insbesondere f\u00fcr Kalkulation und Bewertung sowie mobile Schadenaufnahme Auftragsbearbeitung Fahrzeugidentifikation DAT (SilverDAT 3) und Audatex (QapterClaims) Fahrzeugschein-Scan \u2013 Ein Foto gen\u00fcgt. Kalkulation der Reparaturkosten mit DAT (SilverDAT 3) und Audatex (QapterClaims) Import von Kalkulationen aus AudaPad III (Audatex) Gebrauchtfahrzeugbewertung DAT (SilverDat 3) Berechnung \u201eMerkantiler Minderwert\u201c Berechnung \u201eNutzungsausfall\/Mietwagenkosten\u201c Automatischer Abgleich der [&hellip;]<\/p>\n","protected":false},"author":7,"featured_media":0,"parent":370,"menu_order":0,"comment_status":"closed","ping_status":"closed","template":"","meta":{"ghostkit_customizer_options":"","ghostkit_custom_css":"","ghostkit_custom_js_head":"","ghostkit_custom_js_foot":"","ghostkit_typography":"","footnotes":""},"class_list":["post-1018","page","type-page","status-publish","hentry"],"_links":{"self":[{"href":"https:\/\/dynarex.de\/de\/wp-json\/wp\/v2\/pages\/1018","targetHints":{"allow":["GET"]}}],"collection":[{"href":"https:\/\/dynarex.de\/de\/wp-json\/wp\/v2\/pages"}],"about":[{"href":"https:\/\/dynarex.de\/de\/wp-json\/wp\/v2\/types\/page"}],"author":[{"embeddable":true,"href":"https:\/\/dynarex.de\/de\/wp-json\/wp\/v2\/users\/7"}],"replies":[{"embeddable":true,"href":"https:\/\/dynarex.de\/de\/wp-json\/wp\/v2\/comments?post=1018"}],"version-history":[{"count":3,"href":"https:\/\/dynarex.de\/de\/wp-json\/wp\/v2\/pages\/1018\/revisions"}],"predecessor-version":[{"id":1036,"href":"https:\/\/dynarex.de\/de\/wp-json\/wp\/v2\/pages\/1018\/revisions\/1036"}],"up":[{"embeddable":true,"href":"https:\/\/dynarex.de\/de\/wp-json\/wp\/v2\/pages\/370"}],"wp:attachment":[{"href":"https:\/\/dynarex.de\/de\/wp-json\/wp\/v2\/media?parent=1018"}],"curies":[{"name":"wp","href":"https:\/\/api.w.org\/{rel}","templated":true}]}}